{"id":58577,"date":"2020-12-09T12:36:15","date_gmt":"2020-12-09T18:36:15","guid":{"rendered":"https:\/\/portalsej.jalisco.gob.mx\/recrea-academy\/2020\/?page_id=58577"},"modified":"2021-01-06T12:53:40","modified_gmt":"2021-01-06T18:53:40","slug":"certificado","status":"publish","type":"page","link":"https:\/\/recreaacademy.jalisco.gob.mx\/2020\/?page_id=58577","title":{"rendered":"Constancia"},"content":{"rendered":"<p>[et_pb_section fb_built=&#8221;1&#8243; _builder_version=&#8221;4.7.4&#8243; _module_preset=&#8221;default&#8221; background_color=&#8221;#f9f9f9&#8243; da_is_popup=&#8221;off&#8221; da_exit_intent=&#8221;off&#8221; da_has_close=&#8221;on&#8221; da_alt_close=&#8221;off&#8221; da_dark_close=&#8221;off&#8221; da_not_modal=&#8221;on&#8221; da_is_singular=&#8221;off&#8221; da_with_loader=&#8221;off&#8221; da_has_shadow=&#8221;on&#8221; da_disable_devices=&#8221;off|off|off&#8221;][et_pb_row _builder_version=&#8221;4.7.4&#8243; _module_preset=&#8221;default&#8221;][et_pb_column type=&#8221;4_4&#8243; _builder_version=&#8221;4.7.4&#8243; _module_preset=&#8221;default&#8221;][et_pb_text _builder_version=&#8221;4.7.4&#8243; _dynamic_attributes=&#8221;content&#8221; _module_preset=&#8221;default&#8221; header_font=&#8221;|700|||||||&#8221; header_text_color=&#8221;#e7004c&#8221; header_font_size=&#8221;40px&#8221; text_orientation=&#8221;center&#8221;]@ET-DC@eyJkeW5hbWljIjp0cnVlLCJjb250ZW50IjoicG9zdF90aXRsZSIsInNldHRpbmdzIjp7ImJlZm9yZSI6IjxoMT4iLCJhZnRlciI6IjwvaDE+In19@[\/et_pb_text][et_pb_text _builder_version=&#8221;4.7.4&#8243; _module_preset=&#8221;default&#8221; text_orientation=&#8221;center&#8221;]Ay\u00fadanos a llenar los siguientes campos para finalizar con la entrega de tu constancia.[\/et_pb_text][\/et_pb_column][\/et_pb_row][\/et_pb_section][et_pb_section fb_built=&#8221;1&#8243; admin_label=&#8221;Popup &#8211; #undefined&#8221; _builder_version=&#8221;4.7.4&#8243; _module_preset=&#8221;default&#8221; custom_margin=&#8221;0px||0px||false|false&#8221; custom_padding=&#8221;0px||0px||false|false&#8221; da_is_popup=&#8221;off&#8221; da_exit_intent=&#8221;off&#8221; da_has_close=&#8221;on&#8221; da_alt_close=&#8221;off&#8221; da_dark_close=&#8221;off&#8221; da_not_modal=&#8221;on&#8221; da_is_singular=&#8221;off&#8221; da_with_loader=&#8221;off&#8221; da_has_shadow=&#8221;on&#8221; da_disable_devices=&#8221;off|off|off&#8221;][et_pb_row _builder_version=&#8221;4.7.4&#8243; _module_preset=&#8221;default&#8221; custom_margin=&#8221;||0px||false|false&#8221; custom_padding=&#8221;||0px||false|false&#8221;][et_pb_column type=&#8221;4_4&#8243; _builder_version=&#8221;4.7.4&#8243; _module_preset=&#8221;default&#8221;][et_pb_blurb use_icon=&#8221;on&#8221; font_icon=&#8221;%%216%%&#8221; icon_placement=&#8221;left&#8221; _builder_version=&#8221;4.7.4&#8243; _module_preset=&#8221;default&#8221;]El n\u00famero de pedido lo puedes encontrar en el correo de confirmaci\u00f3n que te lleg\u00f3 cuando te registraste.[\/et_pb_blurb][et_pb_image src=&#8221;https:\/\/portalsej.jalisco.gob.mx\/recrea-academy\/2020\/wp-content\/uploads\/2020\/12\/recrea-academy-2020-certificado-info-001.jpg&#8221; show_in_lightbox=&#8221;on&#8221; align=&#8221;center&#8221; _builder_version=&#8221;4.7.4&#8243; _module_preset=&#8221;default&#8221; module_alignment=&#8221;center&#8221;][\/et_pb_image][\/et_pb_column][\/et_pb_row][\/et_pb_section][et_pb_section fb_built=&#8221;1&#8243; _builder_version=&#8221;4.7.4&#8243; _module_preset=&#8221;default&#8221; da_is_popup=&#8221;off&#8221; da_exit_intent=&#8221;off&#8221; da_has_close=&#8221;on&#8221; da_alt_close=&#8221;off&#8221; da_dark_close=&#8221;off&#8221; da_not_modal=&#8221;on&#8221; da_is_singular=&#8221;off&#8221; da_with_loader=&#8221;off&#8221; da_has_shadow=&#8221;on&#8221; da_disable_devices=&#8221;off|off|off&#8221;][et_pb_row _builder_version=&#8221;4.7.4&#8243; _module_preset=&#8221;default&#8221;][et_pb_column type=&#8221;4_4&#8243; _builder_version=&#8221;4.7.4&#8243; _module_preset=&#8221;default&#8221;][et_pb_text _builder_version=&#8221;4.7.4&#8243; _module_preset=&#8221;default&#8221; text_orientation=&#8221;center&#8221;]<iframe loading=\"lazy\" style=\"width: 100%; height: 250px; overflow: hidden;\" src=\"https:\/\/portalsej.jalisco.gob.mx\/recrea-academy\/2020\/constanciaacademy\/\" width=\"100\" height=\"100\" scrolling=\"no\" data-hj-allow-iframe=\"\">Necesitas habilitar los iframes para ver el contenido.<\/iframe>[\/et_pb_text][\/et_pb_column][\/et_pb_row][\/et_pb_section][et_pb_section fb_built=&#8221;1&#8243; admin_label=&#8221;Popup &#8211; #undefined&#8221; _builder_version=&#8221;4.7.4&#8243; _module_preset=&#8221;default&#8221; background_color=&#8221;#f9f9f9&#8243; da_is_popup=&#8221;off&#8221; da_exit_intent=&#8221;off&#8221; da_has_close=&#8221;on&#8221; da_alt_close=&#8221;off&#8221; da_dark_close=&#8221;off&#8221; da_not_modal=&#8221;on&#8221; da_is_singular=&#8221;off&#8221; da_with_loader=&#8221;off&#8221; da_has_shadow=&#8221;on&#8221; da_disable_devices=&#8221;off|off|off&#8221;][et_pb_row _builder_version=&#8221;4.7.4&#8243; _module_preset=&#8221;default&#8221;][et_pb_column type=&#8221;4_4&#8243; _builder_version=&#8221;4.7.4&#8243; _module_preset=&#8221;default&#8221;][et_pb_blurb use_icon=&#8221;on&#8221; font_icon=&#8221;%%109%%&#8221; icon_color=&#8221;#ffffff&#8221; use_circle=&#8221;on&#8221; _builder_version=&#8221;4.7.4&#8243; _module_preset=&#8221;default&#8221; body_text_align=&#8221;center&#8221;]<\/p>\n<p>Si tienes dudas o problemas con tu constancia por favor escr\u00edbenos a: <a href=\"mailto:recrea.academy.sej@gmail.com\">recrea.academy.sej@gmail.com<\/a><\/p>\n<p>[\/et_pb_blurb][\/et_pb_column][\/et_pb_row][\/et_pb_section]<\/p>\n","protected":false},"excerpt":{"rendered":"<p>[et_pb_section fb_built=&#8221;1&#8243; _builder_version=&#8221;4.7.4&#8243; _module_preset=&#8221;default&#8221; background_color=&#8221;#f9f9f9&#8243; da_is_popup=&#8221;off&#8221; da_exit_intent=&#8221;off&#8221; da_has_close=&#8221;on&#8221; da_alt_close=&#8221;off&#8221; da_dark_close=&#8221;off&#8221; da_not_modal=&#8221;on&#8221; da_is_singular=&#8221;off&#8221; da_with_loader=&#8221;off&#8221; da_has_shadow=&#8221;on&#8221; da_disable_devices=&#8221;off|off|off&#8221;][et_pb_row _builder_version=&#8221;4.7.4&#8243; _module_preset=&#8221;default&#8221;][et_pb_column type=&#8221;4_4&#8243; _builder_version=&#8221;4.7.4&#8243; _module_preset=&#8221;default&#8221;][et_pb_text _builder_version=&#8221;4.7.4&#8243; _dynamic_attributes=&#8221;content&#8221; _module_preset=&#8221;default&#8221; header_font=&#8221;|700|||||||&#8221; header_text_color=&#8221;#e7004c&#8221; header_font_size=&#8221;40px&#8221; text_orientation=&#8221;center&#8221;]@ET-DC@eyJkeW5hbWljIjp0cnVlLCJjb250ZW50IjoicG9zdF90aXRsZSIsInNldHRpbmdzIjp7ImJlZm9yZSI6IjxoMT4iLCJhZnRlciI6IjwvaDE+In19@[\/et_pb_text][et_pb_text _builder_version=&#8221;4.7.4&#8243; _module_preset=&#8221;default&#8221; text_orientation=&#8221;center&#8221;]Ay\u00fadanos a llenar los siguientes campos para finalizar con la entrega de tu constancia.[\/et_pb_text][\/et_pb_column][\/et_pb_row][\/et_pb_section][et_pb_section fb_built=&#8221;1&#8243; admin_label=&#8221;Popup &#8211; #undefined&#8221; _builder_version=&#8221;4.7.4&#8243; _module_preset=&#8221;default&#8221; custom_margin=&#8221;0px||0px||false|false&#8221; custom_padding=&#8221;0px||0px||false|false&#8221; da_is_popup=&#8221;off&#8221; da_exit_intent=&#8221;off&#8221; da_has_close=&#8221;on&#8221; da_alt_close=&#8221;off&#8221; [&hellip;]<\/p>\n","protected":false},"author":1,"featured_media":0,"parent":0,"menu_order":0,"comment_status":"closed","ping_status":"closed","template":"","meta":{"_et_pb_use_builder":"on","_et_pb_old_content":"","_et_gb_content_width":""},"yoast_head":"<!-- This site is optimized with the Yoast SEO plugin v16.1.1 - https:\/\/yoast.com\/wordpress\/plugins\/seo\/ -->\n<title>Constancia | Recrea Academy 2020<\/title>\n<meta name=\"description\" content=\"Aqu\u00ed podr\u00e1s descargar tu constancia virtual de asistencia a la edici\u00f3n Recrea Academy 2020.\" \/>\n<meta property=\"og:locale\" content=\"es_MX\" \/>\n<meta property=\"og:type\" content=\"article\" \/>\n<meta property=\"og:title\" content=\"Constancia | Recrea Academy 2020\" \/>\n<meta property=\"og:description\" content=\"Aqu\u00ed podr\u00e1s descargar tu constancia virtual de asistencia a la edici\u00f3n Recrea Academy 2020.\" \/>\n<meta property=\"og:url\" content=\"https:\/\/recreaacademy.jalisco.gob.mx\/2020\/?page_id=58577\" \/>\n<meta property=\"og:site_name\" content=\"Recrea Academy 2020\" \/>\n<meta property=\"article:publisher\" content=\"https:\/\/www.facebook.com\/educacion.jalisco\/\" \/>\n<meta property=\"article:modified_time\" content=\"2021-01-06T18:53:40+00:00\" \/>\n<meta property=\"og:image\" content=\"https:\/\/recreaacademy.jalisco.gob.mx\/2020\/wp-content\/uploads\/2020\/12\/recrea-academy-2020-banner-rs.png\" \/>\n\t<meta property=\"og:image:width\" content=\"1200\" \/>\n\t<meta property=\"og:image:height\" content=\"675\" \/>\n<meta name=\"twitter:card\" content=\"summary_large_image\" \/>\n<meta name=\"twitter:site\" content=\"@SecEducacionJal\" \/>\n<meta name=\"twitter:label1\" content=\"Tiempo de lectura\">\n\t<meta name=\"twitter:data1\" content=\"3 minutos\">\n<script type=\"application\/ld+json\" class=\"yoast-schema-graph\">{\"@context\":\"https:\/\/schema.org\",\"@graph\":[{\"@type\":\"Organization\",\"@id\":\"https:\/\/recreaacademy.jalisco.gob.mx\/2020\/#organization\",\"name\":\"Secretaria de Educaci\\u00f3n de Jalisco\",\"url\":\"https:\/\/recreaacademy.jalisco.gob.mx\/2020\/\",\"sameAs\":[\"https:\/\/www.facebook.com\/educacion.jalisco\/\",\"https:\/\/twitter.com\/SecEducacionJal\"],\"logo\":{\"@type\":\"ImageObject\",\"@id\":\"https:\/\/recreaacademy.jalisco.gob.mx\/2020\/#logo\",\"inLanguage\":\"es-MX\",\"url\":\"https:\/\/portalsej.jalisco.gob.mx\/recrea-academy\/2020\/wp-content\/uploads\/2020\/11\/recrea-familia-logo-jalisco-educacion.png\",\"contentUrl\":\"https:\/\/portalsej.jalisco.gob.mx\/recrea-academy\/2020\/wp-content\/uploads\/2020\/11\/recrea-familia-logo-jalisco-educacion.png\",\"width\":400,\"height\":400,\"caption\":\"Secretaria de Educaci\\u00f3n de Jalisco\"},\"image\":{\"@id\":\"https:\/\/recreaacademy.jalisco.gob.mx\/2020\/#logo\"}},{\"@type\":\"WebSite\",\"@id\":\"https:\/\/recreaacademy.jalisco.gob.mx\/2020\/#website\",\"url\":\"https:\/\/recreaacademy.jalisco.gob.mx\/2020\/\",\"name\":\"Recrea Academy 2020\",\"description\":\"Dialogar para todos aprender\",\"publisher\":{\"@id\":\"https:\/\/recreaacademy.jalisco.gob.mx\/2020\/#organization\"},\"potentialAction\":[{\"@type\":\"SearchAction\",\"target\":\"https:\/\/recreaacademy.jalisco.gob.mx\/2020\/?s={search_term_string}\",\"query-input\":\"required name=search_term_string\"}],\"inLanguage\":\"es-MX\"},{\"@type\":\"WebPage\",\"@id\":\"https:\/\/recreaacademy.jalisco.gob.mx\/2020\/?page_id=58577#webpage\",\"url\":\"https:\/\/recreaacademy.jalisco.gob.mx\/2020\/?page_id=58577\",\"name\":\"Constancia | Recrea Academy 2020\",\"isPartOf\":{\"@id\":\"https:\/\/recreaacademy.jalisco.gob.mx\/2020\/#website\"},\"datePublished\":\"2020-12-09T18:36:15+00:00\",\"dateModified\":\"2021-01-06T18:53:40+00:00\",\"description\":\"Aqu\\u00ed podr\\u00e1s descargar tu constancia virtual de asistencia a la edici\\u00f3n Recrea Academy 2020.\",\"breadcrumb\":{\"@id\":\"https:\/\/recreaacademy.jalisco.gob.mx\/2020\/?page_id=58577#breadcrumb\"},\"inLanguage\":\"es-MX\",\"potentialAction\":[{\"@type\":\"ReadAction\",\"target\":[\"https:\/\/recreaacademy.jalisco.gob.mx\/2020\/?page_id=58577\"]}]},{\"@type\":\"BreadcrumbList\",\"@id\":\"https:\/\/recreaacademy.jalisco.gob.mx\/2020\/?page_id=58577#breadcrumb\",\"itemListElement\":[{\"@type\":\"ListItem\",\"position\":1,\"item\":{\"@type\":\"WebPage\",\"@id\":\"https:\/\/recreaacademy.jalisco.gob.mx\/2020\/\",\"url\":\"https:\/\/recreaacademy.jalisco.gob.mx\/2020\/\",\"name\":\"Inicio\"}},{\"@type\":\"ListItem\",\"position\":2,\"item\":{\"@type\":\"WebPage\",\"@id\":\"https:\/\/recreaacademy.jalisco.gob.mx\/2020\/?page_id=58577\",\"url\":\"https:\/\/recreaacademy.jalisco.gob.mx\/2020\/?page_id=58577\",\"name\":\"Constancia\"}}]}]}<\/script>\n<!-- \/ Yoast SEO plugin. -->","_links":{"self":[{"href":"https:\/\/recreaacademy.jalisco.gob.mx\/2020\/index.php?rest_route=\/wp\/v2\/pages\/58577"}],"collection":[{"href":"https:\/\/recreaacademy.jalisco.gob.mx\/2020\/index.php?rest_route=\/wp\/v2\/pages"}],"about":[{"href":"https:\/\/recreaacademy.jalisco.gob.mx\/2020\/index.php?rest_route=\/wp\/v2\/types\/page"}],"author":[{"embeddable":true,"href":"https:\/\/recreaacademy.jalisco.gob.mx\/2020\/index.php?rest_route=\/wp\/v2\/users\/1"}],"replies":[{"embeddable":true,"href":"https:\/\/recreaacademy.jalisco.gob.mx\/2020\/index.php?rest_route=%2Fwp%2Fv2%2Fcomments&post=58577"}],"version-history":[{"count":17,"href":"https:\/\/recreaacademy.jalisco.gob.mx\/2020\/index.php?rest_route=\/wp\/v2\/pages\/58577\/revisions"}],"predecessor-version":[{"id":58606,"href":"https:\/\/recreaacademy.jalisco.gob.mx\/2020\/index.php?rest_route=\/wp\/v2\/pages\/58577\/revisions\/58606"}],"wp:attachment":[{"href":"https:\/\/recreaacademy.jalisco.gob.mx\/2020\/index.php?rest_route=%2Fwp%2Fv2%2Fmedia&parent=58577"}],"curies":[{"name":"wp","href":"https:\/\/api.w.org\/{rel}","templated":true}]}}