{"id":60587,"date":"2021-11-19T13:38:02","date_gmt":"2021-11-19T19:38:02","guid":{"rendered":"https:\/\/recreaacademy.jalisco.gob.mx\/2022\/?page_id=60587"},"modified":"2022-11-22T22:04:31","modified_gmt":"2022-11-23T04:04:31","slug":"constancia","status":"publish","type":"page","link":"https:\/\/recreaacademy.jalisco.gob.mx\/2022\/constancia\/","title":{"rendered":"Constancia Recrea Academy 2022"},"content":{"rendered":"<p>[et_pb_section fb_built=\u00bb1&#8243; disabled_on=\u00bbon|on|on\u00bb _builder_version=\u00bb4.18.0&#8243; _module_preset=\u00bbdefault\u00bb da_disable_devices=\u00bboff|off|off\u00bb disabled=\u00bbon\u00bb collapsed=\u00bbon\u00bb global_colors_info=\u00bb{}\u00bb theme_builder_area=\u00bbpost_content\u00bb da_is_popup=\u00bboff\u00bb da_exit_intent=\u00bboff\u00bb da_has_close=\u00bbon\u00bb da_alt_close=\u00bboff\u00bb da_dark_close=\u00bboff\u00bb da_not_modal=\u00bbon\u00bb da_is_singular=\u00bboff\u00bb da_with_loader=\u00bboff\u00bb da_has_shadow=\u00bbon\u00bb][et_pb_row disabled_on=\u00bbon|on|on\u00bb _builder_version=\u00bb4.18.0&#8243; _module_preset=\u00bbdefault\u00bb background_color=\u00bb#E7004C\u00bb border_radii=\u00bbon|5px|5px|5px|5px\u00bb disabled=\u00bbon\u00bb global_colors_info=\u00bb{}\u00bb theme_builder_area=\u00bbpost_content\u00bb][et_pb_column type=\u00bb4_4&#8243; _builder_version=\u00bb4.16&#8243; _module_preset=\u00bbdefault\u00bb global_colors_info=\u00bb{}\u00bb theme_builder_area=\u00bbpost_content\u00bb][et_pb_blurb use_icon=\u00bbon\u00bb font_icon=\u00bb&#xe061;||divi||400&#8243; icon_color=\u00bb#ffffff\u00bb _builder_version=\u00bb4.16&#8243; _module_preset=\u00bbdefault\u00bb custom_margin=\u00bb||0px||false|false\u00bb custom_padding=\u00bb||0px||false|false\u00bb global_colors_info=\u00bb{}\u00bb theme_builder_area=\u00bbpost_content\u00bb][\/et_pb_blurb][et_pb_text _builder_version=\u00bb4.16&#8243; _module_preset=\u00bbdefault\u00bb text_orientation=\u00bbcenter\u00bb background_layout=\u00bbdark\u00bb global_colors_info=\u00bb{}\u00bb theme_builder_area=\u00bbpost_content\u00bb]<\/p>\n<h3>En los pr\u00f3ximos d\u00edas podr\u00e1s descargar tu constancia con el No. de pedido generado con tu registro (presencial o en l\u00ednea).<\/h3>\n<p>[\/et_pb_text][et_pb_image src=\u00bbhttps:\/\/recreaacademy.jalisco.gob.mx\/2022\/wp-content\/uploads\/2021\/11\/recrea-academy-2021-constancia-ejemplo-id-registro-002.jpg\u00bb show_in_lightbox=\u00bbon\u00bb use_overlay=\u00bbon\u00bb hover_icon=\u00bb&#x54;||divi||400&#8243; align=\u00bbcenter\u00bb _builder_version=\u00bb4.16&#8243; _module_preset=\u00bbdefault\u00bb animation_style=\u00bbslide\u00bb animation_direction=\u00bbbottom\u00bb border_radii=\u00bbon|5px|5px|5px|5px\u00bb border_width_all=\u00bb2px\u00bb border_color_all=\u00bb#1D1D1B\u00bb global_colors_info=\u00bb{}\u00bb theme_builder_area=\u00bbpost_content\u00bb][\/et_pb_image][\/et_pb_column][\/et_pb_row][\/et_pb_section][et_pb_section fb_built=\u00bb1&#8243; disabled_on=\u00bboff|off|off\u00bb _builder_version=\u00bb4.18.0&#8243; _module_preset=\u00bbdefault\u00bb background_color=\u00bb#f9f9f9&#8243; custom_margin=\u00bb0px||0px||false|false\u00bb custom_padding=\u00bb0px||0px||false|false\u00bb da_disable_devices=\u00bboff|off|off\u00bb locked=\u00bboff\u00bb collapsed=\u00bboff\u00bb global_colors_info=\u00bb{}\u00bb theme_builder_area=\u00bbpost_content\u00bb da_is_popup=\u00bboff\u00bb da_exit_intent=\u00bboff\u00bb da_has_close=\u00bbon\u00bb da_alt_close=\u00bboff\u00bb da_dark_close=\u00bboff\u00bb da_not_modal=\u00bbon\u00bb da_is_singular=\u00bboff\u00bb da_with_loader=\u00bboff\u00bb da_has_shadow=\u00bbon\u00bb][et_pb_row _builder_version=\u00bb4.18.0&#8243; _module_preset=\u00bbdefault\u00bb hover_enabled=\u00bb0&#8243; global_colors_info=\u00bb{}\u00bb column_structure=\u00bb1_2,1_2&#8243; theme_builder_area=\u00bbpost_content\u00bb make_equal=\u00bbon\u00bb use_custom_gutter=\u00bbon\u00bb sticky_enabled=\u00bb0&#8243;][et_pb_column type=\u00bb1_2&#8243; _builder_version=\u00bb4.18.0&#8243; _module_preset=\u00bbdefault\u00bb hover_enabled=\u00bb0&#8243; custom_css_main_element=\u00bbalign-self: center!important;\u00bb global_colors_info=\u00bb{}\u00bb theme_builder_area=\u00bbpost_content\u00bb sticky_enabled=\u00bb0&#8243;][et_pb_text _builder_version=\u00bb4.18.0&#8243; _module_preset=\u00bbdefault\u00bb text_font=\u00bb|600|||||||\u00bb text_font_size=\u00bb18px\u00bb text_orientation=\u00bbcenter\u00bb global_colors_info=\u00bb{}\u00bb theme_builder_area=\u00bbpost_content\u00bb]<\/p>\n<p>Ay\u00fadanos a llenar los siguientes campos para continuar con la entrega de tu constancia.<\/p>\n<p>[\/et_pb_text][et_pb_blurb use_icon=\u00bbon\u00bb font_icon=\u00bb&#xf05a;||fa||900&#8243; icon_placement=\u00bbleft\u00bb disabled_on=\u00bbon|on|on\u00bb _builder_version=\u00bb4.18.0&#8243; _module_preset=\u00bbdefault\u00bb hover_enabled=\u00bb0&#8243; disabled=\u00bbon\u00bb global_colors_info=\u00bb{}\u00bb theme_builder_area=\u00bbpost_content\u00bb sticky_enabled=\u00bb0&#8243;]<\/p>\n<p>Una vez ingresado tu correo electr\u00f3nico la constancia se descargar\u00e1 en tu dispositivo, verifica tu carpeta de Descargas.<\/p>\n<p>[\/et_pb_blurb][\/et_pb_column][et_pb_column _builder_version=\u00bb4.18.0&#8243; _module_preset=\u00bbdefault\u00bb type=\u00bb1_2&#8243; theme_builder_area=\u00bbpost_content\u00bb hover_enabled=\u00bb0&#8243; sticky_enabled=\u00bb0&#8243; custom_css_main_element=\u00bbalign-self: center!important;\u00bb][et_pb_blurb use_icon=\u00bbon\u00bb font_icon=\u00bb&#xe060;||divi||400&#8243; icon_placement=\u00bbleft\u00bb disabled_on=\u00bboff|off|off\u00bb _builder_version=\u00bb4.18.0&#8243; _module_preset=\u00bbdefault\u00bb hover_enabled=\u00bb0&#8243; global_colors_info=\u00bb{}\u00bb theme_builder_area=\u00bbpost_content\u00bb sticky_enabled=\u00bb0&#8243;]<\/p>\n<p>El n\u00famero de pedido lo puedes encontrar en el correo de confirmaci\u00f3n que te lleg\u00f3 cuando te registraste.<\/p>\n<p>[\/et_pb_blurb][et_pb_image src=\u00bbhttps:\/\/recreaacademy.jalisco.gob.mx\/2022\/wp-content\/uploads\/2022\/11\/Eventbrite-Recrea-Academy-2022.jpg\u00bb title_text=\u00bbEventbrite-Recrea-Academy-2022&#8243; show_in_lightbox=\u00bbon\u00bb align=\u00bbcenter\u00bb disabled_on=\u00bboff|off|off\u00bb _builder_version=\u00bb4.18.0&#8243; _module_preset=\u00bbdefault\u00bb width=\u00bb500px\u00bb width_tablet=\u00bb90%\u00bb width_phone=\u00bb\u00bb width_last_edited=\u00bbon|tablet\u00bb module_alignment=\u00bbcenter\u00bb hover_enabled=\u00bb0&#8243; global_colors_info=\u00bb{}\u00bb theme_builder_area=\u00bbpost_content\u00bb sticky_enabled=\u00bb0&#8243;][\/et_pb_image][\/et_pb_column][\/et_pb_row][\/et_pb_section][et_pb_section fb_built=\u00bb1&#8243; disabled_on=\u00bboff|off|off\u00bb _builder_version=\u00bb4.18.0&#8243; _module_preset=\u00bbdefault\u00bb custom_margin=\u00bb0px||0px||false|false\u00bb custom_padding=\u00bb2vh||0px||false|false\u00bb da_disable_devices=\u00bboff|off|off\u00bb locked=\u00bboff\u00bb collapsed=\u00bbon\u00bb global_colors_info=\u00bb{}\u00bb theme_builder_area=\u00bbpost_content\u00bb da_is_popup=\u00bboff\u00bb da_exit_intent=\u00bboff\u00bb da_has_close=\u00bbon\u00bb da_alt_close=\u00bboff\u00bb da_dark_close=\u00bboff\u00bb da_not_modal=\u00bbon\u00bb da_is_singular=\u00bboff\u00bb da_with_loader=\u00bboff\u00bb da_has_shadow=\u00bbon\u00bb][et_pb_row _builder_version=\u00bb4.18.0&#8243; _module_preset=\u00bbdefault\u00bb global_colors_info=\u00bb{}\u00bb theme_builder_area=\u00bbpost_content\u00bb][et_pb_column type=\u00bb4_4&#8243; _builder_version=\u00bb4.16&#8243; _module_preset=\u00bbdefault\u00bb global_colors_info=\u00bb{}\u00bb theme_builder_area=\u00bbpost_content\u00bb][et_pb_text _builder_version=\u00bb4.18.0&#8243; _module_preset=\u00bbdefault\u00bb text_orientation=\u00bbcenter\u00bb hover_enabled=\u00bb0&#8243; global_colors_info=\u00bb{}\u00bb theme_builder_area=\u00bbpost_content\u00bb sticky_enabled=\u00bb0&#8243;]<iframe loading=\"lazy\" style=\"width: 100%; height: 650px; overflow: hidden;\" src=\"https:\/\/recreaacademy.jalisco.gob.mx\/2022\/constanciaacademy2022\/\" width=\"100\" height=\"100\" scrolling=\"no\" data-hj-allow-iframe=\"\">Necesitas habilitar los iframes para ver el contenido.<\/iframe>[\/et_pb_text][\/et_pb_column][\/et_pb_row][\/et_pb_section][et_pb_section fb_built=\u00bb1&#8243; disabled_on=\u00bboff|off|off\u00bb _builder_version=\u00bb4.16&#8243; _module_preset=\u00bbdefault\u00bb background_color=\u00bb#f9f9f9&#8243; da_disable_devices=\u00bboff|off|off\u00bb locked=\u00bboff\u00bb collapsed=\u00bbon\u00bb global_colors_info=\u00bb{}\u00bb theme_builder_area=\u00bbpost_content\u00bb da_is_popup=\u00bboff\u00bb da_exit_intent=\u00bboff\u00bb da_has_close=\u00bbon\u00bb da_alt_close=\u00bboff\u00bb da_dark_close=\u00bboff\u00bb da_not_modal=\u00bbon\u00bb da_is_singular=\u00bboff\u00bb da_with_loader=\u00bboff\u00bb da_has_shadow=\u00bbon\u00bb][et_pb_row _builder_version=\u00bb4.16&#8243; _module_preset=\u00bbdefault\u00bb global_colors_info=\u00bb{}\u00bb theme_builder_area=\u00bbpost_content\u00bb][et_pb_column type=\u00bb4_4&#8243; _builder_version=\u00bb4.16&#8243; _module_preset=\u00bbdefault\u00bb global_colors_info=\u00bb{}\u00bb theme_builder_area=\u00bbpost_content\u00bb][et_pb_blurb use_icon=\u00bbon\u00bb font_icon=\u00bb&#xe010;||divi||400&#8243; icon_color=\u00bb#ffffff\u00bb image_icon_background_color=\u00bb#e7004c\u00bb image_icon_width=\u00bb48px\u00bb _builder_version=\u00bb4.18.0&#8243; _module_preset=\u00bbdefault\u00bb body_text_align=\u00bbcenter\u00bb image_icon_custom_padding=\u00bb25px|25px|25px|25px|false|false\u00bb border_radii_image=\u00bbon|100%|100%|100%|100%\u00bb use_circle=\u00bbon\u00bb global_colors_info=\u00bb{}\u00bb image_icon_background_color__sticky_enabled=\u00bb#e7004c\u00bb image_icon_background_color__sticky=\u00bb#e7004c\u00bb theme_builder_area=\u00bbpost_content\u00bb]<\/p>\n<p>Si tienes dudas o problemas con tu constancia por favor escr\u00edbenos a: <a href=\"mailto:crm@recrea-academy.mx\">crm@recrea-academy.mx<\/a><\/p>\n<p>[\/et_pb_blurb][\/et_pb_column][\/et_pb_row][\/et_pb_section]<\/p>\n","protected":false},"excerpt":{"rendered":"<p>En los pr\u00f3ximos d\u00edas podr\u00e1s descargar tu constancia con el No. de pedido generado con tu registro (presencial o en l\u00ednea).Ay\u00fadanos a llenar los siguientes campos para continuar con la entrega de tu constancia.Una vez ingresado tu correo electr\u00f3nico la constancia se descargar\u00e1 en tu dispositivo, verifica tu carpeta de Descargas.El n\u00famero de pedido lo [&hellip;]<\/p>\n","protected":false},"author":1,"featured_media":0,"parent":0,"menu_order":0,"comment_status":"closed","ping_status":"closed","template":"","meta":{"_acf_changed":false,"_et_pb_use_builder":"on","_et_pb_old_content":"","_et_gb_content_width":"","footnotes":""},"class_list":["post-60587","page","type-page","status-publish","hentry"],"acf":[],"yoast_head":"<!-- This site is optimized with the Yoast SEO plugin v23.3 - https:\/\/yoast.com\/wordpress\/plugins\/seo\/ -->\n<title>Constancia Recrea Academy 2022 - Recrea Academy 2022<\/title>\n<meta name=\"description\" content=\"Aqu\u00ed podr\u00e1s descargar tu constancia virtual de asistencia a la edici\u00f3n Recrea Academy 2022.\" \/>\n<meta name=\"robots\" content=\"index, follow, max-snippet:-1, max-image-preview:large, max-video-preview:-1\" \/>\n<link rel=\"canonical\" href=\"https:\/\/recreaacademy.jalisco.gob.mx\/2022\/constancia\/\" \/>\n<meta property=\"og:locale\" content=\"es_ES\" \/>\n<meta property=\"og:type\" content=\"article\" \/>\n<meta property=\"og:title\" content=\"Constancia Recrea Academy 2022 - Recrea Academy 2022\" \/>\n<meta property=\"og:description\" content=\"Aqu\u00ed podr\u00e1s descargar tu constancia virtual de asistencia a la edici\u00f3n Recrea Academy 2022.\" \/>\n<meta property=\"og:url\" content=\"https:\/\/recreaacademy.jalisco.gob.mx\/2022\/constancia\/\" \/>\n<meta property=\"og:site_name\" content=\"Recrea Academy 2022\" \/>\n<meta property=\"article:publisher\" content=\"https:\/\/www.facebook.com\/educacion.jalisco\/\" \/>\n<meta property=\"article:modified_time\" content=\"2022-11-23T04:04:31+00:00\" \/>\n<meta property=\"og:image\" content=\"https:\/\/recreaacademy.jalisco.gob.mx\/2022\/wp-content\/uploads\/2022\/09\/ra-2022-banner-rs-001.jpg\" \/>\n\t<meta property=\"og:image:width\" content=\"1280\" \/>\n\t<meta property=\"og:image:height\" content=\"720\" \/>\n\t<meta property=\"og:image:type\" content=\"image\/jpeg\" \/>\n<meta name=\"twitter:card\" content=\"summary_large_image\" \/>\n<meta name=\"twitter:site\" content=\"@SecEducacionJal\" \/>\n<meta name=\"twitter:label1\" content=\"Tiempo de lectura\" \/>\n\t<meta name=\"twitter:data1\" content=\"2 minutos\" \/>\n<script type=\"application\/ld+json\" class=\"yoast-schema-graph\">{\"@context\":\"https:\/\/schema.org\",\"@graph\":[{\"@type\":\"WebPage\",\"@id\":\"https:\/\/recreaacademy.jalisco.gob.mx\/2022\/constancia\/\",\"url\":\"https:\/\/recreaacademy.jalisco.gob.mx\/2022\/constancia\/\",\"name\":\"Constancia Recrea Academy 2022 - Recrea Academy 2022\",\"isPartOf\":{\"@id\":\"https:\/\/recreaacademy.jalisco.gob.mx\/2022\/#website\"},\"datePublished\":\"2021-11-19T19:38:02+00:00\",\"dateModified\":\"2022-11-23T04:04:31+00:00\",\"description\":\"Aqu\u00ed podr\u00e1s descargar tu constancia virtual de asistencia a la edici\u00f3n Recrea Academy 2022.\",\"breadcrumb\":{\"@id\":\"https:\/\/recreaacademy.jalisco.gob.mx\/2022\/constancia\/#breadcrumb\"},\"inLanguage\":\"es\",\"potentialAction\":[{\"@type\":\"ReadAction\",\"target\":[\"https:\/\/recreaacademy.jalisco.gob.mx\/2022\/constancia\/\"]}]},{\"@type\":\"BreadcrumbList\",\"@id\":\"https:\/\/recreaacademy.jalisco.gob.mx\/2022\/constancia\/#breadcrumb\",\"itemListElement\":[{\"@type\":\"ListItem\",\"position\":1,\"name\":\"Inicio\",\"item\":\"https:\/\/recreaacademy.jalisco.gob.mx\/2022\/\"},{\"@type\":\"ListItem\",\"position\":2,\"name\":\"Constancia Recrea Academy 2022\"}]},{\"@type\":\"WebSite\",\"@id\":\"https:\/\/recreaacademy.jalisco.gob.mx\/2022\/#website\",\"url\":\"https:\/\/recreaacademy.jalisco.gob.mx\/2022\/\",\"name\":\"Recrea Academy 2022\",\"description\":\"Recrear la educaci\u00f3n, Recrear el curr\u00edculo, Recrear la escuela y la CAV\",\"publisher\":{\"@id\":\"https:\/\/recreaacademy.jalisco.gob.mx\/2022\/#organization\"},\"potentialAction\":[{\"@type\":\"SearchAction\",\"target\":{\"@type\":\"EntryPoint\",\"urlTemplate\":\"https:\/\/recreaacademy.jalisco.gob.mx\/2022\/?s={search_term_string}\"},\"query-input\":\"required name=search_term_string\"}],\"inLanguage\":\"es\"},{\"@type\":\"Organization\",\"@id\":\"https:\/\/recreaacademy.jalisco.gob.mx\/2022\/#organization\",\"name\":\"Secretaria de Educaci\u00f3n de Jalisco\",\"url\":\"https:\/\/recreaacademy.jalisco.gob.mx\/2022\/\",\"logo\":{\"@type\":\"ImageObject\",\"inLanguage\":\"es\",\"@id\":\"https:\/\/recreaacademy.jalisco.gob.mx\/2022\/#\/schema\/logo\/image\/\",\"url\":\"https:\/\/recreaacademy.jalisco.gob.mx\/2022\/wp-content\/uploads\/2020\/11\/recrea-familia-logo-jalisco-educacion.png\",\"contentUrl\":\"https:\/\/recreaacademy.jalisco.gob.mx\/2022\/wp-content\/uploads\/2020\/11\/recrea-familia-logo-jalisco-educacion.png\",\"width\":400,\"height\":400,\"caption\":\"Secretaria de Educaci\u00f3n de Jalisco\"},\"image\":{\"@id\":\"https:\/\/recreaacademy.jalisco.gob.mx\/2022\/#\/schema\/logo\/image\/\"},\"sameAs\":[\"https:\/\/www.facebook.com\/educacion.jalisco\/\",\"https:\/\/x.com\/SecEducacionJal\"]}]}<\/script>\n<!-- \/ Yoast SEO plugin. -->","yoast_head_json":{"title":"Constancia Recrea Academy 2022 - Recrea Academy 2022","description":"Aqu\u00ed podr\u00e1s descargar tu constancia virtual de asistencia a la edici\u00f3n Recrea Academy 2022.","robots":{"index":"index","follow":"follow","max-snippet":"max-snippet:-1","max-image-preview":"max-image-preview:large","max-video-preview":"max-video-preview:-1"},"canonical":"https:\/\/recreaacademy.jalisco.gob.mx\/2022\/constancia\/","og_locale":"es_ES","og_type":"article","og_title":"Constancia Recrea Academy 2022 - Recrea Academy 2022","og_description":"Aqu\u00ed podr\u00e1s descargar tu constancia virtual de asistencia a la edici\u00f3n Recrea Academy 2022.","og_url":"https:\/\/recreaacademy.jalisco.gob.mx\/2022\/constancia\/","og_site_name":"Recrea Academy 2022","article_publisher":"https:\/\/www.facebook.com\/educacion.jalisco\/","article_modified_time":"2022-11-23T04:04:31+00:00","og_image":[{"width":1280,"height":720,"url":"https:\/\/recreaacademy.jalisco.gob.mx\/2022\/wp-content\/uploads\/2022\/09\/ra-2022-banner-rs-001.jpg","type":"image\/jpeg"}],"twitter_card":"summary_large_image","twitter_site":"@SecEducacionJal","twitter_misc":{"Tiempo de lectura":"2 minutos"},"schema":{"@context":"https:\/\/schema.org","@graph":[{"@type":"WebPage","@id":"https:\/\/recreaacademy.jalisco.gob.mx\/2022\/constancia\/","url":"https:\/\/recreaacademy.jalisco.gob.mx\/2022\/constancia\/","name":"Constancia Recrea Academy 2022 - Recrea Academy 2022","isPartOf":{"@id":"https:\/\/recreaacademy.jalisco.gob.mx\/2022\/#website"},"datePublished":"2021-11-19T19:38:02+00:00","dateModified":"2022-11-23T04:04:31+00:00","description":"Aqu\u00ed podr\u00e1s descargar tu constancia virtual de asistencia a la edici\u00f3n Recrea Academy 2022.","breadcrumb":{"@id":"https:\/\/recreaacademy.jalisco.gob.mx\/2022\/constancia\/#breadcrumb"},"inLanguage":"es","potentialAction":[{"@type":"ReadAction","target":["https:\/\/recreaacademy.jalisco.gob.mx\/2022\/constancia\/"]}]},{"@type":"BreadcrumbList","@id":"https:\/\/recreaacademy.jalisco.gob.mx\/2022\/constancia\/#breadcrumb","itemListElement":[{"@type":"ListItem","position":1,"name":"Inicio","item":"https:\/\/recreaacademy.jalisco.gob.mx\/2022\/"},{"@type":"ListItem","position":2,"name":"Constancia Recrea Academy 2022"}]},{"@type":"WebSite","@id":"https:\/\/recreaacademy.jalisco.gob.mx\/2022\/#website","url":"https:\/\/recreaacademy.jalisco.gob.mx\/2022\/","name":"Recrea Academy 2022","description":"Recrear la educaci\u00f3n, Recrear el curr\u00edculo, Recrear la escuela y la CAV","publisher":{"@id":"https:\/\/recreaacademy.jalisco.gob.mx\/2022\/#organization"},"potentialAction":[{"@type":"SearchAction","target":{"@type":"EntryPoint","urlTemplate":"https:\/\/recreaacademy.jalisco.gob.mx\/2022\/?s={search_term_string}"},"query-input":"required name=search_term_string"}],"inLanguage":"es"},{"@type":"Organization","@id":"https:\/\/recreaacademy.jalisco.gob.mx\/2022\/#organization","name":"Secretaria de Educaci\u00f3n de Jalisco","url":"https:\/\/recreaacademy.jalisco.gob.mx\/2022\/","logo":{"@type":"ImageObject","inLanguage":"es","@id":"https:\/\/recreaacademy.jalisco.gob.mx\/2022\/#\/schema\/logo\/image\/","url":"https:\/\/recreaacademy.jalisco.gob.mx\/2022\/wp-content\/uploads\/2020\/11\/recrea-familia-logo-jalisco-educacion.png","contentUrl":"https:\/\/recreaacademy.jalisco.gob.mx\/2022\/wp-content\/uploads\/2020\/11\/recrea-familia-logo-jalisco-educacion.png","width":400,"height":400,"caption":"Secretaria de Educaci\u00f3n de Jalisco"},"image":{"@id":"https:\/\/recreaacademy.jalisco.gob.mx\/2022\/#\/schema\/logo\/image\/"},"sameAs":["https:\/\/www.facebook.com\/educacion.jalisco\/","https:\/\/x.com\/SecEducacionJal"]}]}},"_links":{"self":[{"href":"https:\/\/recreaacademy.jalisco.gob.mx\/2022\/wp-json\/wp\/v2\/pages\/60587"}],"collection":[{"href":"https:\/\/recreaacademy.jalisco.gob.mx\/2022\/wp-json\/wp\/v2\/pages"}],"about":[{"href":"https:\/\/recreaacademy.jalisco.gob.mx\/2022\/wp-json\/wp\/v2\/types\/page"}],"author":[{"embeddable":true,"href":"https:\/\/recreaacademy.jalisco.gob.mx\/2022\/wp-json\/wp\/v2\/users\/1"}],"replies":[{"embeddable":true,"href":"https:\/\/recreaacademy.jalisco.gob.mx\/2022\/wp-json\/wp\/v2\/comments?post=60587"}],"version-history":[{"count":0,"href":"https:\/\/recreaacademy.jalisco.gob.mx\/2022\/wp-json\/wp\/v2\/pages\/60587\/revisions"}],"wp:attachment":[{"href":"https:\/\/recreaacademy.jalisco.gob.mx\/2022\/wp-json\/wp\/v2\/media?parent=60587"}],"curies":[{"name":"wp","href":"https:\/\/api.w.org\/{rel}","templated":true}]}}