{"id":62540,"date":"2022-11-08T11:41:15","date_gmt":"2022-11-08T17:41:15","guid":{"rendered":"https:\/\/recreaacademy.jalisco.gob.mx\/2022\/?page_id=62540"},"modified":"2022-11-11T11:45:53","modified_gmt":"2022-11-11T17:45:53","slug":"salon-tequila","status":"publish","type":"page","link":"https:\/\/recreaacademy.jalisco.gob.mx\/2022\/agenda\/salon-tequila\/","title":{"rendered":"XII Coloquio Internacional por el Pensamiento Complejo"},"content":{"rendered":"\n[et_pb_section fb_built=\u00bb1&#8243; _builder_version=\u00bb4.18.0&#8243; _module_preset=\u00bbdefault\u00bb da_disable_devices=\u00bboff|off|off\u00bb global_colors_info=\u00bb{}\u00bb theme_builder_area=\u00bbpost_content\u00bb da_is_popup=\u00bboff\u00bb da_exit_intent=\u00bboff\u00bb da_has_close=\u00bbon\u00bb da_alt_close=\u00bboff\u00bb da_dark_close=\u00bboff\u00bb da_not_modal=\u00bbon\u00bb da_is_singular=\u00bboff\u00bb da_with_loader=\u00bboff\u00bb da_has_shadow=\u00bbon\u00bb][et_pb_row _builder_version=\u00bb4.18.0&#8243; _module_preset=\u00bbdefault\u00bb width=\u00bb90%\u00bb max_width=\u00bb900px\u00bb global_colors_info=\u00bb{}\u00bb theme_builder_area=\u00bbpost_content\u00bb][et_pb_column type=\u00bb4_4&#8243; _builder_version=\u00bb4.18.0&#8243; _module_preset=\u00bbdefault\u00bb global_colors_info=\u00bb{}\u00bb theme_builder_area=\u00bbpost_content\u00bb][et_pb_text _builder_version=\u00bb4.18.0&#8243; _module_preset=\u00bbdefault\u00bb hover_enabled=\u00bb0&#8243; global_colors_info=\u00bb{}\u00bb theme_builder_area=\u00bbpost_content\u00bb sticky_enabled=\u00bb0&#8243;]<div class=\"mec-wrap mec-skin-list-container  \" id=\"mec_skin_62490\">\n\n    \n            <div class=\"mec-skin-list-events-container\" id=\"mec_skin_events_62490\">\n        <div class=\"mec-wrap colorskin-custom\">\n    <div class=\"mec-event-list-minimal\">\n        \n                            <div class=\"mec-month-divider\" data-toggle-divider=\"mec-toggle-202211-62490\">\n                    <h5 style=\"display: inline;\">noviembre 2022<\/h5><i class=\"mec-sl-arrow-down\"><\/i>\n                <\/div>\n            \n                            <article class=\"mec-past-event mec-event-article  mec-clear  mec-divider-toggle mec-toggle-202211-62490\" itemscope>\n                                                                    <div class=\"col-md-9 col-sm-9\">\n                                                            <div class=\"mec-event-date mec-bg-color\">\n                                    <span>17<\/span>\n                                    Nov                                <\/div>\n                            \n                            <div class=\"mec-time-details\"><span class=\"mec-start-time\">09:00<\/span><\/div>                            <h4 class=\"mec-event-title\"><a class=\"mec-color-hover\" data-event-id=\"62224\" href=\"https:\/\/recreaacademy.jalisco.gob.mx\/2022\/eventos\/apertura-recrea-academy-2022\/\" target=\"_self\" rel=\"noopener\">Apertura<\/a><span class=\"event-color\" style=\"background: #e7004c\"><\/span><\/h4>\n                            <div class=\"mec-event-detail\">\n                                <span class=\"mec-day-wrapper\">jueves<\/span>                            <\/div>\n                                                                                                                                                                    <\/div>\n                        <div class=\"col-md-3 col-sm-3 btn-wrapper\"><a class=\"mec-detail-button\" data-event-id=\"62224\" href=\"https:\/\/recreaacademy.jalisco.gob.mx\/2022\/eventos\/apertura-recrea-academy-2022\/\" target=\"_self\" rel=\"noopener\">DETALLE DEL EVENTO<\/a><\/div>\n                                    <\/article>\n                            <article class=\"mec-past-event mec-event-article  mec-clear  mec-divider-toggle mec-toggle-202211-62490\" itemscope>\n                                                                    <div class=\"col-md-9 col-sm-9\">\n                                                            <div class=\"mec-event-date mec-bg-color\">\n                                    <span>17<\/span>\n                                    Nov                                <\/div>\n                            \n                            <div class=\"mec-time-details\"><span class=\"mec-start-time\">10:00<\/span><\/div>                            <h4 class=\"mec-event-title\"><a class=\"mec-color-hover\" data-event-id=\"62381\" href=\"https:\/\/recreaacademy.jalisco.gob.mx\/2022\/eventos\/mesa-1-diversidad-y-dialogo-frente-a-los-problemas-fundamentales-de-la-humanidad-carlos-razo-horta-carlos-jesus-delgado-diaz-moderador-felipe-reyes-escutia\/\" target=\"_self\" rel=\"noopener\">Mesa 1. Diversidad y di\u00e1logo frente a los problemas fundamentales de la Humanidad. \/\/ Carlos Razo Horta, Carlos Jes\u00fas Delgado D\u00edaz  (Moderador) Felipe Reyes Escutia<\/a><span class=\"event-color\" style=\"background: #e7004c\"><\/span><\/h4>\n                            <div class=\"mec-event-detail\">\n                                <span class=\"mec-day-wrapper\">jueves<\/span>                            <\/div>\n                                                                                                                                                                    <\/div>\n                        <div class=\"col-md-3 col-sm-3 btn-wrapper\"><a class=\"mec-detail-button\" data-event-id=\"62381\" href=\"https:\/\/recreaacademy.jalisco.gob.mx\/2022\/eventos\/mesa-1-diversidad-y-dialogo-frente-a-los-problemas-fundamentales-de-la-humanidad-carlos-razo-horta-carlos-jesus-delgado-diaz-moderador-felipe-reyes-escutia\/\" target=\"_self\" rel=\"noopener\">DETALLE DEL EVENTO<\/a><\/div>\n                                    <\/article>\n                            <article class=\"mec-past-event mec-event-article  mec-clear  mec-divider-toggle mec-toggle-202211-62490\" itemscope>\n                                                                    <div class=\"col-md-9 col-sm-9\">\n                                                            <div class=\"mec-event-date mec-bg-color\">\n                                    <span>17<\/span>\n                                    Nov                                <\/div>\n                            \n                            <div class=\"mec-time-details\"><span class=\"mec-start-time\">13:00<\/span><\/div>                            <h4 class=\"mec-event-title\"><a class=\"mec-color-hover\" data-event-id=\"62382\" href=\"https:\/\/recreaacademy.jalisco.gob.mx\/2022\/eventos\/mesa-2-humanidad-conocimiento-y-transdisciplina-por-una-investigacion-en-y-para-la-vida-pedro-de-jesus-ovalle-munoz-moderador-julieta-hadair-jose-gustavo-casas-alvarez\/\" target=\"_self\" rel=\"noopener\">Mesa 2. Humanidad, Conocimiento y Transdisciplina. Por una investigaci\u00f3n en y para la Vida.  \/\/ Pedro de Jes\u00fas Ovalle Mu\u00f1oz (Moderador) , Julieta Hadair &#038; Jos\u00e9 Gustavo Casas \u00c1lvarez<\/a><span class=\"event-color\" style=\"background: #e7004c\"><\/span><\/h4>\n                            <div class=\"mec-event-detail\">\n                                <span class=\"mec-day-wrapper\">jueves<\/span>                            <\/div>\n                                                                                                                                                                    <\/div>\n                        <div class=\"col-md-3 col-sm-3 btn-wrapper\"><a class=\"mec-detail-button\" data-event-id=\"62382\" href=\"https:\/\/recreaacademy.jalisco.gob.mx\/2022\/eventos\/mesa-2-humanidad-conocimiento-y-transdisciplina-por-una-investigacion-en-y-para-la-vida-pedro-de-jesus-ovalle-munoz-moderador-julieta-hadair-jose-gustavo-casas-alvarez\/\" target=\"_self\" rel=\"noopener\">DETALLE DEL EVENTO<\/a><\/div>\n                                    <\/article>\n                            <article class=\"mec-past-event mec-event-article  mec-clear  mec-divider-toggle mec-toggle-202211-62490\" itemscope>\n                                                                    <div class=\"col-md-9 col-sm-9\">\n                                                            <div class=\"mec-event-date mec-bg-color\">\n                                    <span>17<\/span>\n                                    Nov                                <\/div>\n                            \n                            <div class=\"mec-time-details\"><span class=\"mec-start-time\">16:00<\/span><\/div>                            <h4 class=\"mec-event-title\"><a class=\"mec-color-hover\" data-event-id=\"63906\" href=\"https:\/\/recreaacademy.jalisco.gob.mx\/2022\/eventos\/comunicacion-alegre-y-luminosa-en-las-cav-breves-herramientas\/\" target=\"_self\" rel=\"noopener\">Comunicaci\u00f3n alegre y luminosa en las CAV: breves herramientas \/\/ Maite Cort\u00e9s<\/a><span class=\"event-color\" style=\"background: #e7004c\"><\/span><\/h4>\n                            <div class=\"mec-event-detail\">\n                                <span class=\"mec-day-wrapper\">jueves<\/span>                            <\/div>\n                                                                                                                                                                    <\/div>\n                        <div class=\"col-md-3 col-sm-3 btn-wrapper\"><a class=\"mec-detail-button\" data-event-id=\"63906\" href=\"https:\/\/recreaacademy.jalisco.gob.mx\/2022\/eventos\/comunicacion-alegre-y-luminosa-en-las-cav-breves-herramientas\/\" target=\"_self\" rel=\"noopener\">DETALLE DEL EVENTO<\/a><\/div>\n                                    <\/article>\n                    \n            \n                            <article class=\"mec-past-event mec-event-article  mec-clear  mec-divider-toggle mec-toggle-202211-62490\" itemscope>\n                                                                    <div class=\"col-md-9 col-sm-9\">\n                                                            <div class=\"mec-event-date mec-bg-color\">\n                                    <span>18<\/span>\n                                    Nov                                <\/div>\n                            \n                            <div class=\"mec-time-details\"><span class=\"mec-start-time\">09:00<\/span><\/div>                            <h4 class=\"mec-event-title\"><a class=\"mec-color-hover\" data-event-id=\"62383\" href=\"https:\/\/recreaacademy.jalisco.gob.mx\/2022\/eventos\/mesa-3-la-educacion-en-la-complejidad-humana-aprender-a-ser-estar-y-pertenecer-a-la-vida-rosa-maria-romero-cuevas-omar-felipe-giraldo-palacios-yolanda-quintero-reyes-felipe-reyes-escutia\/\" target=\"_self\" rel=\"noopener\">Mesa 3. La Educaci\u00f3n en la complejidad humana. Aprender a ser, estar y pertenecer a la Vida \/\/  Rosa Mar\u00eda Romero Cuevas, Omar Felipe Giraldo Palacios, Yolanda Quintero Reyes &#038; Felipe Reyes Escutia<\/a><span class=\"event-color\" style=\"background: #e7004c\"><\/span><\/h4>\n                            <div class=\"mec-event-detail\">\n                                <span class=\"mec-day-wrapper\">viernes<\/span>                            <\/div>\n                                                                                                                                                                    <\/div>\n                        <div class=\"col-md-3 col-sm-3 btn-wrapper\"><a class=\"mec-detail-button\" data-event-id=\"62383\" href=\"https:\/\/recreaacademy.jalisco.gob.mx\/2022\/eventos\/mesa-3-la-educacion-en-la-complejidad-humana-aprender-a-ser-estar-y-pertenecer-a-la-vida-rosa-maria-romero-cuevas-omar-felipe-giraldo-palacios-yolanda-quintero-reyes-felipe-reyes-escutia\/\" target=\"_self\" rel=\"noopener\">DETALLE DEL EVENTO<\/a><\/div>\n                                    <\/article>\n                            <article class=\"mec-past-event mec-event-article  mec-clear  mec-divider-toggle mec-toggle-202211-62490\" itemscope>\n                                                                    <div class=\"col-md-9 col-sm-9\">\n                                                            <div class=\"mec-event-date mec-bg-color\">\n                                    <span>18<\/span>\n                                    Nov                                <\/div>\n                            \n                            <div class=\"mec-time-details\"><span class=\"mec-start-time\">12:00<\/span><\/div>                            <h4 class=\"mec-event-title\"><a class=\"mec-color-hover\" data-event-id=\"63908\" href=\"https:\/\/recreaacademy.jalisco.gob.mx\/2022\/eventos\/recuperacion-de-la-practica-educativa-desde-la-complejidad-y-lo-sistemico-liliana-lira-rocio-arreola-alejandro-uribe-y-sandra-machuca\/\" target=\"_self\" rel=\"noopener\">Recuperaci\u00f3n de la pr\u00e1ctica educativa desde la complejidad y lo sist\u00e9mico \/\/ Liliana Lira, Roc\u00edo Arreola, Alejandro Uribe y Sandra Machuca<\/a><span class=\"event-color\" style=\"background: #e7004c\"><\/span><\/h4>\n                            <div class=\"mec-event-detail\">\n                                <span class=\"mec-day-wrapper\">viernes<\/span><span class=\"mec-comma-wrapper\">,<\/span> <span class=\"mec-event-loc-place\">Nombre del lugar<\/span>                            <\/div>\n                                                                                                                                                                    <\/div>\n                        <div class=\"col-md-3 col-sm-3 btn-wrapper\"><a class=\"mec-detail-button\" data-event-id=\"63908\" href=\"https:\/\/recreaacademy.jalisco.gob.mx\/2022\/eventos\/recuperacion-de-la-practica-educativa-desde-la-complejidad-y-lo-sistemico-liliana-lira-rocio-arreola-alejandro-uribe-y-sandra-machuca\/\" target=\"_self\" rel=\"noopener\">DETALLE DEL EVENTO<\/a><\/div>\n                                    <\/article>\n                            <article class=\"mec-past-event mec-event-article  mec-clear  mec-divider-toggle mec-toggle-202211-62490\" itemscope>\n                                                                    <div class=\"col-md-9 col-sm-9\">\n                                                            <div class=\"mec-event-date mec-bg-color\">\n                                    <span>18<\/span>\n                                    Nov                                <\/div>\n                            \n                            <div class=\"mec-time-details\"><span class=\"mec-start-time\">18:00<\/span><\/div>                            <h4 class=\"mec-event-title\"><a class=\"mec-color-hover\" data-event-id=\"64676\" href=\"https:\/\/recreaacademy.jalisco.gob.mx\/2022\/eventos\/clausura-2\/\" target=\"_self\" rel=\"noopener\">Clausura Recrea Academy 2022<\/a><span class=\"event-color\" style=\"background: #e7004c\"><\/span><\/h4>\n                            <div class=\"mec-event-detail\">\n                                <span class=\"mec-day-wrapper\">viernes<\/span>                            <\/div>\n                                                                                                                                                                    <\/div>\n                        <div class=\"col-md-3 col-sm-3 btn-wrapper\"><a class=\"mec-detail-button\" data-event-id=\"64676\" href=\"https:\/\/recreaacademy.jalisco.gob.mx\/2022\/eventos\/clausura-2\/\" target=\"_self\" rel=\"noopener\">DETALLE DEL EVENTO<\/a><\/div>\n                                    <\/article>\n                        <\/div>\n<\/div>\n\n    <\/div>\n    <div class=\"mec-skin-list-no-events-container mec-util-hidden\" id=\"mec_skin_no_events_62490\">\n        \u00a1No hay eventos!    <\/div>\n    \n    \n<\/div>\n[\/et_pb_text][\/et_pb_column][\/et_pb_row][\/et_pb_section]\n","protected":false},"excerpt":{"rendered":"","protected":false},"author":1,"featured_media":0,"parent":190,"menu_order":0,"comment_status":"closed","ping_status":"closed","template":"","meta":{"_acf_changed":false,"_et_pb_use_builder":"on","_et_pb_old_content":"<!-- wp:divi\/placeholder \/-->","_et_gb_content_width":"","footnotes":""},"class_list":["post-62540","page","type-page","status-publish","hentry"],"acf":[],"yoast_head":"<!-- This site is optimized with the Yoast SEO plugin v23.3 - https:\/\/yoast.com\/wordpress\/plugins\/seo\/ -->\n<title>XII Coloquio Internacional por el Pensamiento Complejo - Recrea Academy 2022<\/title>\n<meta name=\"robots\" content=\"index, follow, max-snippet:-1, max-image-preview:large, max-video-preview:-1\" \/>\n<link rel=\"canonical\" href=\"https:\/\/recreaacademy.jalisco.gob.mx\/2022\/agenda\/salon-tequila\/\" \/>\n<meta property=\"og:locale\" content=\"es_ES\" \/>\n<meta property=\"og:type\" content=\"article\" \/>\n<meta property=\"og:title\" content=\"XII Coloquio Internacional por el Pensamiento Complejo - Recrea Academy 2022\" \/>\n<meta property=\"og:url\" content=\"https:\/\/recreaacademy.jalisco.gob.mx\/2022\/agenda\/salon-tequila\/\" \/>\n<meta property=\"og:site_name\" content=\"Recrea Academy 2022\" \/>\n<meta property=\"article:publisher\" content=\"https:\/\/www.facebook.com\/educacion.jalisco\/\" \/>\n<meta property=\"article:modified_time\" content=\"2022-11-11T17:45:53+00:00\" \/>\n<meta property=\"og:image\" content=\"https:\/\/recreaacademy.jalisco.gob.mx\/2022\/wp-content\/uploads\/2022\/09\/ra-2022-banner-rs-001.jpg\" \/>\n\t<meta property=\"og:image:width\" content=\"1280\" \/>\n\t<meta property=\"og:image:height\" content=\"720\" \/>\n\t<meta property=\"og:image:type\" content=\"image\/jpeg\" \/>\n<meta name=\"twitter:card\" content=\"summary_large_image\" \/>\n<meta name=\"twitter:site\" content=\"@SecEducacionJal\" \/>\n<meta name=\"twitter:label1\" content=\"Tiempo de lectura\" \/>\n\t<meta name=\"twitter:data1\" content=\"1 minuto\" \/>\n<script type=\"application\/ld+json\" class=\"yoast-schema-graph\">{\"@context\":\"https:\/\/schema.org\",\"@graph\":[{\"@type\":\"WebPage\",\"@id\":\"https:\/\/recreaacademy.jalisco.gob.mx\/2022\/agenda\/salon-tequila\/\",\"url\":\"https:\/\/recreaacademy.jalisco.gob.mx\/2022\/agenda\/salon-tequila\/\",\"name\":\"XII Coloquio Internacional por el Pensamiento Complejo - Recrea Academy 2022\",\"isPartOf\":{\"@id\":\"https:\/\/recreaacademy.jalisco.gob.mx\/2022\/#website\"},\"datePublished\":\"2022-11-08T17:41:15+00:00\",\"dateModified\":\"2022-11-11T17:45:53+00:00\",\"breadcrumb\":{\"@id\":\"https:\/\/recreaacademy.jalisco.gob.mx\/2022\/agenda\/salon-tequila\/#breadcrumb\"},\"inLanguage\":\"es\",\"potentialAction\":[{\"@type\":\"ReadAction\",\"target\":[\"https:\/\/recreaacademy.jalisco.gob.mx\/2022\/agenda\/salon-tequila\/\"]}]},{\"@type\":\"BreadcrumbList\",\"@id\":\"https:\/\/recreaacademy.jalisco.gob.mx\/2022\/agenda\/salon-tequila\/#breadcrumb\",\"itemListElement\":[{\"@type\":\"ListItem\",\"position\":1,\"name\":\"Inicio\",\"item\":\"https:\/\/recreaacademy.jalisco.gob.mx\/2022\/\"},{\"@type\":\"ListItem\",\"position\":2,\"name\":\"Agenda\",\"item\":\"https:\/\/recreaacademy.jalisco.gob.mx\/2022\/agenda\/\"},{\"@type\":\"ListItem\",\"position\":3,\"name\":\"XII Coloquio Internacional por el Pensamiento Complejo\"}]},{\"@type\":\"WebSite\",\"@id\":\"https:\/\/recreaacademy.jalisco.gob.mx\/2022\/#website\",\"url\":\"https:\/\/recreaacademy.jalisco.gob.mx\/2022\/\",\"name\":\"Recrea Academy 2022\",\"description\":\"Recrear la educaci\u00f3n, Recrear el curr\u00edculo, Recrear la escuela y la CAV\",\"publisher\":{\"@id\":\"https:\/\/recreaacademy.jalisco.gob.mx\/2022\/#organization\"},\"potentialAction\":[{\"@type\":\"SearchAction\",\"target\":{\"@type\":\"EntryPoint\",\"urlTemplate\":\"https:\/\/recreaacademy.jalisco.gob.mx\/2022\/?s={search_term_string}\"},\"query-input\":\"required name=search_term_string\"}],\"inLanguage\":\"es\"},{\"@type\":\"Organization\",\"@id\":\"https:\/\/recreaacademy.jalisco.gob.mx\/2022\/#organization\",\"name\":\"Secretaria de Educaci\u00f3n de Jalisco\",\"url\":\"https:\/\/recreaacademy.jalisco.gob.mx\/2022\/\",\"logo\":{\"@type\":\"ImageObject\",\"inLanguage\":\"es\",\"@id\":\"https:\/\/recreaacademy.jalisco.gob.mx\/2022\/#\/schema\/logo\/image\/\",\"url\":\"https:\/\/recreaacademy.jalisco.gob.mx\/2022\/wp-content\/uploads\/2020\/11\/recrea-familia-logo-jalisco-educacion.png\",\"contentUrl\":\"https:\/\/recreaacademy.jalisco.gob.mx\/2022\/wp-content\/uploads\/2020\/11\/recrea-familia-logo-jalisco-educacion.png\",\"width\":400,\"height\":400,\"caption\":\"Secretaria de Educaci\u00f3n de Jalisco\"},\"image\":{\"@id\":\"https:\/\/recreaacademy.jalisco.gob.mx\/2022\/#\/schema\/logo\/image\/\"},\"sameAs\":[\"https:\/\/www.facebook.com\/educacion.jalisco\/\",\"https:\/\/x.com\/SecEducacionJal\"]}]}<\/script>\n<!-- \/ Yoast SEO plugin. -->","yoast_head_json":{"title":"XII Coloquio Internacional por el Pensamiento Complejo - Recrea Academy 2022","robots":{"index":"index","follow":"follow","max-snippet":"max-snippet:-1","max-image-preview":"max-image-preview:large","max-video-preview":"max-video-preview:-1"},"canonical":"https:\/\/recreaacademy.jalisco.gob.mx\/2022\/agenda\/salon-tequila\/","og_locale":"es_ES","og_type":"article","og_title":"XII Coloquio Internacional por el Pensamiento Complejo - Recrea Academy 2022","og_url":"https:\/\/recreaacademy.jalisco.gob.mx\/2022\/agenda\/salon-tequila\/","og_site_name":"Recrea Academy 2022","article_publisher":"https:\/\/www.facebook.com\/educacion.jalisco\/","article_modified_time":"2022-11-11T17:45:53+00:00","og_image":[{"width":1280,"height":720,"url":"https:\/\/recreaacademy.jalisco.gob.mx\/2022\/wp-content\/uploads\/2022\/09\/ra-2022-banner-rs-001.jpg","type":"image\/jpeg"}],"twitter_card":"summary_large_image","twitter_site":"@SecEducacionJal","twitter_misc":{"Tiempo de lectura":"1 minuto"},"schema":{"@context":"https:\/\/schema.org","@graph":[{"@type":"WebPage","@id":"https:\/\/recreaacademy.jalisco.gob.mx\/2022\/agenda\/salon-tequila\/","url":"https:\/\/recreaacademy.jalisco.gob.mx\/2022\/agenda\/salon-tequila\/","name":"XII Coloquio Internacional por el Pensamiento Complejo - Recrea Academy 2022","isPartOf":{"@id":"https:\/\/recreaacademy.jalisco.gob.mx\/2022\/#website"},"datePublished":"2022-11-08T17:41:15+00:00","dateModified":"2022-11-11T17:45:53+00:00","breadcrumb":{"@id":"https:\/\/recreaacademy.jalisco.gob.mx\/2022\/agenda\/salon-tequila\/#breadcrumb"},"inLanguage":"es","potentialAction":[{"@type":"ReadAction","target":["https:\/\/recreaacademy.jalisco.gob.mx\/2022\/agenda\/salon-tequila\/"]}]},{"@type":"BreadcrumbList","@id":"https:\/\/recreaacademy.jalisco.gob.mx\/2022\/agenda\/salon-tequila\/#breadcrumb","itemListElement":[{"@type":"ListItem","position":1,"name":"Inicio","item":"https:\/\/recreaacademy.jalisco.gob.mx\/2022\/"},{"@type":"ListItem","position":2,"name":"Agenda","item":"https:\/\/recreaacademy.jalisco.gob.mx\/2022\/agenda\/"},{"@type":"ListItem","position":3,"name":"XII Coloquio Internacional por el Pensamiento Complejo"}]},{"@type":"WebSite","@id":"https:\/\/recreaacademy.jalisco.gob.mx\/2022\/#website","url":"https:\/\/recreaacademy.jalisco.gob.mx\/2022\/","name":"Recrea Academy 2022","description":"Recrear la educaci\u00f3n, Recrear el curr\u00edculo, Recrear la escuela y la CAV","publisher":{"@id":"https:\/\/recreaacademy.jalisco.gob.mx\/2022\/#organization"},"potentialAction":[{"@type":"SearchAction","target":{"@type":"EntryPoint","urlTemplate":"https:\/\/recreaacademy.jalisco.gob.mx\/2022\/?s={search_term_string}"},"query-input":"required name=search_term_string"}],"inLanguage":"es"},{"@type":"Organization","@id":"https:\/\/recreaacademy.jalisco.gob.mx\/2022\/#organization","name":"Secretaria de Educaci\u00f3n de Jalisco","url":"https:\/\/recreaacademy.jalisco.gob.mx\/2022\/","logo":{"@type":"ImageObject","inLanguage":"es","@id":"https:\/\/recreaacademy.jalisco.gob.mx\/2022\/#\/schema\/logo\/image\/","url":"https:\/\/recreaacademy.jalisco.gob.mx\/2022\/wp-content\/uploads\/2020\/11\/recrea-familia-logo-jalisco-educacion.png","contentUrl":"https:\/\/recreaacademy.jalisco.gob.mx\/2022\/wp-content\/uploads\/2020\/11\/recrea-familia-logo-jalisco-educacion.png","width":400,"height":400,"caption":"Secretaria de Educaci\u00f3n de Jalisco"},"image":{"@id":"https:\/\/recreaacademy.jalisco.gob.mx\/2022\/#\/schema\/logo\/image\/"},"sameAs":["https:\/\/www.facebook.com\/educacion.jalisco\/","https:\/\/x.com\/SecEducacionJal"]}]}},"_links":{"self":[{"href":"https:\/\/recreaacademy.jalisco.gob.mx\/2022\/wp-json\/wp\/v2\/pages\/62540"}],"collection":[{"href":"https:\/\/recreaacademy.jalisco.gob.mx\/2022\/wp-json\/wp\/v2\/pages"}],"about":[{"href":"https:\/\/recreaacademy.jalisco.gob.mx\/2022\/wp-json\/wp\/v2\/types\/page"}],"author":[{"embeddable":true,"href":"https:\/\/recreaacademy.jalisco.gob.mx\/2022\/wp-json\/wp\/v2\/users\/1"}],"replies":[{"embeddable":true,"href":"https:\/\/recreaacademy.jalisco.gob.mx\/2022\/wp-json\/wp\/v2\/comments?post=62540"}],"version-history":[{"count":0,"href":"https:\/\/recreaacademy.jalisco.gob.mx\/2022\/wp-json\/wp\/v2\/pages\/62540\/revisions"}],"up":[{"embeddable":true,"href":"https:\/\/recreaacademy.jalisco.gob.mx\/2022\/wp-json\/wp\/v2\/pages\/190"}],"wp:attachment":[{"href":"https:\/\/recreaacademy.jalisco.gob.mx\/2022\/wp-json\/wp\/v2\/media?parent=62540"}],"curies":[{"name":"wp","href":"https:\/\/api.w.org\/{rel}","templated":true}]}}