{"id":63591,"date":"2022-11-15T14:18:32","date_gmt":"2022-11-15T20:18:32","guid":{"rendered":"https:\/\/recreaacademy.jalisco.gob.mx\/2022\/?page_id=63591"},"modified":"2022-11-16T14:20:34","modified_gmt":"2022-11-16T20:20:34","slug":"recrea-challenge","status":"publish","type":"page","link":"https:\/\/recreaacademy.jalisco.gob.mx\/2022\/agenda\/recrea-challenge\/","title":{"rendered":"Recrea Challenge"},"content":{"rendered":"<p>[et_pb_section fb_built=\u00bb1&#8243; _builder_version=\u00bb4.18.0&#8243; _module_preset=\u00bbdefault\u00bb da_disable_devices=\u00bboff|off|off\u00bb global_colors_info=\u00bb{}\u00bb theme_builder_area=\u00bbpost_content\u00bb da_is_popup=\u00bboff\u00bb da_exit_intent=\u00bboff\u00bb da_has_close=\u00bbon\u00bb da_alt_close=\u00bboff\u00bb da_dark_close=\u00bboff\u00bb da_not_modal=\u00bbon\u00bb da_is_singular=\u00bboff\u00bb da_with_loader=\u00bboff\u00bb da_has_shadow=\u00bbon\u00bb][et_pb_row _builder_version=\u00bb4.18.0&#8243; _module_preset=\u00bbdefault\u00bb width=\u00bb90%\u00bb max_width=\u00bb900px\u00bb global_colors_info=\u00bb{}\u00bb theme_builder_area=\u00bbpost_content\u00bb][et_pb_column type=\u00bb4_4&#8243; _builder_version=\u00bb4.18.0&#8243; _module_preset=\u00bbdefault\u00bb global_colors_info=\u00bb{}\u00bb theme_builder_area=\u00bbpost_content\u00bb][et_pb_text _builder_version=\u00bb4.18.0&#8243; _module_preset=\u00bbdefault\u00bb hover_enabled=\u00bb0&#8243; global_colors_info=\u00bb{}\u00bb theme_builder_area=\u00bbpost_content\u00bb sticky_enabled=\u00bb0&#8243;]<\/p>\n<div class=\"mec-wrap mec-skin-list-container  \" id=\"mec_skin_63590\">\n\n    \n            <div class=\"mec-skin-list-events-container\" id=\"mec_skin_events_63590\">\n        <div class=\"mec-wrap colorskin-custom\">\n    <div class=\"mec-event-list-minimal\">\n        \n                            <div class=\"mec-month-divider\" data-toggle-divider=\"mec-toggle-202211-63590\">\n                    <h5 style=\"display: inline;\">noviembre 2022<\/h5><i class=\"mec-sl-arrow-down\"><\/i>\n                <\/div>\n            \n                            <article class=\"mec-past-event mec-event-article  mec-clear  mec-divider-toggle mec-toggle-202211-63590\" itemscope>\n                                                                    <div class=\"col-md-9 col-sm-9\">\n                                                            <div class=\"mec-event-date mec-bg-color\">\n                                    <span>17<\/span>\n                                    Nov                                <\/div>\n                            \n                            <div class=\"mec-time-details\"><span class=\"mec-start-time\">09:00<\/span><\/div>                            <h4 class=\"mec-event-title\"><a class=\"mec-color-hover\" data-event-id=\"62224\" href=\"https:\/\/recreaacademy.jalisco.gob.mx\/2022\/eventos\/apertura-recrea-academy-2022\/\" target=\"_self\" rel=\"noopener\">Apertura<\/a><span class=\"event-color\" style=\"background: #e7004c\"><\/span><\/h4>\n                            <div class=\"mec-event-detail\">\n                                <span class=\"mec-day-wrapper\">jueves<\/span>                            <\/div>\n                                                                                                                                                                    <\/div>\n                        <div class=\"col-md-3 col-sm-3 btn-wrapper\"><a class=\"mec-detail-button\" data-event-id=\"62224\" href=\"https:\/\/recreaacademy.jalisco.gob.mx\/2022\/eventos\/apertura-recrea-academy-2022\/\" target=\"_self\" rel=\"noopener\">DETALLE DEL EVENTO<\/a><\/div>\n                                    <\/article>\n                            <article class=\"mec-past-event mec-event-article  mec-clear  mec-divider-toggle mec-toggle-202211-63590\" itemscope>\n                                                                    <div class=\"col-md-9 col-sm-9\">\n                                                            <div class=\"mec-event-date mec-bg-color\">\n                                    <span>17<\/span>\n                                    Nov                                <\/div>\n                            \n                            <div class=\"mec-time-details\"><span class=\"mec-start-time\">11:00<\/span><\/div>                            <h4 class=\"mec-event-title\"><a class=\"mec-color-hover\" data-event-id=\"63818\" href=\"https:\/\/recreaacademy.jalisco.gob.mx\/2022\/eventos\/la-capa-de-los-heroes-urbana-549-severo-diaz-conversando-con-mis-emociones-todos-con-un-mismo-sentir-expresarte-lideres-inclusivos-inclusion-cih-docentes-por-la-paz-las-agustinas-los-nombres-no-est\/\" target=\"_self\" rel=\"noopener\">Semifinal 1 \/\/ Conversando con mis emociones, Docentes por la Paz, ExpresArte, La capa de los h\u00e9roes, Inclusi\u00f3n CIH, Las Agustinas, L\u00edderes inclusivos, Todos con un mismo sentir, Urbana 549 Severo D\u00edaz<\/a><span class=\"event-color\" style=\"background: #2b4b94\"><\/span><\/h4>\n                            <div class=\"mec-event-detail\">\n                                <span class=\"mec-day-wrapper\">jueves<\/span>                            <\/div>\n                                                                                                                                                                    <\/div>\n                        <div class=\"col-md-3 col-sm-3 btn-wrapper\"><a class=\"mec-detail-button\" data-event-id=\"63818\" href=\"https:\/\/recreaacademy.jalisco.gob.mx\/2022\/eventos\/la-capa-de-los-heroes-urbana-549-severo-diaz-conversando-con-mis-emociones-todos-con-un-mismo-sentir-expresarte-lideres-inclusivos-inclusion-cih-docentes-por-la-paz-las-agustinas-los-nombres-no-est\/\" target=\"_self\" rel=\"noopener\">DETALLE DEL EVENTO<\/a><\/div>\n                                    <\/article>\n                            <article class=\"mec-past-event mec-event-article  mec-clear  mec-divider-toggle mec-toggle-202211-63590\" itemscope>\n                                                                    <div class=\"col-md-9 col-sm-9\">\n                                                            <div class=\"mec-event-date mec-bg-color\">\n                                    <span>17<\/span>\n                                    Nov                                <\/div>\n                            \n                            <div class=\"mec-time-details\"><span class=\"mec-start-time\">16:00<\/span><\/div>                            <h4 class=\"mec-event-title\"><a class=\"mec-color-hover\" data-event-id=\"63819\" href=\"https:\/\/recreaacademy.jalisco.gob.mx\/2022\/eventos\/team-toussaint-metamorganic-mi-escuela-ez-para-todos-espacio-de-vida-sonadoras-yo-soy-mixta-87-los-de-caji-cav-39-la-5-manzana-like-40-los-nombres-no-estan-en-orden-semifinal-2\/\" target=\"_self\" rel=\"noopener\">Semifinal 2 \/\/ CAV 39, Espacio de Vida, La 5\u00b0 manzana, LIKE 40, Los de Caji, METAMORGANIC, Mi escuela EZ para todos, So\u00f1adoras, Team Toussaint, YO SOY MIXTA 87<\/a><span class=\"event-color\" style=\"background: #2b4b94\"><\/span><\/h4>\n                            <div class=\"mec-event-detail\">\n                                <span class=\"mec-day-wrapper\">jueves<\/span>                            <\/div>\n                                                                                                                                                                    <\/div>\n                        <div class=\"col-md-3 col-sm-3 btn-wrapper\"><a class=\"mec-detail-button\" data-event-id=\"63819\" href=\"https:\/\/recreaacademy.jalisco.gob.mx\/2022\/eventos\/team-toussaint-metamorganic-mi-escuela-ez-para-todos-espacio-de-vida-sonadoras-yo-soy-mixta-87-los-de-caji-cav-39-la-5-manzana-like-40-los-nombres-no-estan-en-orden-semifinal-2\/\" target=\"_self\" rel=\"noopener\">DETALLE DEL EVENTO<\/a><\/div>\n                                    <\/article>\n                    \n            \n                            <article class=\"mec-past-event mec-event-article  mec-clear  mec-divider-toggle mec-toggle-202211-63590\" itemscope>\n                                                                    <div class=\"col-md-9 col-sm-9\">\n                                                            <div class=\"mec-event-date mec-bg-color\">\n                                    <span>18<\/span>\n                                    Nov                                <\/div>\n                            \n                            <div class=\"mec-time-details\"><span class=\"mec-start-time\">11:30<\/span><\/div>                            <h4 class=\"mec-event-title\"><a class=\"mec-color-hover\" data-event-id=\"63821\" href=\"https:\/\/recreaacademy.jalisco.gob.mx\/2022\/eventos\/final\/\" target=\"_self\" rel=\"noopener\">FINAL<\/a><span class=\"event-color\" style=\"background: #2b4b94\"><\/span><\/h4>\n                            <div class=\"mec-event-detail\">\n                                <span class=\"mec-day-wrapper\">viernes<\/span>                            <\/div>\n                                                                                                                                                                    <\/div>\n                        <div class=\"col-md-3 col-sm-3 btn-wrapper\"><a class=\"mec-detail-button\" data-event-id=\"63821\" href=\"https:\/\/recreaacademy.jalisco.gob.mx\/2022\/eventos\/final\/\" target=\"_self\" rel=\"noopener\">DETALLE DEL EVENTO<\/a><\/div>\n                                    <\/article>\n                            <article class=\"mec-past-event mec-event-article  mec-clear  mec-divider-toggle mec-toggle-202211-63590\" itemscope>\n                                                                    <div class=\"col-md-9 col-sm-9\">\n                                                            <div class=\"mec-event-date mec-bg-color\">\n                                    <span>18<\/span>\n                                    Nov                                <\/div>\n                            \n                            <div class=\"mec-time-details\"><span class=\"mec-start-time\">16:00<\/span><\/div>                            <h4 class=\"mec-event-title\"><a class=\"mec-color-hover\" data-event-id=\"63823\" href=\"https:\/\/recreaacademy.jalisco.gob.mx\/2022\/eventos\/workshop-aprendiendo-del-challenge-participantes-de-recrea-challenge\/\" target=\"_self\" rel=\"noopener\">Workshop: Aprendiendo del challenge (participantes de Recrea Challenge)<\/a><span class=\"event-color\" style=\"background: #2b4b94\"><\/span><\/h4>\n                            <div class=\"mec-event-detail\">\n                                <span class=\"mec-day-wrapper\">viernes<\/span>                            <\/div>\n                                                                                                                                                                    <\/div>\n                        <div class=\"col-md-3 col-sm-3 btn-wrapper\"><a class=\"mec-detail-button\" data-event-id=\"63823\" href=\"https:\/\/recreaacademy.jalisco.gob.mx\/2022\/eventos\/workshop-aprendiendo-del-challenge-participantes-de-recrea-challenge\/\" target=\"_self\" rel=\"noopener\">DETALLE DEL EVENTO<\/a><\/div>\n                                    <\/article>\n                            <article class=\"mec-past-event mec-event-article  mec-clear  mec-divider-toggle mec-toggle-202211-63590\" itemscope>\n                                                                    <div class=\"col-md-9 col-sm-9\">\n                                                            <div class=\"mec-event-date mec-bg-color\">\n                                    <span>18<\/span>\n                                    Nov                                <\/div>\n                            \n                            <div class=\"mec-time-details\"><span class=\"mec-start-time\">18:00<\/span><\/div>                            <h4 class=\"mec-event-title\"><a class=\"mec-color-hover\" data-event-id=\"64676\" href=\"https:\/\/recreaacademy.jalisco.gob.mx\/2022\/eventos\/clausura-2\/\" target=\"_self\" rel=\"noopener\">Clausura Recrea Academy 2022<\/a><span class=\"event-color\" style=\"background: #e7004c\"><\/span><\/h4>\n                            <div class=\"mec-event-detail\">\n                                <span class=\"mec-day-wrapper\">viernes<\/span>                            <\/div>\n                                                                                                                                                                    <\/div>\n                        <div class=\"col-md-3 col-sm-3 btn-wrapper\"><a class=\"mec-detail-button\" data-event-id=\"64676\" href=\"https:\/\/recreaacademy.jalisco.gob.mx\/2022\/eventos\/clausura-2\/\" target=\"_self\" rel=\"noopener\">DETALLE DEL EVENTO<\/a><\/div>\n                                    <\/article>\n                        <\/div>\n<\/div>\n\n    <\/div>\n    <div class=\"mec-skin-list-no-events-container mec-util-hidden\" id=\"mec_skin_no_events_63590\">\n        \u00a1No hay eventos!    <\/div>\n    \n    \n<\/div>\n\n<p>[\/et_pb_text][\/et_pb_column][\/et_pb_row][\/et_pb_section]<\/p>\n","protected":false},"excerpt":{"rendered":"<p>[et_pb_section fb_built=\u00bb1&#8243; _builder_version=\u00bb4.18.0&#8243; _module_preset=\u00bbdefault\u00bb da_disable_devices=\u00bboff|off|off\u00bb global_colors_info=\u00bb{}\u00bb theme_builder_area=\u00bbpost_content\u00bb da_is_popup=\u00bboff\u00bb da_exit_intent=\u00bboff\u00bb da_has_close=\u00bbon\u00bb da_alt_close=\u00bboff\u00bb da_dark_close=\u00bboff\u00bb da_not_modal=\u00bbon\u00bb da_is_singular=\u00bboff\u00bb da_with_loader=\u00bboff\u00bb da_has_shadow=\u00bbon\u00bb][et_pb_row _builder_version=\u00bb4.18.0&#8243; _module_preset=\u00bbdefault\u00bb width=\u00bb90%\u00bb max_width=\u00bb900px\u00bb global_colors_info=\u00bb{}\u00bb theme_builder_area=\u00bbpost_content\u00bb][et_pb_column type=\u00bb4_4&#8243; _builder_version=\u00bb4.18.0&#8243; _module_preset=\u00bbdefault\u00bb global_colors_info=\u00bb{}\u00bb theme_builder_area=\u00bbpost_content\u00bb][et_pb_text _builder_version=\u00bb4.18.0&#8243; _module_preset=\u00bbdefault\u00bb hover_enabled=\u00bb0&#8243; global_colors_info=\u00bb{}\u00bb theme_builder_area=\u00bbpost_content\u00bb sticky_enabled=\u00bb0&#8243;] [\/et_pb_text][\/et_pb_column][\/et_pb_row][\/et_pb_section]<\/p>\n","protected":false},"author":1,"featured_media":0,"parent":190,"menu_order":0,"comment_status":"closed","ping_status":"closed","template":"","meta":{"_acf_changed":false,"_et_pb_use_builder":"on","_et_pb_old_content":"<!-- wp:divi\/placeholder \/-->","_et_gb_content_width":"","footnotes":""},"class_list":["post-63591","page","type-page","status-publish","hentry"],"acf":[],"yoast_head":"<!-- This site is optimized with the Yoast SEO plugin v23.3 - https:\/\/yoast.com\/wordpress\/plugins\/seo\/ -->\n<title>Recrea Challenge - Recrea Academy 2022<\/title>\n<meta name=\"robots\" content=\"index, follow, max-snippet:-1, max-image-preview:large, max-video-preview:-1\" \/>\n<link rel=\"canonical\" href=\"https:\/\/recreaacademy.jalisco.gob.mx\/2022\/agenda\/recrea-challenge\/\" \/>\n<meta property=\"og:locale\" content=\"es_ES\" \/>\n<meta property=\"og:type\" content=\"article\" \/>\n<meta property=\"og:title\" content=\"Recrea Challenge - Recrea Academy 2022\" \/>\n<meta property=\"og:description\" content=\"[et_pb_section fb_built=\u00bb1&#8243; _builder_version=\u00bb4.18.0&#8243; _module_preset=\u00bbdefault\u00bb da_disable_devices=\u00bboff|off|off\u00bb global_colors_info=\u00bb{}\u00bb theme_builder_area=\u00bbpost_content\u00bb da_is_popup=\u00bboff\u00bb da_exit_intent=\u00bboff\u00bb da_has_close=\u00bbon\u00bb da_alt_close=\u00bboff\u00bb da_dark_close=\u00bboff\u00bb da_not_modal=\u00bbon\u00bb da_is_singular=\u00bboff\u00bb da_with_loader=\u00bboff\u00bb da_has_shadow=\u00bbon\u00bb][et_pb_row _builder_version=\u00bb4.18.0&#8243; _module_preset=\u00bbdefault\u00bb width=\u00bb90%\u00bb max_width=\u00bb900px\u00bb global_colors_info=\u00bb{}\u00bb theme_builder_area=\u00bbpost_content\u00bb][et_pb_column type=\u00bb4_4&#8243; _builder_version=\u00bb4.18.0&#8243; _module_preset=\u00bbdefault\u00bb global_colors_info=\u00bb{}\u00bb theme_builder_area=\u00bbpost_content\u00bb][et_pb_text _builder_version=\u00bb4.18.0&#8243; _module_preset=\u00bbdefault\u00bb hover_enabled=\u00bb0&#8243; global_colors_info=\u00bb{}\u00bb theme_builder_area=\u00bbpost_content\u00bb sticky_enabled=\u00bb0&#8243;] [\/et_pb_text][\/et_pb_column][\/et_pb_row][\/et_pb_section]\" \/>\n<meta property=\"og:url\" content=\"https:\/\/recreaacademy.jalisco.gob.mx\/2022\/agenda\/recrea-challenge\/\" \/>\n<meta property=\"og:site_name\" content=\"Recrea Academy 2022\" \/>\n<meta property=\"article:publisher\" content=\"https:\/\/www.facebook.com\/educacion.jalisco\/\" \/>\n<meta property=\"article:modified_time\" content=\"2022-11-16T20:20:34+00:00\" \/>\n<meta property=\"og:image\" content=\"https:\/\/recreaacademy.jalisco.gob.mx\/2022\/wp-content\/uploads\/2022\/09\/ra-2022-banner-rs-001.jpg\" \/>\n\t<meta property=\"og:image:width\" content=\"1280\" \/>\n\t<meta property=\"og:image:height\" content=\"720\" \/>\n\t<meta property=\"og:image:type\" content=\"image\/jpeg\" \/>\n<meta name=\"twitter:card\" content=\"summary_large_image\" \/>\n<meta name=\"twitter:site\" content=\"@SecEducacionJal\" \/>\n<meta name=\"twitter:label1\" content=\"Tiempo de lectura\" \/>\n\t<meta name=\"twitter:data1\" content=\"1 minuto\" \/>\n<script type=\"application\/ld+json\" class=\"yoast-schema-graph\">{\"@context\":\"https:\/\/schema.org\",\"@graph\":[{\"@type\":\"WebPage\",\"@id\":\"https:\/\/recreaacademy.jalisco.gob.mx\/2022\/agenda\/recrea-challenge\/\",\"url\":\"https:\/\/recreaacademy.jalisco.gob.mx\/2022\/agenda\/recrea-challenge\/\",\"name\":\"Recrea Challenge - Recrea Academy 2022\",\"isPartOf\":{\"@id\":\"https:\/\/recreaacademy.jalisco.gob.mx\/2022\/#website\"},\"datePublished\":\"2022-11-15T20:18:32+00:00\",\"dateModified\":\"2022-11-16T20:20:34+00:00\",\"breadcrumb\":{\"@id\":\"https:\/\/recreaacademy.jalisco.gob.mx\/2022\/agenda\/recrea-challenge\/#breadcrumb\"},\"inLanguage\":\"es\",\"potentialAction\":[{\"@type\":\"ReadAction\",\"target\":[\"https:\/\/recreaacademy.jalisco.gob.mx\/2022\/agenda\/recrea-challenge\/\"]}]},{\"@type\":\"BreadcrumbList\",\"@id\":\"https:\/\/recreaacademy.jalisco.gob.mx\/2022\/agenda\/recrea-challenge\/#breadcrumb\",\"itemListElement\":[{\"@type\":\"ListItem\",\"position\":1,\"name\":\"Inicio\",\"item\":\"https:\/\/recreaacademy.jalisco.gob.mx\/2022\/\"},{\"@type\":\"ListItem\",\"position\":2,\"name\":\"Agenda\",\"item\":\"https:\/\/recreaacademy.jalisco.gob.mx\/2022\/agenda\/\"},{\"@type\":\"ListItem\",\"position\":3,\"name\":\"Recrea Challenge\"}]},{\"@type\":\"WebSite\",\"@id\":\"https:\/\/recreaacademy.jalisco.gob.mx\/2022\/#website\",\"url\":\"https:\/\/recreaacademy.jalisco.gob.mx\/2022\/\",\"name\":\"Recrea Academy 2022\",\"description\":\"Recrear la educaci\u00f3n, Recrear el curr\u00edculo, Recrear la escuela y la CAV\",\"publisher\":{\"@id\":\"https:\/\/recreaacademy.jalisco.gob.mx\/2022\/#organization\"},\"potentialAction\":[{\"@type\":\"SearchAction\",\"target\":{\"@type\":\"EntryPoint\",\"urlTemplate\":\"https:\/\/recreaacademy.jalisco.gob.mx\/2022\/?s={search_term_string}\"},\"query-input\":\"required name=search_term_string\"}],\"inLanguage\":\"es\"},{\"@type\":\"Organization\",\"@id\":\"https:\/\/recreaacademy.jalisco.gob.mx\/2022\/#organization\",\"name\":\"Secretaria de Educaci\u00f3n de Jalisco\",\"url\":\"https:\/\/recreaacademy.jalisco.gob.mx\/2022\/\",\"logo\":{\"@type\":\"ImageObject\",\"inLanguage\":\"es\",\"@id\":\"https:\/\/recreaacademy.jalisco.gob.mx\/2022\/#\/schema\/logo\/image\/\",\"url\":\"https:\/\/recreaacademy.jalisco.gob.mx\/2022\/wp-content\/uploads\/2020\/11\/recrea-familia-logo-jalisco-educacion.png\",\"contentUrl\":\"https:\/\/recreaacademy.jalisco.gob.mx\/2022\/wp-content\/uploads\/2020\/11\/recrea-familia-logo-jalisco-educacion.png\",\"width\":400,\"height\":400,\"caption\":\"Secretaria de Educaci\u00f3n de Jalisco\"},\"image\":{\"@id\":\"https:\/\/recreaacademy.jalisco.gob.mx\/2022\/#\/schema\/logo\/image\/\"},\"sameAs\":[\"https:\/\/www.facebook.com\/educacion.jalisco\/\",\"https:\/\/x.com\/SecEducacionJal\"]}]}<\/script>\n<!-- \/ Yoast SEO plugin. -->","yoast_head_json":{"title":"Recrea Challenge - Recrea Academy 2022","robots":{"index":"index","follow":"follow","max-snippet":"max-snippet:-1","max-image-preview":"max-image-preview:large","max-video-preview":"max-video-preview:-1"},"canonical":"https:\/\/recreaacademy.jalisco.gob.mx\/2022\/agenda\/recrea-challenge\/","og_locale":"es_ES","og_type":"article","og_title":"Recrea Challenge - Recrea Academy 2022","og_description":"[et_pb_section fb_built=\u00bb1&#8243; _builder_version=\u00bb4.18.0&#8243; _module_preset=\u00bbdefault\u00bb da_disable_devices=\u00bboff|off|off\u00bb global_colors_info=\u00bb{}\u00bb theme_builder_area=\u00bbpost_content\u00bb da_is_popup=\u00bboff\u00bb da_exit_intent=\u00bboff\u00bb da_has_close=\u00bbon\u00bb da_alt_close=\u00bboff\u00bb da_dark_close=\u00bboff\u00bb da_not_modal=\u00bbon\u00bb da_is_singular=\u00bboff\u00bb da_with_loader=\u00bboff\u00bb da_has_shadow=\u00bbon\u00bb][et_pb_row _builder_version=\u00bb4.18.0&#8243; _module_preset=\u00bbdefault\u00bb width=\u00bb90%\u00bb max_width=\u00bb900px\u00bb global_colors_info=\u00bb{}\u00bb theme_builder_area=\u00bbpost_content\u00bb][et_pb_column type=\u00bb4_4&#8243; _builder_version=\u00bb4.18.0&#8243; _module_preset=\u00bbdefault\u00bb global_colors_info=\u00bb{}\u00bb theme_builder_area=\u00bbpost_content\u00bb][et_pb_text _builder_version=\u00bb4.18.0&#8243; _module_preset=\u00bbdefault\u00bb hover_enabled=\u00bb0&#8243; global_colors_info=\u00bb{}\u00bb theme_builder_area=\u00bbpost_content\u00bb sticky_enabled=\u00bb0&#8243;] [\/et_pb_text][\/et_pb_column][\/et_pb_row][\/et_pb_section]","og_url":"https:\/\/recreaacademy.jalisco.gob.mx\/2022\/agenda\/recrea-challenge\/","og_site_name":"Recrea Academy 2022","article_publisher":"https:\/\/www.facebook.com\/educacion.jalisco\/","article_modified_time":"2022-11-16T20:20:34+00:00","og_image":[{"width":1280,"height":720,"url":"https:\/\/recreaacademy.jalisco.gob.mx\/2022\/wp-content\/uploads\/2022\/09\/ra-2022-banner-rs-001.jpg","type":"image\/jpeg"}],"twitter_card":"summary_large_image","twitter_site":"@SecEducacionJal","twitter_misc":{"Tiempo de lectura":"1 minuto"},"schema":{"@context":"https:\/\/schema.org","@graph":[{"@type":"WebPage","@id":"https:\/\/recreaacademy.jalisco.gob.mx\/2022\/agenda\/recrea-challenge\/","url":"https:\/\/recreaacademy.jalisco.gob.mx\/2022\/agenda\/recrea-challenge\/","name":"Recrea Challenge - Recrea Academy 2022","isPartOf":{"@id":"https:\/\/recreaacademy.jalisco.gob.mx\/2022\/#website"},"datePublished":"2022-11-15T20:18:32+00:00","dateModified":"2022-11-16T20:20:34+00:00","breadcrumb":{"@id":"https:\/\/recreaacademy.jalisco.gob.mx\/2022\/agenda\/recrea-challenge\/#breadcrumb"},"inLanguage":"es","potentialAction":[{"@type":"ReadAction","target":["https:\/\/recreaacademy.jalisco.gob.mx\/2022\/agenda\/recrea-challenge\/"]}]},{"@type":"BreadcrumbList","@id":"https:\/\/recreaacademy.jalisco.gob.mx\/2022\/agenda\/recrea-challenge\/#breadcrumb","itemListElement":[{"@type":"ListItem","position":1,"name":"Inicio","item":"https:\/\/recreaacademy.jalisco.gob.mx\/2022\/"},{"@type":"ListItem","position":2,"name":"Agenda","item":"https:\/\/recreaacademy.jalisco.gob.mx\/2022\/agenda\/"},{"@type":"ListItem","position":3,"name":"Recrea Challenge"}]},{"@type":"WebSite","@id":"https:\/\/recreaacademy.jalisco.gob.mx\/2022\/#website","url":"https:\/\/recreaacademy.jalisco.gob.mx\/2022\/","name":"Recrea Academy 2022","description":"Recrear la educaci\u00f3n, Recrear el curr\u00edculo, Recrear la escuela y la CAV","publisher":{"@id":"https:\/\/recreaacademy.jalisco.gob.mx\/2022\/#organization"},"potentialAction":[{"@type":"SearchAction","target":{"@type":"EntryPoint","urlTemplate":"https:\/\/recreaacademy.jalisco.gob.mx\/2022\/?s={search_term_string}"},"query-input":"required name=search_term_string"}],"inLanguage":"es"},{"@type":"Organization","@id":"https:\/\/recreaacademy.jalisco.gob.mx\/2022\/#organization","name":"Secretaria de Educaci\u00f3n de Jalisco","url":"https:\/\/recreaacademy.jalisco.gob.mx\/2022\/","logo":{"@type":"ImageObject","inLanguage":"es","@id":"https:\/\/recreaacademy.jalisco.gob.mx\/2022\/#\/schema\/logo\/image\/","url":"https:\/\/recreaacademy.jalisco.gob.mx\/2022\/wp-content\/uploads\/2020\/11\/recrea-familia-logo-jalisco-educacion.png","contentUrl":"https:\/\/recreaacademy.jalisco.gob.mx\/2022\/wp-content\/uploads\/2020\/11\/recrea-familia-logo-jalisco-educacion.png","width":400,"height":400,"caption":"Secretaria de Educaci\u00f3n de Jalisco"},"image":{"@id":"https:\/\/recreaacademy.jalisco.gob.mx\/2022\/#\/schema\/logo\/image\/"},"sameAs":["https:\/\/www.facebook.com\/educacion.jalisco\/","https:\/\/x.com\/SecEducacionJal"]}]}},"_links":{"self":[{"href":"https:\/\/recreaacademy.jalisco.gob.mx\/2022\/wp-json\/wp\/v2\/pages\/63591"}],"collection":[{"href":"https:\/\/recreaacademy.jalisco.gob.mx\/2022\/wp-json\/wp\/v2\/pages"}],"about":[{"href":"https:\/\/recreaacademy.jalisco.gob.mx\/2022\/wp-json\/wp\/v2\/types\/page"}],"author":[{"embeddable":true,"href":"https:\/\/recreaacademy.jalisco.gob.mx\/2022\/wp-json\/wp\/v2\/users\/1"}],"replies":[{"embeddable":true,"href":"https:\/\/recreaacademy.jalisco.gob.mx\/2022\/wp-json\/wp\/v2\/comments?post=63591"}],"version-history":[{"count":0,"href":"https:\/\/recreaacademy.jalisco.gob.mx\/2022\/wp-json\/wp\/v2\/pages\/63591\/revisions"}],"up":[{"embeddable":true,"href":"https:\/\/recreaacademy.jalisco.gob.mx\/2022\/wp-json\/wp\/v2\/pages\/190"}],"wp:attachment":[{"href":"https:\/\/recreaacademy.jalisco.gob.mx\/2022\/wp-json\/wp\/v2\/media?parent=63591"}],"curies":[{"name":"wp","href":"https:\/\/api.w.org\/{rel}","templated":true}]}}