{"id":63640,"date":"2022-11-15T20:02:02","date_gmt":"2022-11-16T02:02:02","guid":{"rendered":"https:\/\/recreaacademy.jalisco.gob.mx\/2022\/?page_id=63640"},"modified":"2022-11-16T20:30:37","modified_gmt":"2022-11-17T02:30:37","slug":"mapa","status":"publish","type":"page","link":"https:\/\/recreaacademy.jalisco.gob.mx\/2022\/mapa\/","title":{"rendered":"Mapa"},"content":{"rendered":"<p>[et_pb_section fb_built=\u00bb1&#8243; admin_label=\u00bbSection\u00bb _builder_version=\u00bb4.18.0&#8243; _module_preset=\u00bbdefault\u00bb background_color=\u00bb#E7004C\u00bb use_background_color_gradient=\u00bbon\u00bb background_color_gradient_stops=\u00bbrgba(231,0,76,0.4) 0%|rgba(231,0,76,0.4) 100%\u00bb background_color_gradient_overlays_image=\u00bbon\u00bb background_image=\u00bbhttps:\/\/recreaacademy.jalisco.gob.mx\/2022\/wp-content\/uploads\/2022\/09\/ra-2022-background-001.png\u00bb parallax=\u00bbon\u00bb parallax_method=\u00bboff\u00bb custom_padding=\u00bb||0px||false|false\u00bb da_disable_devices=\u00bboff|off|off\u00bb global_colors_info=\u00bb{}\u00bb da_is_popup=\u00bboff\u00bb da_exit_intent=\u00bboff\u00bb da_has_close=\u00bbon\u00bb da_alt_close=\u00bboff\u00bb da_dark_close=\u00bboff\u00bb da_not_modal=\u00bbon\u00bb da_is_singular=\u00bboff\u00bb da_with_loader=\u00bboff\u00bb da_has_shadow=\u00bbon\u00bb][et_pb_row _builder_version=\u00bb4.18.0&#8243; _module_preset=\u00bbdefault\u00bb global_colors_info=\u00bb{}\u00bb][et_pb_column type=\u00bb4_4&#8243; _builder_version=\u00bb4.18.0&#8243; _module_preset=\u00bbdefault\u00bb global_colors_info=\u00bb{}\u00bb][et_pb_text _builder_version=\u00bb4.18.0&#8243; _module_preset=\u00bbdefault\u00bb text_font=\u00bb|800|||||||\u00bb text_text_color=\u00bb#ffffff\u00bb text_font_size=\u00bb46px\u00bb text_line_height=\u00bb1em\u00bb text_orientation=\u00bbcenter\u00bb text_font_size_tablet=\u00bb42px\u00bb text_font_size_phone=\u00bb32px\u00bb text_font_size_last_edited=\u00bbon|phone\u00bb locked=\u00bboff\u00bb global_colors_info=\u00bb{}\u00bb]<\/p>\n<p>Mapa General<\/p>\n<p>[\/et_pb_text][\/et_pb_column][\/et_pb_row][\/et_pb_section][et_pb_section fb_built=\u00bb1&#8243; specialty=\u00bbon\u00bb admin_label=\u00bbSection\u00bb module_class=\u00bbcustom-sp-sec\u00bb _builder_version=\u00bb4.18.0&#8243; _module_preset=\u00bbdefault\u00bb background_color=\u00bb#E7004C\u00bb use_background_color_gradient=\u00bbon\u00bb background_color_gradient_stops=\u00bbrgba(231,0,76,0.4) 0%|rgba(231,0,76,0.4) 100%\u00bb background_color_gradient_overlays_image=\u00bbon\u00bb background_image=\u00bbhttps:\/\/recreaacademy.jalisco.gob.mx\/2022\/wp-content\/uploads\/2022\/09\/ra-2022-background-001.png\u00bb parallax=\u00bbon\u00bb parallax_method=\u00bboff\u00bb custom_margin=\u00bb||||false|false\u00bb custom_padding=\u00bb0px||||false|false\u00bb da_disable_devices=\u00bboff|off|off\u00bb global_colors_info=\u00bb{}\u00bb da_is_popup=\u00bboff\u00bb da_exit_intent=\u00bboff\u00bb da_has_close=\u00bbon\u00bb da_alt_close=\u00bboff\u00bb da_dark_close=\u00bboff\u00bb da_not_modal=\u00bbon\u00bb da_is_singular=\u00bboff\u00bb da_with_loader=\u00bboff\u00bb da_has_shadow=\u00bbon\u00bb][et_pb_column type=\u00bb2_3&#8243; specialty_columns=\u00bb2&#8243; _builder_version=\u00bb4.16&#8243; custom_padding=\u00bb|||\u00bb global_colors_info=\u00bb{}\u00bb custom_padding__hover=\u00bb|||\u00bb][et_pb_row_inner _builder_version=\u00bb4.18.0&#8243; _module_preset=\u00bbdefault\u00bb global_colors_info=\u00bb{}\u00bb][et_pb_column_inner saved_specialty_column_type=\u00bb2_3&#8243; _builder_version=\u00bb4.18.0&#8243; _module_preset=\u00bbdefault\u00bb global_colors_info=\u00bb{}\u00bb][et_pb_text _builder_version=\u00bb4.18.0&#8243; _module_preset=\u00bbdefault\u00bb text_font=\u00bb|800|||||||\u00bb text_text_color=\u00bb#ffffff\u00bb text_font_size=\u00bb32px\u00bb text_line_height=\u00bb1em\u00bb text_orientation=\u00bbcenter\u00bb custom_margin=\u00bb||10px||false|false\u00bb text_font_size_tablet=\u00bb30px\u00bb text_font_size_phone=\u00bb24px\u00bb text_font_size_last_edited=\u00bbon|phone\u00bb global_colors_info=\u00bb{}\u00bb]<\/p>\n<p>Sal\u00f3n Guadalajara<\/p>\n<p>[\/et_pb_text][et_pb_text _builder_version=\u00bb4.18.0&#8243; _module_preset=\u00bbdefault\u00bb text_text_color=\u00bb#ffffff\u00bb text_font_size=\u00bb18px\u00bb text_orientation=\u00bbcenter\u00bb global_colors_info=\u00bb{}\u00bb]<\/p>\n<p>Da clic sobre un \u00e1rea para recibir m\u00e1s informaci\u00f3n<\/p>\n<p>[\/et_pb_text][et_pb_code _builder_version=\u00bb4.18.0&#8243; _module_preset=\u00bbdefault\u00bb global_colors_info=\u00bb{}\u00bb]<\/p>\n<div id=\"main-content-map\" class=\"map-wrap\"><!-- [et_pb_line_break_holder] -->        <img decoding=\"async\" id=\"bl-mapa-general\" src=\"https:\/\/recreaacademy.jalisco.gob.mx\/2022\/wp-content\/uploads\/2022\/11\/ra-2022-mapa-general.png\" usemap=\"#bl-mapa-general\"><!-- [et_pb_line_break_holder] --><!-- [et_pb_line_break_holder] -->        <\/p>\n<map name=\"bl-mapa-general\"><!-- [et_pb_line_break_holder] -->            <\/p>\n<area target=\"\" alt=\"Escenario principal\" title=\"Escenario principal\" href=\"#\" coords=\"93,506,148,568,296,570,325,545,325,299,303,278,159,277,92,339,57,340,59,506\" shape=\"poly\"><!-- [et_pb_line_break_holder] -->            <\/p>\n<area target=\"\" alt=\"Compartir para el bien com\u00fan\" title=\"Compartir para el bien com\u00fan\" href=\"#\" coords=\"567,224,662,339\" shape=\"rect\"><!-- [et_pb_line_break_holder] -->            <\/p>\n<area target=\"\" alt=\"Todos aprenden de todos\" title=\"Todos aprenden de todos\" href=\"#\" coords=\"567,349,661,463\" shape=\"rect\"><!-- [et_pb_line_break_holder] -->            <\/p>\n<area target=\"\" alt=\"Zona de realidad virtual\" title=\"Zona de realidad virtual\" href=\"#\" coords=\"578,505,774,667\" shape=\"rect\"><!-- [et_pb_line_break_holder] -->            <\/p>\n<area target=\"\" alt=\"Recrea challenge\" title=\"Recrea challenge\" href=\"#\" coords=\"816,503,930,663\" shape=\"rect\"><!-- [et_pb_line_break_holder] -->            <\/p>\n<area target=\"\" alt=\"Investigaci\u00f3n recrea\" title=\"Investigaci\u00f3n recrea\" href=\"#\" coords=\"964,583,1060,707\" shape=\"rect\"><!-- [et_pb_line_break_holder] -->            <\/p>\n<area target=\"\" alt=\"CAV\" title=\"CAV\" href=\"#\" coords=\"1158,707,1062,583\" shape=\"rect\"><!-- [et_pb_line_break_holder] -->            <\/p>\n<area target=\"\" alt=\"Calidad de los aprendizajes\" title=\"Calidad de los aprendizajes\" href=\"#\" coords=\"965,442,1060,564\" shape=\"rect\"><!-- [et_pb_line_break_holder] -->            <\/p>\n<area target=\"\" alt=\"Inclusi\u00f3n y equidad\" title=\"Inclusi\u00f3n y equidad\" href=\"#\" coords=\"1063,441,1158,564\" shape=\"rect\"><!-- [et_pb_line_break_holder] -->            <\/p>\n<area target=\"\" alt=\"Formaci\u00f3n ciudadana\" title=\"Formaci\u00f3n ciudadana\" href=\"#\" coords=\"966,287,1060,410\" shape=\"rect\"><!-- [et_pb_line_break_holder] -->            <\/p>\n<area target=\"\" alt=\"Socioemocional\" title=\"Socioemocional\" href=\"#\" coords=\"1062,288,1157,410\" shape=\"rect\"><!-- [et_pb_line_break_holder] -->            <\/p>\n<area target=\"\" alt=\"Curr\u00edculum\" title=\"Curr\u00edculum\" href=\"#\" coords=\"1060,250,966,129\" shape=\"rect\"><!-- [et_pb_line_break_holder] -->            <\/p>\n<area target=\"\" alt=\"Encuentros y congresos\" title=\"Encuentros y congresos\" href=\"#\" coords=\"1062,128,1158,250\" shape=\"rect\"><!-- [et_pb_line_break_holder] -->            <\/p>\n<area target=\"\" alt=\"M\u00f3dulo de informaci\u00f3n\" title=\"M\u00f3dulo de informaci\u00f3n\" href=\"#\" coords=\"850,353,913,418\" shape=\"rect\"><!-- [et_pb_line_break_holder] -->            <\/p>\n<area target=\"\" alt=\"Laboratorio de comunicaci\u00f3n\" title=\"Laboratorio de comunicaci\u00f3n\" href=\"#\" coords=\"695,350,799,426\" shape=\"rect\"><!-- [et_pb_line_break_holder] -->            <\/p>\n<area target=\"\" alt=\"Espiral CAV\" title=\"Espiral CAV\" href=\"#\" coords=\"800,299,693,147\" shape=\"rect\"><!-- [et_pb_line_break_holder] -->            <\/p>\n<area target=\"\" alt=\"Sala de medios\" title=\"Sala de medios\" href=\"#\" coords=\"433,151,528,207\" shape=\"rect\"><!-- [et_pb_line_break_holder] -->            <\/p>\n<area target=\"\" alt=\"Sala de entrevistas\" title=\"Sala de entrevistas\" href=\"#\" coords=\"480,292,543,333\" shape=\"rect\"><!-- [et_pb_line_break_holder] -->            <\/p>\n<area target=\"\" alt=\"Lounge de bienvenida\" title=\"Lounge de bienvenida\" href=\"#\" coords=\"432,508,532,662\" shape=\"rect\"><!-- [et_pb_line_break_holder] -->            <\/p>\n<area target=\"\" alt=\"Zona de descanso\" title=\"Zona de descanso\" href=\"#\" coords=\"194,146,392,246\" shape=\"rect\"><!-- [et_pb_line_break_holder] -->            <\/p>\n<area target=\"\" alt=\"Lounge VIP\" title=\"Lounge VIP\" href=\"#\" coords=\"338,291,388,371\" shape=\"rect\"><!-- [et_pb_line_break_holder] -->            <\/p>\n<area target=\"\" alt=\"Tarima de medios\" title=\"Tarima de medios\" href=\"#\" coords=\"338,379,389,458\" shape=\"rect\"><!-- [et_pb_line_break_holder] -->            <\/p>\n<area target=\"\" alt=\"Lounge SEJ\" title=\"Lounge SEJ\" href=\"#\" coords=\"338,474,389,552\" shape=\"rect\"><!-- [et_pb_line_break_holder] -->            <\/p>\n<area target=\"\" alt=\"Muestra pict\u00f3rica \"Inclusi\u00f3n\"\" title=\"Muestra pict\u00f3rica \"Inclusi\u00f3n\"\" href=\"#\" coords=\"827,129,933,303\" shape=\"rect\"><!-- [et_pb_line_break_holder] -->            <\/p>\n<area target=\"\" alt=\"LUDICAV\" title=\"LUDICAV\" href=\"#\" coords=\"462,14,933,104\" shape=\"rect\"><!-- [et_pb_line_break_holder] -->            <\/p>\n<area target=\"\" alt=\"Lounge de bienvenida\" title=\"Lounge de bienvenida\" href=\"#\" coords=\"548,265,405,208\" shape=\"rect\"><!-- [et_pb_line_break_holder] -->            <\/p>\n<area target=\"\" alt=\"Zona de descanso\" title=\"Zona de descanso\" href=\"#\" coords=\"199,608,394,705\" shape=\"rect\">        <!-- [et_pb_line_break_holder] -->        <\/map>\n<p><!-- [et_pb_line_break_holder] -->    <\/div>\n<p>[\/et_pb_code][\/et_pb_column_inner][\/et_pb_row_inner][et_pb_row_inner column_structure=\u00bb1_2,1_2&#8243; module_class=\u00bbtwo-rows\u00bb _builder_version=\u00bb4.18.0&#8243; _module_preset=\u00bbdefault\u00bb global_colors_info=\u00bb{}\u00bb][et_pb_column_inner type=\u00bb1_2&#8243; saved_specialty_column_type=\u00bb2_3&#8243; _builder_version=\u00bb4.18.0&#8243; _module_preset=\u00bbdefault\u00bb global_colors_info=\u00bb{}\u00bb][et_pb_image src=\u00bbhttps:\/\/recreaacademy.jalisco.gob.mx\/2022\/wp-content\/uploads\/2022\/11\/ra-2022-mapa-salon-gdl-txt-01.png\u00bb _builder_version=\u00bb4.18.0&#8243; _module_preset=\u00bbdefault\u00bb max_width_tablet=\u00bb320px\u00bb max_width_phone=\u00bb450px\u00bb max_width_last_edited=\u00bbon|tablet\u00bb global_colors_info=\u00bb{}\u00bb][\/et_pb_image][\/et_pb_column_inner][et_pb_column_inner type=\u00bb1_2&#8243; saved_specialty_column_type=\u00bb2_3&#8243; _builder_version=\u00bb4.18.0&#8243; _module_preset=\u00bbdefault\u00bb global_colors_info=\u00bb{}\u00bb][et_pb_image src=\u00bbhttps:\/\/recreaacademy.jalisco.gob.mx\/2022\/wp-content\/uploads\/2022\/11\/ra-2022-mapa-salon-gdl-txt-02.png\u00bb _builder_version=\u00bb4.18.0&#8243; _module_preset=\u00bbdefault\u00bb max_width=\u00bb300px\u00bb max_width_tablet=\u00bb250px\u00bb max_width_phone=\u00bb220px\u00bb max_width_last_edited=\u00bbon|phone\u00bb global_colors_info=\u00bb{}\u00bb][\/et_pb_image][\/et_pb_column_inner][\/et_pb_row_inner][\/et_pb_column][et_pb_column type=\u00bb1_3&#8243; _builder_version=\u00bb4.16&#8243; custom_padding=\u00bb|||\u00bb global_colors_info=\u00bb{}\u00bb custom_padding__hover=\u00bb|||\u00bb][et_pb_text _builder_version=\u00bb4.18.0&#8243; _module_preset=\u00bbdefault\u00bb text_font=\u00bb|800|||||||\u00bb text_text_color=\u00bb#ffffff\u00bb text_font_size=\u00bb32px\u00bb text_line_height=\u00bb1em\u00bb text_orientation=\u00bbcenter\u00bb text_font_size_tablet=\u00bb30px\u00bb text_font_size_phone=\u00bb24px\u00bb text_font_size_last_edited=\u00bbon|phone\u00bb global_colors_info=\u00bb{}\u00bb]Salones regionales<br \/>\n(2do. piso)[\/et_pb_text][et_pb_image src=\u00bbhttps:\/\/recreaacademy.jalisco.gob.mx\/2022\/wp-content\/uploads\/2022\/11\/ra-2022-mapa-salones.png\u00bb _builder_version=\u00bb4.18.0&#8243; _module_preset=\u00bbdefault\u00bb max_width=\u00bb450px\u00bb module_alignment=\u00bbcenter\u00bb global_colors_info=\u00bb{}\u00bb][\/et_pb_image][et_pb_image src=\u00bbhttps:\/\/recreaacademy.jalisco.gob.mx\/2022\/wp-content\/uploads\/2022\/11\/ra-2022-mapa-salones-txt.png\u00bb _builder_version=\u00bb4.18.0&#8243; _module_preset=\u00bbdefault\u00bb max_width=\u00bb400px\u00bb module_alignment=\u00bbcenter\u00bb global_colors_info=\u00bb{}\u00bb][\/et_pb_image][et_pb_button button_url=\u00bbhttps:\/\/recreaacademy.jalisco.gob.mx\/2022\/wp-content\/uploads\/2022\/11\/recrea-adacemy-2022-mapa.pdf\u00bb button_text=\u00bbDescarga el mapa completo\u00bb button_alignment=\u00bbcenter\u00bb _builder_version=\u00bb4.18.0&#8243; _module_preset=\u00bbdefault\u00bb custom_button=\u00bbon\u00bb button_text_color=\u00bb#ffffff\u00bb button_bg_color=\u00bb#FDC820&#8243; button_border_width=\u00bb0px\u00bb button_border_radius=\u00bb3px\u00bb button_font=\u00bb|600|||||||\u00bb button_icon=\u00bb&#xe092;||divi||400&#8243; custom_padding=\u00bb20px||20px||true|false\u00bb hover_enabled=\u00bb0&#8243; custom_css_main_element=\u00bbwidth: 100%;||max-width: 380px;\u00bb button_text_shadow_style=\u00bbpreset3&#8243; button_text_shadow_color=\u00bbrgba(0,0,0,0.3)\u00bb global_colors_info=\u00bb{}\u00bb url_new_window=\u00bbon\u00bb sticky_enabled=\u00bb0&#8243;][\/et_pb_button][\/et_pb_column][\/et_pb_section]<\/p>\n","protected":false},"excerpt":{"rendered":"<p>Mapa GeneralSal\u00f3n GuadalajaraDa clic sobre un \u00e1rea para recibir m\u00e1s informaci\u00f3nSalones regionales (2do. piso)<\/p>\n","protected":false},"author":1,"featured_media":0,"parent":0,"menu_order":0,"comment_status":"closed","ping_status":"closed","template":"","meta":{"_acf_changed":false,"_et_pb_use_builder":"on","_et_pb_old_content":"","_et_gb_content_width":"","footnotes":""},"class_list":["post-63640","page","type-page","status-publish","hentry"],"acf":[],"yoast_head":"<!-- This site is optimized with the Yoast SEO plugin v23.3 - https:\/\/yoast.com\/wordpress\/plugins\/seo\/ -->\n<title>Mapa - Recrea Academy 2022<\/title>\n<meta name=\"robots\" content=\"index, follow, max-snippet:-1, max-image-preview:large, max-video-preview:-1\" \/>\n<link rel=\"canonical\" href=\"https:\/\/recreaacademy.jalisco.gob.mx\/2022\/mapa\/\" \/>\n<meta property=\"og:locale\" content=\"es_ES\" \/>\n<meta property=\"og:type\" content=\"article\" \/>\n<meta property=\"og:title\" content=\"Mapa - Recrea Academy 2022\" \/>\n<meta property=\"og:description\" content=\"Mapa GeneralSal\u00f3n GuadalajaraDa clic sobre un \u00e1rea para recibir m\u00e1s informaci\u00f3nSalones regionales (2do. piso)\" \/>\n<meta property=\"og:url\" content=\"https:\/\/recreaacademy.jalisco.gob.mx\/2022\/mapa\/\" \/>\n<meta property=\"og:site_name\" content=\"Recrea Academy 2022\" \/>\n<meta property=\"article:publisher\" content=\"https:\/\/www.facebook.com\/educacion.jalisco\/\" \/>\n<meta property=\"article:modified_time\" content=\"2022-11-17T02:30:37+00:00\" \/>\n<meta property=\"og:image\" content=\"https:\/\/recreaacademy.jalisco.gob.mx\/2022\/wp-content\/uploads\/2022\/11\/ra-2022-mapa-general.png\" \/>\n<meta name=\"twitter:card\" content=\"summary_large_image\" \/>\n<meta name=\"twitter:site\" content=\"@SecEducacionJal\" \/>\n<script type=\"application\/ld+json\" class=\"yoast-schema-graph\">{\"@context\":\"https:\/\/schema.org\",\"@graph\":[{\"@type\":\"WebPage\",\"@id\":\"https:\/\/recreaacademy.jalisco.gob.mx\/2022\/mapa\/\",\"url\":\"https:\/\/recreaacademy.jalisco.gob.mx\/2022\/mapa\/\",\"name\":\"Mapa - Recrea Academy 2022\",\"isPartOf\":{\"@id\":\"https:\/\/recreaacademy.jalisco.gob.mx\/2022\/#website\"},\"primaryImageOfPage\":{\"@id\":\"https:\/\/recreaacademy.jalisco.gob.mx\/2022\/mapa\/#primaryimage\"},\"image\":{\"@id\":\"https:\/\/recreaacademy.jalisco.gob.mx\/2022\/mapa\/#primaryimage\"},\"thumbnailUrl\":\"https:\/\/recreaacademy.jalisco.gob.mx\/2022\/wp-content\/uploads\/2022\/11\/ra-2022-mapa-general.png\",\"datePublished\":\"2022-11-16T02:02:02+00:00\",\"dateModified\":\"2022-11-17T02:30:37+00:00\",\"breadcrumb\":{\"@id\":\"https:\/\/recreaacademy.jalisco.gob.mx\/2022\/mapa\/#breadcrumb\"},\"inLanguage\":\"es\",\"potentialAction\":[{\"@type\":\"ReadAction\",\"target\":[\"https:\/\/recreaacademy.jalisco.gob.mx\/2022\/mapa\/\"]}]},{\"@type\":\"ImageObject\",\"inLanguage\":\"es\",\"@id\":\"https:\/\/recreaacademy.jalisco.gob.mx\/2022\/mapa\/#primaryimage\",\"url\":\"https:\/\/recreaacademy.jalisco.gob.mx\/2022\/wp-content\/uploads\/2022\/11\/ra-2022-mapa-general.png\",\"contentUrl\":\"https:\/\/recreaacademy.jalisco.gob.mx\/2022\/wp-content\/uploads\/2022\/11\/ra-2022-mapa-general.png\",\"width\":1200,\"height\":748},{\"@type\":\"BreadcrumbList\",\"@id\":\"https:\/\/recreaacademy.jalisco.gob.mx\/2022\/mapa\/#breadcrumb\",\"itemListElement\":[{\"@type\":\"ListItem\",\"position\":1,\"name\":\"Inicio\",\"item\":\"https:\/\/recreaacademy.jalisco.gob.mx\/2022\/\"},{\"@type\":\"ListItem\",\"position\":2,\"name\":\"Mapa\"}]},{\"@type\":\"WebSite\",\"@id\":\"https:\/\/recreaacademy.jalisco.gob.mx\/2022\/#website\",\"url\":\"https:\/\/recreaacademy.jalisco.gob.mx\/2022\/\",\"name\":\"Recrea Academy 2022\",\"description\":\"Recrear la educaci\u00f3n, Recrear el curr\u00edculo, Recrear la escuela y la CAV\",\"publisher\":{\"@id\":\"https:\/\/recreaacademy.jalisco.gob.mx\/2022\/#organization\"},\"potentialAction\":[{\"@type\":\"SearchAction\",\"target\":{\"@type\":\"EntryPoint\",\"urlTemplate\":\"https:\/\/recreaacademy.jalisco.gob.mx\/2022\/?s={search_term_string}\"},\"query-input\":\"required name=search_term_string\"}],\"inLanguage\":\"es\"},{\"@type\":\"Organization\",\"@id\":\"https:\/\/recreaacademy.jalisco.gob.mx\/2022\/#organization\",\"name\":\"Secretaria de Educaci\u00f3n de Jalisco\",\"url\":\"https:\/\/recreaacademy.jalisco.gob.mx\/2022\/\",\"logo\":{\"@type\":\"ImageObject\",\"inLanguage\":\"es\",\"@id\":\"https:\/\/recreaacademy.jalisco.gob.mx\/2022\/#\/schema\/logo\/image\/\",\"url\":\"https:\/\/recreaacademy.jalisco.gob.mx\/2022\/wp-content\/uploads\/2020\/11\/recrea-familia-logo-jalisco-educacion.png\",\"contentUrl\":\"https:\/\/recreaacademy.jalisco.gob.mx\/2022\/wp-content\/uploads\/2020\/11\/recrea-familia-logo-jalisco-educacion.png\",\"width\":400,\"height\":400,\"caption\":\"Secretaria de Educaci\u00f3n de Jalisco\"},\"image\":{\"@id\":\"https:\/\/recreaacademy.jalisco.gob.mx\/2022\/#\/schema\/logo\/image\/\"},\"sameAs\":[\"https:\/\/www.facebook.com\/educacion.jalisco\/\",\"https:\/\/x.com\/SecEducacionJal\"]}]}<\/script>\n<!-- \/ Yoast SEO plugin. -->","yoast_head_json":{"title":"Mapa - Recrea Academy 2022","robots":{"index":"index","follow":"follow","max-snippet":"max-snippet:-1","max-image-preview":"max-image-preview:large","max-video-preview":"max-video-preview:-1"},"canonical":"https:\/\/recreaacademy.jalisco.gob.mx\/2022\/mapa\/","og_locale":"es_ES","og_type":"article","og_title":"Mapa - Recrea Academy 2022","og_description":"Mapa GeneralSal\u00f3n GuadalajaraDa clic sobre un \u00e1rea para recibir m\u00e1s informaci\u00f3nSalones regionales (2do. piso)","og_url":"https:\/\/recreaacademy.jalisco.gob.mx\/2022\/mapa\/","og_site_name":"Recrea Academy 2022","article_publisher":"https:\/\/www.facebook.com\/educacion.jalisco\/","article_modified_time":"2022-11-17T02:30:37+00:00","og_image":[{"url":"https:\/\/recreaacademy.jalisco.gob.mx\/2022\/wp-content\/uploads\/2022\/11\/ra-2022-mapa-general.png"}],"twitter_card":"summary_large_image","twitter_site":"@SecEducacionJal","schema":{"@context":"https:\/\/schema.org","@graph":[{"@type":"WebPage","@id":"https:\/\/recreaacademy.jalisco.gob.mx\/2022\/mapa\/","url":"https:\/\/recreaacademy.jalisco.gob.mx\/2022\/mapa\/","name":"Mapa - Recrea Academy 2022","isPartOf":{"@id":"https:\/\/recreaacademy.jalisco.gob.mx\/2022\/#website"},"primaryImageOfPage":{"@id":"https:\/\/recreaacademy.jalisco.gob.mx\/2022\/mapa\/#primaryimage"},"image":{"@id":"https:\/\/recreaacademy.jalisco.gob.mx\/2022\/mapa\/#primaryimage"},"thumbnailUrl":"https:\/\/recreaacademy.jalisco.gob.mx\/2022\/wp-content\/uploads\/2022\/11\/ra-2022-mapa-general.png","datePublished":"2022-11-16T02:02:02+00:00","dateModified":"2022-11-17T02:30:37+00:00","breadcrumb":{"@id":"https:\/\/recreaacademy.jalisco.gob.mx\/2022\/mapa\/#breadcrumb"},"inLanguage":"es","potentialAction":[{"@type":"ReadAction","target":["https:\/\/recreaacademy.jalisco.gob.mx\/2022\/mapa\/"]}]},{"@type":"ImageObject","inLanguage":"es","@id":"https:\/\/recreaacademy.jalisco.gob.mx\/2022\/mapa\/#primaryimage","url":"https:\/\/recreaacademy.jalisco.gob.mx\/2022\/wp-content\/uploads\/2022\/11\/ra-2022-mapa-general.png","contentUrl":"https:\/\/recreaacademy.jalisco.gob.mx\/2022\/wp-content\/uploads\/2022\/11\/ra-2022-mapa-general.png","width":1200,"height":748},{"@type":"BreadcrumbList","@id":"https:\/\/recreaacademy.jalisco.gob.mx\/2022\/mapa\/#breadcrumb","itemListElement":[{"@type":"ListItem","position":1,"name":"Inicio","item":"https:\/\/recreaacademy.jalisco.gob.mx\/2022\/"},{"@type":"ListItem","position":2,"name":"Mapa"}]},{"@type":"WebSite","@id":"https:\/\/recreaacademy.jalisco.gob.mx\/2022\/#website","url":"https:\/\/recreaacademy.jalisco.gob.mx\/2022\/","name":"Recrea Academy 2022","description":"Recrear la educaci\u00f3n, Recrear el curr\u00edculo, Recrear la escuela y la CAV","publisher":{"@id":"https:\/\/recreaacademy.jalisco.gob.mx\/2022\/#organization"},"potentialAction":[{"@type":"SearchAction","target":{"@type":"EntryPoint","urlTemplate":"https:\/\/recreaacademy.jalisco.gob.mx\/2022\/?s={search_term_string}"},"query-input":"required name=search_term_string"}],"inLanguage":"es"},{"@type":"Organization","@id":"https:\/\/recreaacademy.jalisco.gob.mx\/2022\/#organization","name":"Secretaria de Educaci\u00f3n de Jalisco","url":"https:\/\/recreaacademy.jalisco.gob.mx\/2022\/","logo":{"@type":"ImageObject","inLanguage":"es","@id":"https:\/\/recreaacademy.jalisco.gob.mx\/2022\/#\/schema\/logo\/image\/","url":"https:\/\/recreaacademy.jalisco.gob.mx\/2022\/wp-content\/uploads\/2020\/11\/recrea-familia-logo-jalisco-educacion.png","contentUrl":"https:\/\/recreaacademy.jalisco.gob.mx\/2022\/wp-content\/uploads\/2020\/11\/recrea-familia-logo-jalisco-educacion.png","width":400,"height":400,"caption":"Secretaria de Educaci\u00f3n de Jalisco"},"image":{"@id":"https:\/\/recreaacademy.jalisco.gob.mx\/2022\/#\/schema\/logo\/image\/"},"sameAs":["https:\/\/www.facebook.com\/educacion.jalisco\/","https:\/\/x.com\/SecEducacionJal"]}]}},"_links":{"self":[{"href":"https:\/\/recreaacademy.jalisco.gob.mx\/2022\/wp-json\/wp\/v2\/pages\/63640"}],"collection":[{"href":"https:\/\/recreaacademy.jalisco.gob.mx\/2022\/wp-json\/wp\/v2\/pages"}],"about":[{"href":"https:\/\/recreaacademy.jalisco.gob.mx\/2022\/wp-json\/wp\/v2\/types\/page"}],"author":[{"embeddable":true,"href":"https:\/\/recreaacademy.jalisco.gob.mx\/2022\/wp-json\/wp\/v2\/users\/1"}],"replies":[{"embeddable":true,"href":"https:\/\/recreaacademy.jalisco.gob.mx\/2022\/wp-json\/wp\/v2\/comments?post=63640"}],"version-history":[{"count":0,"href":"https:\/\/recreaacademy.jalisco.gob.mx\/2022\/wp-json\/wp\/v2\/pages\/63640\/revisions"}],"wp:attachment":[{"href":"https:\/\/recreaacademy.jalisco.gob.mx\/2022\/wp-json\/wp\/v2\/media?parent=63640"}],"curies":[{"name":"wp","href":"https:\/\/api.w.org\/{rel}","templated":true}]}}