{"id":1717,"date":"2024-10-13T18:57:17","date_gmt":"2024-10-14T00:57:17","guid":{"rendered":"https:\/\/recreaacademy.jalisco.gob.mx\/2024\/?page_id=1717"},"modified":"2024-10-15T08:59:24","modified_gmt":"2024-10-15T14:59:24","slug":"escenario-principal-recrea-15-de-octubre","status":"publish","type":"page","link":"https:\/\/recreaacademy.jalisco.gob.mx\/2024\/escenario-principal-recrea-15-de-octubre\/","title":{"rendered":"Escenario Principal Recrea 15 de octubre"},"content":{"rendered":"\t\t<div data-elementor-type=\"wp-page\" data-elementor-id=\"1717\" class=\"elementor elementor-1717\">\n\t\t\t\t<div class=\"elementor-element elementor-element-4575adbb e-flex e-con-boxed e-con e-parent\" data-id=\"4575adbb\" data-element_type=\"container\">\n\t\t\t\t\t<div class=\"e-con-inner\">\n\t\t\t\t<div class=\"elementor-element elementor-element-35cb63f elementor-widget elementor-widget-text-editor\" data-id=\"35cb63f\" data-element_type=\"widget\" data-widget_type=\"text-editor.default\">\n\t\t\t\t<div class=\"elementor-widget-container\">\n\t\t\t\t\t\t\t<iframe width=\"560\" height=\"440\" src=\"https:\/\/www.youtube.com\/embed\/0nYKejRVBD0?si=tf6gvU5fBzam5QLI\" title=\"YouTube video player\" frameborder=\"0\" allow=\"accelerometer; autoplay; clipboard-write; encrypted-media; gyroscope; picture-in-picture; web-share\" referrerpolicy=\"strict-origin-when-cross-origin\" allowfullscreen><\/iframe>\t\t\t\t\t\t<\/div>\n\t\t\t\t<\/div>\n\t\t\t\t<div class=\"elementor-element elementor-element-8ff3bae elementor-widget elementor-widget-text-editor\" data-id=\"8ff3bae\" data-element_type=\"widget\" data-widget_type=\"text-editor.default\">\n\t\t\t\t<div class=\"elementor-widget-container\">\n\t\t\t\t\t\t\t<!-- wp:group {\"layout\":{\"type\":\"constrained\"}} -->\n<div class=\"wp-block-group\"><!-- wp:columns -->\n<div class=\"wp-block-columns\"><!-- wp:column {\"width\":\"100%\"} -->\n<div class=\"wp-block-column\" style=\"flex-basis: 100%;\"><!-- wp:table -->\n<figure class=\"wp-block-table\">\n<table class=\"has-fixed-layout has-base-2-color\" style=\"white-space: pre-wrap; word-break: break-word;\">\n<thead>\n<tr style=\"background-color: #9f89e5;\">\n<th style=\"background-color: #6552a0;\" scope=\"col\">Horario<\/th>\n<th scope=\"col\">Ponente<\/th>\n<th scope=\"col\">T\u00edtulo<\/th>\n<th scope=\"col\">Descripci\u00f3n<\/th>\n<\/tr>\n<\/thead>\n<tbody>\n<tr style=\"background-color: #9f89e5;\">\n<th style=\"background-color: #6552a0;\" scope=\"row\">9:00 &#8211; 9:25<\/th>\n<td class=\"has-text-align-center\" colspan=\"3\" rowspan=\"2\">INAUGURACI\u00d3N &#8211; C\u00e1psula del tiempo<\/td>\n<\/tr>\n<tr style=\"background-color: #9f89e5;\">\n<th style=\"background-color: #6552a0;\" scope=\"row\">9:30 &#8211; 9:55<\/th>\n<\/tr>\n<tr style=\"background-color: #9f89e5;\">\n<th style=\"background-color: #6552a0;\" scope=\"row\">10:00 -10:25<\/th>\n<td>Juan Carlos Flores Miramontes<\/td>\n<td>Legado Recrea (c\u00e1psula del tiempo)<\/td>\n<td>\u00a0<\/td>\n<\/tr>\n<tr style=\"background-color: #9f89e5;\">\n<th style=\"background-color: #6552a0;\" scope=\"row\">10:30 &#8211; 10:55<\/th>\n<td rowspan=\"2\">Xavier Aragay<\/td>\n<td rowspan=\"2\">Primeros resultados del impacto del Proyecto RECREA y las CAV en Jalisco<\/td>\n<td rowspan=\"2\">El objetivo de la conferencia es presentar los primeros resultados de la investigaci\u00f3n realizada (hip\u00f3tesis inicial, trabajo de campo realizado y datos obtenidos, primeros resultados, as\u00ed como las reflexiones y propuestas emergentes asociadas).<\/td>\n<\/tr>\n<tr style=\"background-color: #9f89e5;\">\n<th style=\"background-color: #6552a0;\" scope=\"row\">11:00 &#8211; 11:25<\/th>\n<\/tr>\n<tr style=\"background-color: #9f89e5;\">\n<th style=\"background-color: #6552a0;\" scope=\"row\">11:30 &#8211; 11:55<\/th>\n<td rowspan=\"2\">Elisa Guerra<\/td>\n<td rowspan=\"2\">La Escuela en Crisis: \u00bfse puede ense\u00f1ar la felicidad?<\/td>\n<td rowspan=\"2\">La escuela le ha fallado a los ni\u00f1os. En Latinoam\u00e9rica, m\u00e1s de la mitad de los estudiantes no logran alcanzar los niveles esperados de comprensi\u00f3n lectora. Esta crisis global del aprendizaje tiene consecuencias graves para individuos y sociedades, pero no es irremediable: alrededor del mundo surgen propuestas inspiradoras para reimaginar juntos los futuros de la educaci\u00f3n, m\u00e1s all\u00e1 de las habilidades fundamentales<\/td>\n<\/tr>\n<tr style=\"background-color: #9f89e5;\">\n<th style=\"background-color: #6552a0;\" scope=\"row\">12:00 &#8211; 12:25<\/th>\n<\/tr>\n<tr style=\"background-color: #9f89e5;\">\n<th style=\"background-color: #6552a0;\" scope=\"row\">12:30 &#8211; 12:55<\/th>\n<td rowspan=\"2\">\u00d3scar Mart\u00edn Centeno<\/td>\n<td rowspan=\"2\">Liderazgo para la transformaci\u00f3n educativa<\/td>\n<td rowspan=\"2\">Ponencia sobre c\u00f3mo un modelo de liderazgo puede transformar un centro docente, generando una visi\u00f3n compartida que sea capaz de impulsar un cambio positivo en toda la comunidad educativa.<\/td>\n<\/tr>\n<tr style=\"background-color: #9f89e5;\">\n<th style=\"background-color: #6552a0;\" scope=\"row\">13:00 &#8211; 13:25<\/th>\n<\/tr>\n<tr style=\"background-color: #9f89e5;\">\n<th style=\"background-color: #6552a0;\" scope=\"row\">13:30 &#8211; 13:55<\/th>\n<td>Diego Nicol\u00e1s Dagnino<\/td>\n<td>El Poder de la Creatividad en el Sal\u00f3n de Clases<\/td>\n<td>Conoce los resultados del reporte global de creatividad en educaci\u00f3n, su impacto en el futuro del trabajo y c\u00f3mo Canva emerge como tu aliado fundamental para fomentar la creatividad en el sal\u00f3n de clases.<\/td>\n<\/tr>\n<tr style=\"background-color: #9f89e5;\">\n<th style=\"background-color: #6552a0;\" scope=\"row\">14:00 &#8211; 14:25<\/th>\n<td rowspan=\"2\">Sim\u00f3n Duque<\/td>\n<td rowspan=\"2\">Gamificaci\u00f3n Accionable: m\u00e1s all\u00e1 de los Puntos, Medallas y R\u00e1nkings<\/td>\n<td rowspan=\"2\">Aprende a hacer tus clases m\u00e1s motivantes y entretenidas con los 8 motivadores de la metodolog\u00eda de gamificaci\u00f3n m\u00e1s reconocida del mundo: &#8220;Octalysis&#8221;.<\/td>\n<\/tr>\n<tr style=\"background-color: #9f89e5;\">\n<th style=\"background-color: #6552a0;\" scope=\"row\">14:30 &#8211; 14:55<\/th>\n<\/tr>\n<tr style=\"background-color: #9f89e5;\">\n<th style=\"background-color: #6552a0;\" scope=\"row\">15:00 &#8211; 15:25<\/th>\n<td>Carlos Anaya<\/td>\n<td>Google innovando por la educaci\u00f3n con el apoyo de la Inteligencia Artificial<\/td>\n<td>Conocer los alcances, retos y oportunidades que ofrece la inteligencia artificial para la educaci\u00f3n, destacando el uso responsable y \u00e9tico de la misma, con el fin de contribuir con la personalizaci\u00f3n de los aprendizajes, la mejora en la pr\u00e1ctica docente y la preparaci\u00f3n efectiva de los estudiantes para el mercado laboral.<\/td>\n<\/tr>\n<tr style=\"background-color: #9f89e5;\">\n<th style=\"background-color: #6552a0;\" scope=\"row\">15:30 &#8211; 15:55<\/th>\n<td>Florencia Brandoni<\/td>\n<td>Todo lo que hay que saber sobre los conflictos para no morir en el intento<\/td>\n<td>En el marco de las relaciones sociales y vinculares interdependientes, la actitud y el comportamiento que adoptemos ante los conflictos determinan el curso de los intercambios conflictuales, cuestionan la identidad de los participantes e incrementan las emociones negativas y el malestar. Distinguir relaci\u00f3n y contenido, identificar las emociones en juego e incorporar herramientas comunicacionales adecuadas son los elementos b\u00e1sicos para romper la l\u00f3gica competitiva y dar un salto cualitativo hacia la l\u00f3gica de las diferencias.<\/td>\n<\/tr>\n<tr style=\"background-color: #9f89e5;\">\n<th style=\"background-color: #6552a0;\" scope=\"row\">16:00 &#8211; 16:25<\/th>\n<td rowspan=\"2\">Manuel O\u00b4Brien Hughes<\/td>\n<td rowspan=\"2\">IA en Educaci\u00f3n: transformando el aprendizaje<\/td>\n<td rowspan=\"2\">Una comprensi\u00f3n compartida de la IA y la educaci\u00f3n. \u00bfQu\u00e9 es? \u00bfDe qu\u00e9 sirve? \u00bfC\u00f3mo lo hacemos? \u00bfQu\u00e9 implica para la educaci\u00f3n? \u00bfqu\u00e9 herramientas existen? En esta exposici\u00f3n buscaremos responder estas preguntas y llevar a la audiencia a comprender qu\u00e9 tipo de desafios y oportunidades entrega la IA. M\u00e1s a\u00fan con el boom de la IA generativa, esta charla busca distinguir conceptos b\u00e1sicos y orientar a los educadores en herramientas \u00fatiles para el proceso de ense\u00f1anza-aprendizaje y la gesti\u00f3n educativa.<\/td>\n<\/tr>\n<tr style=\"background-color: #9f89e5;\">\n<th style=\"background-color: #6552a0;\" scope=\"row\">16:30 &#8211; 16:55<\/th>\n<\/tr>\n<tr style=\"background-color: #9f89e5;\">\n<th style=\"background-color: #6552a0;\" scope=\"row\">17:00 &#8211; 17:25<\/th>\n<td rowspan=\"2\">Cristian Figueroa<\/td>\n<td rowspan=\"2\">La escuela en comunidad: &#8220;El caso TejeRedes&#8221;<\/td>\n<td rowspan=\"2\">Esta conferencia presenta la experiencia de la &#8220;Escuela TejeRedes&#8221;, que promueve la construcci\u00f3n de comunidades a trav\u00e9s de la autogesti\u00f3n, la auto-organizaci\u00f3n y la colaboraci\u00f3n. Se explorar\u00e1 el enfoque ca\u00f3rdico, que equilibra orden y caos en el aprendizaje, y el modelo CLEHES, que integra cuerpo, lenguaje, emociones, historia, eros y silencio, para mejorar las din\u00e1micas comunitarias.<\/td>\n<\/tr>\n<tr style=\"background-color: #9f89e5;\">\n<th style=\"background-color: #6552a0;\" scope=\"row\">17:30 &#8211; 17:55<\/th>\n<\/tr>\n<tr style=\"background-color: #9f89e5;\">\n<th style=\"background-color: #6552a0;\" scope=\"row\">18:00 &#8211; 18:25<\/th>\n<td><\/td>\n<td><\/td>\n<td><\/td>\n<\/tr>\n<tr style=\"background-color: #9f89e5;\">\n<th style=\"background-color: #6552a0;\" scope=\"row\">18:30 &#8211; 18:55<\/th>\n<td colspan=\"3\">\u00a0<\/td>\n<\/tr>\n<\/tbody>\n<\/table>\n<\/figure>\n<!-- \/wp:table --><\/div>\n<!-- \/wp:column --><\/div>\n<!-- \/wp:columns --><\/div>\n<!-- \/wp:group -->\t\t\t\t\t\t<\/div>\n\t\t\t\t<\/div>\n\t\t\t\t\t<\/div>\n\t\t\t\t<\/div>\n\t\t\t\t<\/div>\n\t\t","protected":false},"excerpt":{"rendered":"<p>Horario Ponente T\u00edtulo Descripci\u00f3n 9:00 &#8211; 9:25 INAUGURACI\u00d3N &#8211; C\u00e1psula del tiempo 9:30 &#8211; 9:55 10:00 -10:25 Juan Carlos Flores Miramontes Legado Recrea (c\u00e1psula del tiempo) \u00a0 10:30 &#8211; 10:55 Xavier Aragay Primeros resultados del impacto del Proyecto RECREA y las CAV en Jalisco El objetivo de la conferencia es presentar los primeros resultados de [&hellip;]<\/p>\n","protected":false},"author":4,"featured_media":0,"parent":0,"menu_order":0,"comment_status":"closed","ping_status":"closed","template":"","meta":{"_monsterinsights_skip_tracking":false,"_monsterinsights_sitenote_active":false,"_monsterinsights_sitenote_note":"","_monsterinsights_sitenote_category":0,"footnotes":""},"class_list":["post-1717","page","type-page","status-publish","hentry"],"_links":{"self":[{"href":"https:\/\/recreaacademy.jalisco.gob.mx\/2024\/wp-json\/wp\/v2\/pages\/1717"}],"collection":[{"href":"https:\/\/recreaacademy.jalisco.gob.mx\/2024\/wp-json\/wp\/v2\/pages"}],"about":[{"href":"https:\/\/recreaacademy.jalisco.gob.mx\/2024\/wp-json\/wp\/v2\/types\/page"}],"author":[{"embeddable":true,"href":"https:\/\/recreaacademy.jalisco.gob.mx\/2024\/wp-json\/wp\/v2\/users\/4"}],"replies":[{"embeddable":true,"href":"https:\/\/recreaacademy.jalisco.gob.mx\/2024\/wp-json\/wp\/v2\/comments?post=1717"}],"version-history":[{"count":42,"href":"https:\/\/recreaacademy.jalisco.gob.mx\/2024\/wp-json\/wp\/v2\/pages\/1717\/revisions"}],"predecessor-version":[{"id":2450,"href":"https:\/\/recreaacademy.jalisco.gob.mx\/2024\/wp-json\/wp\/v2\/pages\/1717\/revisions\/2450"}],"wp:attachment":[{"href":"https:\/\/recreaacademy.jalisco.gob.mx\/2024\/wp-json\/wp\/v2\/media?parent=1717"}],"curies":[{"name":"wp","href":"https:\/\/api.w.org\/{rel}","templated":true}]}}