{"id":1723,"date":"2024-10-13T14:41:53","date_gmt":"2024-10-13T20:41:53","guid":{"rendered":"https:\/\/recreaacademy.jalisco.gob.mx\/2024\/?page_id=1723"},"modified":"2024-10-15T10:00:58","modified_gmt":"2024-10-15T16:00:58","slug":"escenario-legado-recrea-plai-sala-de-juntas-piso-3-15-de-octubre","status":"publish","type":"page","link":"https:\/\/recreaacademy.jalisco.gob.mx\/2024\/escenario-legado-recrea-plai-sala-de-juntas-piso-3-15-de-octubre\/","title":{"rendered":"Escenario: Legado Recrea &#8211; 15 de octubre"},"content":{"rendered":"\t\t<div data-elementor-type=\"wp-page\" data-elementor-id=\"1723\" class=\"elementor elementor-1723\">\n\t\t\t\t<div class=\"elementor-element elementor-element-77c9ff81 e-flex e-con-boxed e-con e-parent\" data-id=\"77c9ff81\" data-element_type=\"container\">\n\t\t\t\t\t<div class=\"e-con-inner\">\n\t\t\t\t<div class=\"elementor-element elementor-element-27a7c25 elementor-widget elementor-widget-text-editor\" data-id=\"27a7c25\" data-element_type=\"widget\" data-widget_type=\"text-editor.default\">\n\t\t\t\t<div class=\"elementor-widget-container\">\n\t\t\t\t\t\t\t<iframe width=\"560\" height=\"440\" src=\"https:\/\/www.youtube.com\/embed\/uoFHdhjYMYc?si=zIeYY1jEtFxjM-KP\" title=\"YouTube video player\" frameborder=\"0\" allow=\"accelerometer; autoplay; clipboard-write; encrypted-media; gyroscope; picture-in-picture; web-share\" referrerpolicy=\"strict-origin-when-cross-origin\" allowfullscreen><\/iframe>\t\t\t\t\t\t<\/div>\n\t\t\t\t<\/div>\n\t\t\t\t<div class=\"elementor-element elementor-element-1f60d221 elementor-widget elementor-widget-text-editor\" data-id=\"1f60d221\" data-element_type=\"widget\" data-widget_type=\"text-editor.default\">\n\t\t\t\t<div class=\"elementor-widget-container\">\n\t\t\t\t\t\t\t<p><!-- wp:group {\"layout\":{\"type\":\"constrained\"}} --><\/p>\n<div class=\"wp-block-group\">\n<p><!-- wp:columns --><\/p>\n<div class=\"wp-block-columns\">\n<p><!-- wp:column {\"width\":\"100%\"} --><\/p>\n<div class=\"wp-block-column\" style=\"flex-basis: 100%;\">\n<p><!-- wp:table --><\/p>\n<figure class=\"wp-block-table\">\n<table class=\"has-fixed-layout has-base-2-color\" style=\"white-space: pre-wrap; word-break: break-word;\">\n<thead>\n<tr style=\"background-color: #9f89e5;\">\n<th style=\"background-color: #6552a0;\" scope=\"col\">Horario<\/th>\n<th scope=\"col\">Ponente<\/th>\n<th scope=\"col\">T\u00edtulo<\/th>\n<th scope=\"col\">Descripci\u00f3n<\/th>\n<\/tr>\n<\/thead>\n<tbody>\n<tr style=\"background-color: #9f89e5;\">\n<th style=\"background-color: #6552a0;\" scope=\"row\">9:00 &#8211; 9:25<\/th>\n<td class=\"has-text-align-center\" colspan=\"3\" rowspan=\"2\">\u00a0<\/td>\n<\/tr>\n<tr style=\"background-color: #9f89e5;\">\n<th style=\"background-color: #6552a0;\" scope=\"row\">9:30 &#8211; 9:55<\/th>\n<\/tr>\n<tr style=\"background-color: #9f89e5;\">\n<th style=\"background-color: #6552a0;\" scope=\"row\">10:00 -10:25<\/th>\n<td colspan=\"3\">\u00a0<\/td>\n<\/tr>\n<tr style=\"background-color: #9f89e5;\">\n<th style=\"background-color: #6552a0;\" scope=\"row\">10:30 &#8211; 10:55<\/th>\n<td class=\"has-text-align-center\" colspan=\"3\">Videos c\u00e1psulas del legado recrea<\/td>\n<\/tr>\n<tr style=\"background-color: #9f89e5;\">\n<th style=\"background-color: #6552a0;\" scope=\"row\">11:00 &#8211; 11:25<\/th>\n<td rowspan=\"2\">Roc\u00edo Gonz\u00e1lez, Josefina Torres, Gerardo Coronado, Gabino C\u00e1rdenas, Yolanda Quintero, Marco Oceguera, Matiana Carrillo.<\/td>\n<td rowspan=\"2\">Un origen por compartir<\/td>\n<td rowspan=\"2\">Recuperaci\u00f3n del dise\u00f1o del proyecto educativo Recrea.<\/td>\n<\/tr>\n<tr style=\"background-color: #9f89e5;\">\n<th style=\"background-color: #6552a0;\" scope=\"row\">11:30 &#8211; 11:55<\/th>\n<\/tr>\n<tr style=\"background-color: #9f89e5;\">\n<th style=\"background-color: #6552a0;\" scope=\"row\">12:00 &#8211; 12:25<\/th>\n<td rowspan=\"2\">Marco Antonio Mota, Ana Vallejo, Margarita Gonz\u00e1lez.<\/td>\n<td rowspan=\"2\">Vivir el reto de consolidar la CAV<\/td>\n<td rowspan=\"2\">Compartir vivencias y experiencias del Legado Recrea desde el coraz\u00f3n de las CAV, que permitan identificar logros y retos a partir de los distintos referentes de Recrea.<\/td>\n<\/tr>\n<tr style=\"background-color: #9f89e5;\">\n<th style=\"background-color: #6552a0;\" scope=\"row\">12:30 &#8211; 12:55<\/th>\n<\/tr>\n<tr style=\"background-color: #9f89e5;\">\n<th style=\"background-color: #6552a0;\" scope=\"row\">13:00 &#8211; 13:25<\/th>\n<td>Carlos Anaya<\/td>\n<td>La IA y el Futuro de la Educaci\u00f3n con Google<\/td>\n<td>Conocer los alcances, retos y oportunidades que ofrece la inteligencia artificial para la educaci\u00f3n, destacando el uso responsable y \u00e9tico de la misma, con el fin de contribuir con la personalizaci\u00f3n de los aprendizajes, la mejora en la pr\u00e1ctica docente y la preparaci\u00f3n efectiva de los estudiantes para el mercado laboral.<\/td>\n<\/tr>\n<tr style=\"background-color: #9f89e5;\">\n<th style=\"background-color: #6552a0;\" scope=\"row\">13:30 &#8211; 13:55<\/th>\n<td>Antonio Paoli<\/td>\n<td>Narrativa y equidad de g\u00e9nero<\/td>\n<td>\u00a0<\/td>\n<\/tr>\n<tr style=\"background-color: #9f89e5;\">\n<th style=\"background-color: #6552a0;\" scope=\"row\">14:00 &#8211; 14:25<\/th>\n<td rowspan=\"2\">Juan Carlos Flores Miramontes<\/td>\n<td rowspan=\"2\">Horizonte Recrea<\/td>\n<td rowspan=\"2\">\u00a0<\/td>\n<\/tr>\n<tr style=\"background-color: #9f89e5;\">\n<th style=\"background-color: #6552a0;\" scope=\"row\">14:30 &#8211; 14:55<\/th>\n<\/tr>\n<tr style=\"background-color: #9f89e5;\">\n<th style=\"background-color: #6552a0;\" scope=\"row\">15:00 &#8211; 15:25<\/th>\n<td rowspan=\"2\">Isabel Loera, Xochitl Villa.<br \/>Modera: Guillermina Villanueva<\/td>\n<td rowspan=\"2\">Retos para alcanzar la autonom\u00eda responsable<\/td>\n<td rowspan=\"2\">Abordaremos los logros y el Legado en la promoci\u00f3n de la autonom\u00eda responsable en nuestras CAV, resaltando el empoderamiento y la toma de decisiones sostenibles. Como supervisoras, qu\u00e9 retos enfrentamos al desaf\u00edo de mejorar mis pr\u00e1cticas de acompa\u00f1amiento, fomentando un entorno de colaboraci\u00f3n y confianza, subrayando la importancia de seguir avanzando hacia una autonom\u00eda sostenible, donde cada voz sea valorada.<\/td>\n<\/tr>\n<tr style=\"background-color: #9f89e5;\">\n<th style=\"background-color: #6552a0;\" scope=\"row\">15:30 &#8211; 15:55<\/th>\n<\/tr>\n<tr style=\"background-color: #9f89e5;\">\n<th style=\"background-color: #6552a0;\" scope=\"row\">16:00 &#8211; 16:25<\/th>\n<td rowspan=\"2\">Francisco Joya, Victor Villafuerte, Carlos Alatorre.<br \/>Modera: Maricela Dominguez<\/td>\n<td rowspan=\"2\">Nuestra Ruta para alcanzar el horizonte RECREA<\/td>\n<td rowspan=\"2\">Comparir vivencias y experiencias del Legado RECREA desde el coraz\u00f3n de las CAV, que permitan identificar logros y retos a partir de los distintos referentes de RECREA.<\/td>\n<\/tr>\n<tr style=\"background-color: #9f89e5;\">\n<th style=\"background-color: #6552a0;\" scope=\"row\">16:30 &#8211; 16:55<\/th>\n<\/tr>\n<tr style=\"background-color: #9f89e5;\">\n<th style=\"background-color: #6552a0;\" scope=\"row\">17:00 &#8211; 17:25<\/th>\n<td rowspan=\"3\">Sim\u00f3n Duque<\/td>\n<td rowspan=\"3\">Gamificaci\u00f3n y Octalysis como herramienta para transformar la comunidad educativa institucionalmente<\/td>\n<td rowspan=\"3\">Motivadores, actividades y recompensas para una experiencia gamificada exitosa.<\/td>\n<\/tr>\n<tr style=\"background-color: #9f89e5;\">\n<th style=\"background-color: #6552a0;\" scope=\"row\">17:30 &#8211; 17:55<\/th>\n<\/tr>\n<tr style=\"background-color: #9f89e5;\">\n<th style=\"background-color: #6552a0;\" scope=\"row\">18:00 &#8211; 18:25<\/th>\n<\/tr>\n<tr style=\"background-color: #9f89e5;\">\n<th style=\"background-color: #6552a0;\" scope=\"row\">18:30 &#8211; 18:55<\/th>\n<td colspan=\"3\">\u00a0<\/td>\n<\/tr>\n<\/tbody>\n<\/table>\n<\/figure>\n<p><!-- \/wp:table --><\/p>\n<\/div>\n<p><!-- \/wp:column --><\/p>\n<\/div>\n<p><!-- \/wp:columns --><\/p>\n<\/div>\n<p><!-- \/wp:group --><\/p>\t\t\t\t\t\t<\/div>\n\t\t\t\t<\/div>\n\t\t\t\t\t<\/div>\n\t\t\t\t<\/div>\n\t\t\t\t<\/div>\n\t\t","protected":false},"excerpt":{"rendered":"<p>Horario Ponente T\u00edtulo Descripci\u00f3n 9:00 &#8211; 9:25 \u00a0 9:30 &#8211; 9:55 10:00 -10:25 \u00a0 10:30 &#8211; 10:55 Videos c\u00e1psulas del legado recrea 11:00 &#8211; 11:25 Roc\u00edo Gonz\u00e1lez, Josefina Torres, Gerardo Coronado, Gabino C\u00e1rdenas, Yolanda Quintero, Marco Oceguera, Matiana Carrillo. Un origen por compartir Recuperaci\u00f3n del dise\u00f1o del proyecto educativo Recrea. 11:30 &#8211; 11:55 12:00 &#8211; [&hellip;]<\/p>\n","protected":false},"author":4,"featured_media":0,"parent":0,"menu_order":0,"comment_status":"closed","ping_status":"closed","template":"","meta":{"_monsterinsights_skip_tracking":false,"_monsterinsights_sitenote_active":false,"_monsterinsights_sitenote_note":"","_monsterinsights_sitenote_category":0,"footnotes":""},"class_list":["post-1723","page","type-page","status-publish","hentry"],"_links":{"self":[{"href":"https:\/\/recreaacademy.jalisco.gob.mx\/2024\/wp-json\/wp\/v2\/pages\/1723"}],"collection":[{"href":"https:\/\/recreaacademy.jalisco.gob.mx\/2024\/wp-json\/wp\/v2\/pages"}],"about":[{"href":"https:\/\/recreaacademy.jalisco.gob.mx\/2024\/wp-json\/wp\/v2\/types\/page"}],"author":[{"embeddable":true,"href":"https:\/\/recreaacademy.jalisco.gob.mx\/2024\/wp-json\/wp\/v2\/users\/4"}],"replies":[{"embeddable":true,"href":"https:\/\/recreaacademy.jalisco.gob.mx\/2024\/wp-json\/wp\/v2\/comments?post=1723"}],"version-history":[{"count":33,"href":"https:\/\/recreaacademy.jalisco.gob.mx\/2024\/wp-json\/wp\/v2\/pages\/1723\/revisions"}],"predecessor-version":[{"id":2456,"href":"https:\/\/recreaacademy.jalisco.gob.mx\/2024\/wp-json\/wp\/v2\/pages\/1723\/revisions\/2456"}],"wp:attachment":[{"href":"https:\/\/recreaacademy.jalisco.gob.mx\/2024\/wp-json\/wp\/v2\/media?parent=1723"}],"curies":[{"name":"wp","href":"https:\/\/api.w.org\/{rel}","templated":true}]}}