{"id":1731,"date":"2024-10-13T21:27:22","date_gmt":"2024-10-14T03:27:22","guid":{"rendered":"https:\/\/recreaacademy.jalisco.gob.mx\/2024\/?page_id=1731"},"modified":"2024-10-15T12:42:55","modified_gmt":"2024-10-15T18:42:55","slug":"7-congreso-internacional-de-psicopedagogia-15-de-octubre","status":"publish","type":"page","link":"https:\/\/recreaacademy.jalisco.gob.mx\/2024\/7-congreso-internacional-de-psicopedagogia-15-de-octubre\/","title":{"rendered":"7\u00b0 Congreso Internacional de Psicopedagog\u00eda 15 de octubre"},"content":{"rendered":"\t\t<div data-elementor-type=\"wp-page\" data-elementor-id=\"1731\" class=\"elementor elementor-1731\">\n\t\t\t\t<div class=\"elementor-element elementor-element-5bf74f0b e-flex e-con-boxed e-con e-parent\" data-id=\"5bf74f0b\" data-element_type=\"container\">\n\t\t\t\t\t<div class=\"e-con-inner\">\n\t\t\t\t<div class=\"elementor-element elementor-element-489acde elementor-widget elementor-widget-text-editor\" data-id=\"489acde\" data-element_type=\"widget\" data-widget_type=\"text-editor.default\">\n\t\t\t\t<div class=\"elementor-widget-container\">\n\t\t\t\t\t\t\t<iframe width=\"560\" height=\"440\" src=\"https:\/\/www.youtube.com\/embed\/11R41G7XOeQ?si=CamfJ-IZUVxR6F2V\" title=\"YouTube video player\" frameborder=\"0\" allow=\"accelerometer; autoplay; clipboard-write; encrypted-media; gyroscope; picture-in-picture; web-share\" referrerpolicy=\"strict-origin-when-cross-origin\" allowfullscreen><\/iframe>\t\t\t\t\t\t<\/div>\n\t\t\t\t<\/div>\n\t\t\t\t<div class=\"elementor-element elementor-element-428c6731 elementor-widget elementor-widget-text-editor\" data-id=\"428c6731\" data-element_type=\"widget\" data-widget_type=\"text-editor.default\">\n\t\t\t\t<div class=\"elementor-widget-container\">\n\t\t\t\t\t\t\t<p>&nbsp;<\/p>\n<!-- wp:group {\"layout\":{\"type\":\"constrained\"}} -->\n<div class=\"wp-block-group\"><!-- wp:columns -->\n<div class=\"wp-block-columns\"><!-- wp:column {\"width\":\"100%\"} -->\n<div class=\"wp-block-column\" style=\"flex-basis: 100%;\"><!-- wp:table -->\n<figure class=\"wp-block-table\">\n<table class=\"has-fixed-layout has-base-2-color\">\n<thead>\n<tr style=\"background-color: #9F89E5;\">\n<th style=\"background-color: #6552A0;\" scope=\"col\">Horario<\/th>\n<th scope=\"col\">Ponente<\/th>\n<th scope=\"col\">T\u00edtulo<\/th>\n<th scope=\"col\">Descripci\u00f3n<\/th>\n<\/tr>\n<\/thead>\n<tbody>\n<tr style=\"background-color: #9F89E5;\">\n<th style=\"background-color: #6552A0;\" scope=\"row\">9:00 &#8211; 9:25<\/th>\n<td class=\"has-text-align-center\" colspan=\"3\" rowspan=\"2\">\u00a0<\/td>\n<\/tr>\n<tr style=\"background-color: #9F89E5;\">\n<th style=\"background-color: #6552A0;\" scope=\"row\">9:30 &#8211; 9:55<\/th>\n<\/tr>\n<tr style=\"background-color: #9F89E5;\">\n<th style=\"background-color: #6552A0;\" scope=\"row\">10:00 -10:25<\/th>\n<td rowspan=\"2\">Rodrigo Padilla<\/td>\n<td rowspan=\"2\">Bienestar docente: esfera espiritual<\/td>\n<td rowspan=\"2\">Partiendo del Modelo SPIRE, nos adentraremos en la esfera \u201cEspiritual\u201d no solo para comprender los elementos que la conforman sino en herramientas pr\u00e1cticas que podr\u00e1 el docente poner en pr\u00e1ctica para cultivar mejores relaciones, darle un mayor significado a su vida y a su que-hacer diario y elevar sus niveles de bienestar.<\/td>\n<\/tr>\n<tr style=\"background-color: #9F89E5;\">\n<th style=\"background-color: #6552A0;\" scope=\"row\">10:30 &#8211; 10:55<\/th>\n<\/tr>\n<tr style=\"background-color: #9F89E5;\">\n<th style=\"background-color: #6552A0;\" scope=\"row\">11:00 &#8211; 11:25<\/th>\n<td rowspan=\"6\">Florencia Brandoni<\/td>\n<td rowspan=\"6\">De la confrontaci\u00f3n a la cooperaci\u00f3n<\/td>\n<td rowspan=\"6\">Esta charla explora una nueva forma de entender el conflicto interpersonal, reconoci\u00e9ndolo no como un obst\u00e1culo, sino como una oportunidad para el cambio y el crecimiento. A trav\u00e9s de un enfoque cooperativo, los participantes aprender\u00e1n a reconocer los aspectos emocionales de los conflictos, desarrollar habilidades para colaborar con otros y encontrar soluciones que beneficien a todas las partes involucradas.<\/td>\n<\/tr>\n<tr style=\"background-color: #9F89E5;\">\n<th style=\"background-color: #6552A0;\" scope=\"row\">11:30 &#8211; 11:55<\/th>\n<\/tr>\n<tr style=\"background-color: #9F89E5;\">\n<th style=\"background-color: #6552A0;\" scope=\"row\">12:00 &#8211; 12:25<\/th>\n<\/tr>\n<tr style=\"background-color: #9F89E5;\">\n<th style=\"background-color: #6552A0;\" scope=\"row\">12:30 &#8211; 12:55<\/th>\n<\/tr>\n<tr style=\"background-color: #9F89E5;\">\n<th style=\"background-color: #6552A0;\" scope=\"row\">13:00 &#8211; 13:25<\/th>\n<\/tr>\n<tr style=\"background-color: #9F89E5;\">\n<th style=\"background-color: #6552A0;\" scope=\"row\">13:30 &#8211; 13:55<\/th>\n<\/tr>\n<tr style=\"background-color: #9F89E5;\">\n<th style=\"background-color: #6552A0;\" scope=\"row\">14:00 &#8211; 14:25<\/th>\n<td rowspan=\"2\">Marlene Behar Saad<\/td>\n<td rowspan=\"2\">Desarrollando el Elemento intelectual como parte del bienestar<\/td>\n<td rowspan=\"2\">Analizamos los elementos que nos ayudan a desarrollar el elemento intelectual y los elementos que nos frenan.<\/td>\n<\/tr>\n<tr style=\"background-color: #9F89E5;\">\n<th style=\"background-color: #6552A0;\" scope=\"row\">14:30 &#8211; 14:55<\/th>\n<\/tr>\n<tr style=\"background-color: #9F89E5;\">\n<th style=\"background-color: #6552A0;\" scope=\"row\">15:00 &#8211; 15:25<\/th>\n<td rowspan=\"4\">Christian Plebst<\/td>\n<td rowspan=\"4\">El despertar procesos de aprendizaje evolutivos conscientes: v\u00eda natural hacia la sustentabilidad, equidad, bienestar y convivencia<\/td>\n<td rowspan=\"4\">A pesar de haber superado los desaf\u00edos de supervivencia en la naturaleza, seguimos operando bajo una mentalidad de competencia y depredaci\u00f3n, tanto hacia los dem\u00e1s como hacia nuestro entorno. Esta conferencia propone un cambio radical: reconectar con la vida como nuestra identidad esencial, despertando la empat\u00eda y la compasi\u00f3n para cuidar y potenciar todo lo vivo.<\/td>\n<\/tr>\n<tr style=\"background-color: #9F89E5;\">\n<th style=\"background-color: #6552A0;\" scope=\"row\">15:30 &#8211; 15:55<\/th>\n<\/tr>\n<tr style=\"background-color: #9F89E5;\">\n<th style=\"background-color: #6552A0;\" scope=\"row\">16:00 &#8211; 16:25<\/th>\n<\/tr>\n<tr style=\"background-color: #9F89E5;\">\n<th style=\"background-color: #6552A0;\" scope=\"row\">16:30 &#8211; 16:55<\/th>\n<\/tr>\n<tr style=\"background-color: #9F89E5;\">\n<th style=\"background-color: #6552A0;\" scope=\"row\">17:00 &#8211; 17:25<\/th>\n<td rowspan=\"2\">Jaqueline Gonzalez Soto<\/td>\n<td rowspan=\"2\">Bienestar Docente: Esfera F\u00edsica<\/td>\n<td rowspan=\"2\">Primero se trata de abordar el tema del Bienestar docente desde la esfera f\u00edsica, su importancia y la creaci\u00f3n de espacios en donde se brinde dicho bienestar, dejando al final una propuesta de intervenci\u00f3n desde la salud en el trabajo.<\/td>\n<\/tr>\n<tr style=\"background-color: #9F89E5;\">\n<th style=\"background-color: #6552A0;\" scope=\"row\">17:30 &#8211; 17:55<\/th>\n<\/tr>\n<tr style=\"background-color: #9F89E5;\">\n<th style=\"background-color: #6552A0;\" scope=\"row\">18:00 &#8211; 18:25<\/th>\n<td colspan=\"3\">\u00a0<\/td>\n<\/tr>\n<tr style=\"background-color: #9F89E5;\">\n<th style=\"background-color: #6552A0;\" scope=\"row\">18:30 &#8211; 18:55<\/th>\n<td colspan=\"3\">\u00a0<\/td>\n\n<\/tr>\n<\/tbody>\n<\/table>\n<\/figure>\n<!-- \/wp:table --><\/div>\n<!-- \/wp:column --><\/div>\n<!-- \/wp:columns --><\/div>\n<!-- \/wp:group -->\n<p>&nbsp;<\/p>\t\t\t\t\t\t<\/div>\n\t\t\t\t<\/div>\n\t\t\t\t\t<\/div>\n\t\t\t\t<\/div>\n\t\t\t\t<\/div>\n\t\t","protected":false},"excerpt":{"rendered":"<p>&nbsp; Horario Ponente T\u00edtulo Descripci\u00f3n 9:00 &#8211; 9:25 \u00a0 9:30 &#8211; 9:55 10:00 -10:25 Rodrigo Padilla Bienestar docente: esfera espiritual Partiendo del Modelo SPIRE, nos adentraremos en la esfera \u201cEspiritual\u201d no solo para comprender los elementos que la conforman sino en herramientas pr\u00e1cticas que podr\u00e1 el docente poner en pr\u00e1ctica para cultivar mejores relaciones, darle [&hellip;]<\/p>\n","protected":false},"author":4,"featured_media":0,"parent":0,"menu_order":0,"comment_status":"closed","ping_status":"closed","template":"","meta":{"_monsterinsights_skip_tracking":false,"_monsterinsights_sitenote_active":false,"_monsterinsights_sitenote_note":"","_monsterinsights_sitenote_category":0,"footnotes":""},"class_list":["post-1731","page","type-page","status-publish","hentry"],"_links":{"self":[{"href":"https:\/\/recreaacademy.jalisco.gob.mx\/2024\/wp-json\/wp\/v2\/pages\/1731"}],"collection":[{"href":"https:\/\/recreaacademy.jalisco.gob.mx\/2024\/wp-json\/wp\/v2\/pages"}],"about":[{"href":"https:\/\/recreaacademy.jalisco.gob.mx\/2024\/wp-json\/wp\/v2\/types\/page"}],"author":[{"embeddable":true,"href":"https:\/\/recreaacademy.jalisco.gob.mx\/2024\/wp-json\/wp\/v2\/users\/4"}],"replies":[{"embeddable":true,"href":"https:\/\/recreaacademy.jalisco.gob.mx\/2024\/wp-json\/wp\/v2\/comments?post=1731"}],"version-history":[{"count":12,"href":"https:\/\/recreaacademy.jalisco.gob.mx\/2024\/wp-json\/wp\/v2\/pages\/1731\/revisions"}],"predecessor-version":[{"id":2508,"href":"https:\/\/recreaacademy.jalisco.gob.mx\/2024\/wp-json\/wp\/v2\/pages\/1731\/revisions\/2508"}],"wp:attachment":[{"href":"https:\/\/recreaacademy.jalisco.gob.mx\/2024\/wp-json\/wp\/v2\/media?parent=1731"}],"curies":[{"name":"wp","href":"https:\/\/api.w.org\/{rel}","templated":true}]}}