{"id":1735,"date":"2024-10-14T00:08:00","date_gmt":"2024-10-14T06:08:00","guid":{"rendered":"https:\/\/recreaacademy.jalisco.gob.mx\/2024\/?page_id=1735"},"modified":"2024-10-15T10:02:56","modified_gmt":"2024-10-15T16:02:56","slug":"v-encuentro-leo-lectura-escritura-y-oralidad-plai-piso-4-401-15-de-octubre","status":"publish","type":"page","link":"https:\/\/recreaacademy.jalisco.gob.mx\/2024\/v-encuentro-leo-lectura-escritura-y-oralidad-plai-piso-4-401-15-de-octubre\/","title":{"rendered":"V Encuentro LEO (Lectura, Escritura y Oralidad)  15 de octubre"},"content":{"rendered":"\t\t<div data-elementor-type=\"wp-page\" data-elementor-id=\"1735\" class=\"elementor elementor-1735\">\n\t\t\t\t<div class=\"elementor-element elementor-element-6f0df120 e-flex e-con-boxed e-con e-parent\" data-id=\"6f0df120\" data-element_type=\"container\">\n\t\t\t\t\t<div class=\"e-con-inner\">\n\t\t\t\t<div class=\"elementor-element elementor-element-2ab78a2 elementor-widget elementor-widget-text-editor\" data-id=\"2ab78a2\" data-element_type=\"widget\" data-widget_type=\"text-editor.default\">\n\t\t\t\t<div class=\"elementor-widget-container\">\n\t\t\t\t\t\t\t<iframe width=\"560\" height=\"440\" src=\"https:\/\/www.youtube.com\/embed\/Pf1C4HfTfro?si=sMN17LatweYlvsc_\" title=\"YouTube video player\" frameborder=\"0\" allow=\"accelerometer; autoplay; clipboard-write; encrypted-media; gyroscope; picture-in-picture; web-share\" referrerpolicy=\"strict-origin-when-cross-origin\" allowfullscreen><\/iframe>\t\t\t\t\t\t<\/div>\n\t\t\t\t<\/div>\n\t\t\t\t<div class=\"elementor-element elementor-element-9f956b2 elementor-widget elementor-widget-text-editor\" data-id=\"9f956b2\" data-element_type=\"widget\" data-widget_type=\"text-editor.default\">\n\t\t\t\t<div class=\"elementor-widget-container\">\n\t\t\t\t\t\t\t<p>&nbsp;<\/p>\n<!-- wp:group {\"layout\":{\"type\":\"constrained\"}} -->\n<div class=\"wp-block-group\"><!-- wp:columns -->\n<div class=\"wp-block-columns\"><!-- wp:column {\"width\":\"100%\"} -->\n<div class=\"wp-block-column\" style=\"flex-basis: 100%;\"><!-- wp:table -->\n<figure class=\"wp-block-table\">\n<table class=\"has-fixed-layout has-base-2-color\" style=\"white-space: pre-wrap; word-break: break-word;\">\n<thead>\n<tr style=\"background-color: #9f89e5;\">\n<th style=\"background-color: #6552a0;\" scope=\"col\">Horario<\/th>\n<th scope=\"col\">Ponente<\/th>\n<th scope=\"col\">T\u00edtulo<\/th>\n<th scope=\"col\">Descripci\u00f3n<\/th>\n<\/tr>\n<\/thead>\n<tbody>\n<tr style=\"background-color: #9f89e5;\">\n<th style=\"background-color: #6552a0;\" scope=\"row\">9:00 &#8211; 9:25<\/th>\n<td class=\"has-text-align-center\" colspan=\"3\" rowspan=\"2\">\u00a0<\/td>\n<\/tr>\n<tr style=\"background-color: #9f89e5;\">\n<th style=\"background-color: #6552a0;\" scope=\"row\">9:30 &#8211; 9:55<\/th>\n<\/tr>\n<tr style=\"background-color: #9f89e5;\">\n<th style=\"background-color: #6552a0;\" scope=\"row\">10:00 -10:25<\/th>\n<td rowspan=\"2\">Enrique Casillas<\/td>\n<td rowspan=\"2\">Cognici\u00f3n y lenguage: que pasa en el cerebro para podernos comunicar (y pensar) con palabras<\/td>\n<td rowspan=\"2\">Esta conferencia sit\u00faa al lenguaje como una tecnolog\u00eda del intelecto que permite articular la realidad y los conocimientos en nuestro cerebro de manera progresivamente compleja; lo que lo convierte en una capacidad instrumental del aprendizaje que nos obliga a poner atenci\u00f3n en la capacitaci\u00f3n\/literacidad de las y los estudiantes, para ser competentes como lectores y para la comunicaci\u00f3n oral y escrita, pues esto es determinante para el \u00e9xito acad\u00e9mico en todos los niveles escolares.<\/td>\n<\/tr>\n<tr style=\"background-color: #9f89e5;\">\n<th style=\"background-color: #6552a0;\" scope=\"row\">10:30 &#8211; 10:55<\/th>\n<\/tr>\n<tr style=\"background-color: #9f89e5;\">\n<th style=\"background-color: #6552a0;\" scope=\"row\">11:00 &#8211; 11:25<\/th>\n<td>Coordinaci\u00f3n de lectura y comprensi\u00f3n<\/td>\n<td>Premiaci\u00f3n del concurso Ecotop\u00eda 2<\/td>\n<td>Lectura y evento de premiaci\u00f3n<\/td>\n<\/tr>\n<tr style=\"background-color: #9f89e5;\">\n<th style=\"background-color: #6552a0;\" scope=\"row\">11:30 &#8211; 11:55<\/th>\n<td>Coordinaci\u00f3n de lectura y comprensi\u00f3n<\/td>\n<td>Premiaci\u00f3n del concurso: &#8220;Antolog\u00eda de Memorias Lectoras&#8221;<\/td>\n<td>Lectura y evento de premiaci\u00f3n<\/td>\n<\/tr>\n<tr style=\"background-color: #9f89e5;\">\n<th style=\"background-color: #6552a0;\" scope=\"row\">12:00 &#8211; 12:25<\/th>\n<td rowspan=\"2\">Rub\u00ed Salles<\/td>\n<td rowspan=\"2\">La magia de hacer storytelling y stopmotion<\/td>\n<td rowspan=\"2\">Taller que estimula la creatividad en la escritura, promoviendo la aplicaci\u00f3n de la t\u00e9cnica de animaci\u00f3n stopmotion.<\/td>\n<\/tr>\n<tr style=\"background-color: #9f89e5;\">\n<th style=\"background-color: #6552a0;\" scope=\"row\">12:30 &#8211; 12:55<\/th>\n<\/tr>\n<tr style=\"background-color: #9f89e5;\">\n<th style=\"background-color: #6552a0;\" scope=\"row\">13:00 &#8211; 13:25<\/th>\n<td rowspan=\"2\">Lily Camberos<\/td>\n<td rowspan=\"2\">Escritura creativa: del aula a la construcci\u00f3n de un espacio literario\n<\/td>\n<td rowspan=\"2\">En esta ponencia se explora el proceso de ense\u00f1anza de la escritura creativa en adolescentes, partiendo de la mediaci\u00f3n de la lectura en el aula, la creaci\u00f3n de un taller de creaci\u00f3n literaria hasta la construcci\u00f3n colectiva de un espacio literario en donde las y los estudiantes pueden explorar su voz literaria, compartir sus textos y recibir retroalimentaci\u00f3n en un entorno que fomente la libertad creativa, la experimentaci\u00f3n y el respeto mutuo.\n<\/td>\n<\/tr>\n<tr style=\"background-color: #9f89e5;\">\n<th style=\"background-color: #6552a0;\" scope=\"row\">13:30 &#8211; 13:55<\/th>\n\n<\/tr>\n<tr style=\"background-color: #9f89e5;\">\n<th style=\"background-color: #6552a0;\" scope=\"row\">14:00 &#8211; 14:25<\/th>\n<td rowspan=\"2\">Luz Irene Perales, Sarait Ch\u00e1vez, Andrea Blanco, Katherine Miramontes<br \/>Modera: Daniela Saucedo<\/td>\n<td rowspan=\"2\">Experiencias de escritura en el aula<\/td>\n<td rowspan=\"2\">Panel dedicado a compartir, a trav\u00e9s del di\u00e1logo, experiencias en el aula de estudiantes creando literatura.<\/td>\n<\/tr>\n<tr style=\"background-color: #9f89e5;\">\n<th style=\"background-color: #6552a0;\" scope=\"row\">14:30 &#8211; 14:55<\/th>\n<\/tr>\n<tr style=\"background-color: #9f89e5;\">\n<th style=\"background-color: #6552a0;\" scope=\"row\">15:00 &#8211; 15:25<\/th>\n<td colspan=\"3\">\u00a0<\/td><\/tr>\n<tr style=\"background-color: #9f89e5;\">\n<th style=\"background-color: #6552a0;\" scope=\"row\">15:30 &#8211; 15:55<\/th>\n<td colspan=\"3\">\u00a0<\/td>\n<\/tr>\n<tr style=\"background-color: #9f89e5;\">\n<th style=\"background-color: #6552a0;\" scope=\"row\">16:00 &#8211; 16:25<\/th>\n<td colspan=\"3\">\u00a0<\/td>\n<\/tr>\n<tr style=\"background-color: #9f89e5;\">\n<th style=\"background-color: #6552a0;\" scope=\"row\">16:30 &#8211; 16:55<\/th>\n<td colspan=\"3\">\u00a0<\/td>\n<\/tr>\n<tr style=\"background-color: #9f89e5;\">\n<th style=\"background-color: #6552a0;\" scope=\"row\">17:00 &#8211; 17:25<\/th>\n<td colspan=\"3\">\u00a0<\/td>\n<\/tr>\n<tr style=\"background-color: #9f89e5;\">\n<th style=\"background-color: #6552a0;\" scope=\"row\">17:30 &#8211; 17:55<\/th>\n<td colspan=\"3\">\u00a0<\/td>\n<\/tr>\n<tr style=\"background-color: #9f89e5;\">\n<th style=\"background-color: #6552a0;\" scope=\"row\">18:00 &#8211; 18:25<\/th>\n<td colspan=\"3\">\u00a0<\/td>\n<\/tr>\n<tr style=\"background-color: #9f89e5;\">\n<th style=\"background-color: #6552a0;\" scope=\"row\">18:30 &#8211; 18:55<\/th>\n<td colspan=\"3\">\u00a0<\/td>\n<\/tr>\n<\/tbody>\n<\/table>\n<\/figure>\n<!-- \/wp:table --><\/div>\n<!-- \/wp:column --><\/div>\n<!-- \/wp:columns --><\/div>\n<!-- \/wp:group -->\t\t\t\t\t\t<\/div>\n\t\t\t\t<\/div>\n\t\t\t\t\t<\/div>\n\t\t\t\t<\/div>\n\t\t\t\t<\/div>\n\t\t","protected":false},"excerpt":{"rendered":"<p>&nbsp; Horario Ponente T\u00edtulo Descripci\u00f3n 9:00 &#8211; 9:25 \u00a0 9:30 &#8211; 9:55 10:00 -10:25 Enrique Casillas Cognici\u00f3n y lenguage: que pasa en el cerebro para podernos comunicar (y pensar) con palabras Esta conferencia sit\u00faa al lenguaje como una tecnolog\u00eda del intelecto que permite articular la realidad y los conocimientos en nuestro cerebro de manera progresivamente [&hellip;]<\/p>\n","protected":false},"author":4,"featured_media":0,"parent":0,"menu_order":0,"comment_status":"closed","ping_status":"closed","template":"","meta":{"_monsterinsights_skip_tracking":false,"_monsterinsights_sitenote_active":false,"_monsterinsights_sitenote_note":"","_monsterinsights_sitenote_category":0,"footnotes":""},"class_list":["post-1735","page","type-page","status-publish","hentry"],"_links":{"self":[{"href":"https:\/\/recreaacademy.jalisco.gob.mx\/2024\/wp-json\/wp\/v2\/pages\/1735"}],"collection":[{"href":"https:\/\/recreaacademy.jalisco.gob.mx\/2024\/wp-json\/wp\/v2\/pages"}],"about":[{"href":"https:\/\/recreaacademy.jalisco.gob.mx\/2024\/wp-json\/wp\/v2\/types\/page"}],"author":[{"embeddable":true,"href":"https:\/\/recreaacademy.jalisco.gob.mx\/2024\/wp-json\/wp\/v2\/users\/4"}],"replies":[{"embeddable":true,"href":"https:\/\/recreaacademy.jalisco.gob.mx\/2024\/wp-json\/wp\/v2\/comments?post=1735"}],"version-history":[{"count":17,"href":"https:\/\/recreaacademy.jalisco.gob.mx\/2024\/wp-json\/wp\/v2\/pages\/1735\/revisions"}],"predecessor-version":[{"id":2465,"href":"https:\/\/recreaacademy.jalisco.gob.mx\/2024\/wp-json\/wp\/v2\/pages\/1735\/revisions\/2465"}],"wp:attachment":[{"href":"https:\/\/recreaacademy.jalisco.gob.mx\/2024\/wp-json\/wp\/v2\/media?parent=1735"}],"curies":[{"name":"wp","href":"https:\/\/api.w.org\/{rel}","templated":true}]}}