{"id":1741,"date":"2024-10-13T18:56:54","date_gmt":"2024-10-14T00:56:54","guid":{"rendered":"https:\/\/recreaacademy.jalisco.gob.mx\/2024\/?page_id=1741"},"modified":"2024-10-15T10:03:36","modified_gmt":"2024-10-15T16:03:36","slug":"encuentros-de-inclusion-e-investigacion-recrea15-de-octubre","status":"publish","type":"page","link":"https:\/\/recreaacademy.jalisco.gob.mx\/2024\/encuentros-de-inclusion-e-investigacion-recrea15-de-octubre\/","title":{"rendered":"Encuentros de inclusi\u00f3n e investigaci\u00f3n Recrea15 de octubre"},"content":{"rendered":"\t\t<div data-elementor-type=\"wp-page\" data-elementor-id=\"1741\" class=\"elementor elementor-1741\">\n\t\t\t\t<div class=\"elementor-element elementor-element-59cc4239 e-flex e-con-boxed e-con e-parent\" data-id=\"59cc4239\" data-element_type=\"container\">\n\t\t\t\t\t<div class=\"e-con-inner\">\n\t\t\t\t<div class=\"elementor-element elementor-element-8aefa50 elementor-widget elementor-widget-text-editor\" data-id=\"8aefa50\" data-element_type=\"widget\" data-widget_type=\"text-editor.default\">\n\t\t\t\t<div class=\"elementor-widget-container\">\n\t\t\t\t\t\t\t<iframe width=\"560\" height=\"440\" src=\"https:\/\/www.youtube.com\/embed\/AegK5jrwy6k?si=SKRgbXCTIBBSHdEC\" title=\"YouTube video player\" frameborder=\"0\" allow=\"accelerometer; autoplay; clipboard-write; encrypted-media; gyroscope; picture-in-picture; web-share\" referrerpolicy=\"strict-origin-when-cross-origin\" allowfullscreen><\/iframe>\t\t\t\t\t\t<\/div>\n\t\t\t\t<\/div>\n\t\t\t\t<div class=\"elementor-element elementor-element-6ae33472 elementor-widget elementor-widget-text-editor\" data-id=\"6ae33472\" data-element_type=\"widget\" data-widget_type=\"text-editor.default\">\n\t\t\t\t<div class=\"elementor-widget-container\">\n\t\t\t\t\t\t\t<!-- wp:group {\"layout\":{\"type\":\"constrained\"}} -->\n<div class=\"wp-block-group\"><!-- wp:columns -->\n<div class=\"wp-block-columns\"><!-- wp:column {\"width\":\"100%\"} -->\n<div class=\"wp-block-column\" style=\"flex-basis: 100%;\"><!-- wp:table -->\n<figure class=\"wp-block-table\">\n<table class=\"has-fixed-layout has-base-2-color\" style=\"white-space: pre-wrap; word-break: break-word;\">\n<thead>\n<tr style=\"background-color: #9f89e5;\">\n<th style=\"background-color: #6552a0;\" scope=\"col\">Horario<\/th>\n<th scope=\"col\">Ponente<\/th>\n<th scope=\"col\">T\u00edtulo<\/th>\n<th scope=\"col\">Descripci\u00f3n<\/th>\n<\/tr>\n<\/thead>\n<tbody>\n<tr style=\"background-color: #9f89e5;\">\n<th style=\"background-color: #6552a0;\" scope=\"row\">9:00 &#8211; 9:25<\/th>\n<td class=\"has-text-align-center\" colspan=\"3\" rowspan=\"2\">\u00a0<\/td>\n<\/tr>\n<tr style=\"background-color: #9f89e5;\">\n<th style=\"background-color: #6552a0;\" scope=\"row\">9:30 &#8211; 9:55<\/th>\n<\/tr>\n<tr style=\"background-color: #9f89e5;\">\n<th style=\"background-color: #6552a0;\" scope=\"row\">10:00 -10:25<\/th>\n<td rowspan=\"2\">Liliana Lira, Gloria Panduro, Alejandro Genaro R\u00e1mos y Jos\u00e9 Navarro Cendejas. Modera Guillermo Pech<\/td>\n<td rowspan=\"2\">Seminario de Investigaci\u00f3n educativa Recrea: Retos y prospectivas<\/td>\n<td rowspan=\"2\">Presentar los retos y prospectivas el Seminario Permanente de investigaci\u00f3n Educativa Recrea al culminar su tercera etapa, as\u00ed como el reconocimiento a los miembros que participaron en \u00e9l.\n<\/td>\n<\/tr>\n<tr style=\"background-color: #9f89e5;\">\n<th style=\"background-color: #6552a0;\" scope=\"row\">10:30 &#8211; 10:55<\/th>\n<\/tr>\n<tr style=\"background-color: #9f89e5;\">\n<th style=\"background-color: #6552a0;\" scope=\"row\">11:00 &#8211; 11:25<\/th>\n<td rowspan=\"3\">Mar\u00eda Rosa Guzm\u00e1n Valdez<\/td>\n<td rowspan=\"3\">La Educaci\u00f3n Intercultural en el marco de las modificaciones al art\u00edculo segundo constitucional<\/td>\n<td rowspan=\"3\">La reciente Reforma al art\u00edculo Segundo de la Constituci\u00f3n Pol\u00edtica de los Estados Unidos Mexicanos, publicada en el DOF el 30 de septiembre de 2024, reconoce a los pueblos ind\u00edgenas y afromexicano como sujetos de derecho p\u00fablico, el cual implica el ejercicio de diversos derechos de manera integral, como es el derecho a la educaci\u00f3n intercultural: derecho social reconocido en la Ley secundaria y que, en esta reforma constitucional reciente, se ampl\u00edan los derechos inherentes a este. Por tal raz\u00f3n, es importante difundir los alcances jur\u00eddicos que reviste el estatus de &#8220;sujetos de derecho p\u00fablico&#8221; y las implicaciones que conlleva el ejercicio de la educaci\u00f3n intercultural en esta nueva etapa.<\/td>\n<\/tr>\n<tr style=\"background-color: #9f89e5;\">\n<th style=\"background-color: #6552a0;\" scope=\"row\">11:30 &#8211; 11:55<\/th>\n<\/tr>\n<tr style=\"background-color: #9f89e5;\">\n<th style=\"background-color: #6552a0;\" scope=\"row\">12:00 &#8211; 12:25<\/th>\n<\/tr>\n<tr style=\"background-color: #9f89e5;\">\n<th style=\"background-color: #6552a0;\" scope=\"row\">12:30 &#8211; 12:55<\/th>\n<td rowspan=\"3\">Isaura Matilde Garc\u00eda Hern\u00e1ndez<\/td>\n<td rowspan=\"3\">Hacia la interculturalidad desde la ciudad<\/td>\n<td rowspan=\"3\">El objetivo de esta conferencia es repensar la interculturalidad desde una perspectiva decolonial y antiindigenista, centr\u00e1ndonos en la diversidad de los pueblos originarios y\/o comunidades ind\u00edgenas de las zonas urbanas.<\/td>\n<\/tr>\n<tr style=\"background-color: #9f89e5;\">\n<th style=\"background-color: #6552a0;\" scope=\"row\">13:00 &#8211; 13:25<\/th>\n<\/tr>\n<tr style=\"background-color: #9f89e5;\">\n<th style=\"background-color: #6552a0;\" scope=\"row\">13:30 &#8211; 13:55<\/th>\n<\/tr>\n<tr style=\"background-color: #9f89e5;\">\n<th style=\"background-color: #6552a0;\" scope=\"row\">14:00 &#8211; 14:25<\/th>\n<td rowspan=\"2\">Dalya Tobar Santoyo, Nancy Guadalupe Ortiz Ambriz, Monica Mata L\u00f3pez, Dafne Rodr\u00edguez, Modera Guillermo Pech<\/td>\n<td rowspan=\"2\">Propuestas alternativas para solucionar problemas educativos inmediatos aplicando la tecnolog\u00eda en EB<\/td>\n<td rowspan=\"2\">En este panel participan egresadas de la Maestr\u00eda en Tecnolog\u00edas para el Aprendizaje del Centro Universitario de los Valles con reflexiones sobre las dificultades y los aciertos que se han encontrado en sus experiencias de investigaci\u00f3n con infancias, juventudes y docentes. De esta forma, se busca iniciar un di\u00e1logo generador de conocimiento sobre el uso de herramientas TIC en contextos no urbanos que, en muchas ocasiones, cuentan con limitaciones de acceso a la red y dispositivos.<\/td>\n<\/tr>\n<tr style=\"background-color: #9f89e5;\">\n<th style=\"background-color: #6552a0;\" scope=\"row\">14:30 &#8211; 14:55<\/th>\n<\/tr>\n<tr style=\"background-color: #9f89e5;\">\n<th style=\"background-color: #6552a0;\" scope=\"row\">15:00 &#8211; 15:25<\/th>\n\n<td rowspan=\"2\">Laura Segura<\/td>\n<td rowspan=\"2\">Convi\u00e9rtete en docente con liderazgo digital gracias a TikTok y Movimiento STEM\n<\/td>\n<td rowspan=\"2\">Presentaci\u00f3n del programa de capacitaci\u00f3n gratuita de TikTok y Movimiento STEM para docentes de Jalisco con estudiantes mayores de 13 a\u00f1os\n<\/td>\u00a0<\/td>\n<\/tr>\n<tr style=\"background-color: #9f89e5;\">\n<th style=\"background-color: #6552a0;\" scope=\"row\">15:30 &#8211; 15:55<\/th>\n<\/tr>\n<tr style=\"background-color: #9f89e5;\">\n<th style=\"background-color: #6552a0;\" scope=\"row\">16:00 &#8211; 16:25<\/th>\n<td colspan=\"3\" rowspan=\"6\">\n<\/tr>\n<tr style=\"background-color: #9f89e5;\">\n<th style=\"background-color: #6552a0;\" scope=\"row\">16:30 &#8211; 16:55<\/th>\n<\/tr>\n<tr style=\"background-color: #9f89e5;\">\n<th style=\"background-color: #6552a0;\" scope=\"row\">17:00 &#8211; 17:25<\/th>\n\n<\/tr>\n<tr style=\"background-color: #9f89e5;\">\n<th style=\"background-color: #6552a0;\" scope=\"row\">17:30 &#8211; 17:55<\/th>\n<\/tr>\n<tr style=\"background-color: #9f89e5;\">\n<th style=\"background-color: #6552a0;\" scope=\"row\">18:00 &#8211; 18:25<\/th>\n<\/tr>\n<tr style=\"background-color: #9f89e5;\">\n<th style=\"background-color: #6552a0;\" scope=\"row\">18:30 &#8211; 18:55<\/th>\n\n<\/tr>\n<\/tbody>\n<\/table>\n<\/figure>\n<!-- \/wp:table --><\/div>\n<!-- \/wp:column --><\/div>\n<!-- \/wp:columns --><\/div>\n<!-- \/wp:group -->\t\t\t\t\t\t<\/div>\n\t\t\t\t<\/div>\n\t\t\t\t\t<\/div>\n\t\t\t\t<\/div>\n\t\t\t\t<\/div>\n\t\t","protected":false},"excerpt":{"rendered":"<p>Horario Ponente T\u00edtulo Descripci\u00f3n 9:00 &#8211; 9:25 \u00a0 9:30 &#8211; 9:55 10:00 -10:25 Liliana Lira, Gloria Panduro, Alejandro Genaro R\u00e1mos y Jos\u00e9 Navarro Cendejas. Modera Guillermo Pech Seminario de Investigaci\u00f3n educativa Recrea: Retos y prospectivas Presentar los retos y prospectivas el Seminario Permanente de investigaci\u00f3n Educativa Recrea al culminar su tercera etapa, as\u00ed como el [&hellip;]<\/p>\n","protected":false},"author":4,"featured_media":0,"parent":0,"menu_order":0,"comment_status":"closed","ping_status":"closed","template":"","meta":{"_monsterinsights_skip_tracking":false,"_monsterinsights_sitenote_active":false,"_monsterinsights_sitenote_note":"","_monsterinsights_sitenote_category":0,"footnotes":""},"class_list":["post-1741","page","type-page","status-publish","hentry"],"_links":{"self":[{"href":"https:\/\/recreaacademy.jalisco.gob.mx\/2024\/wp-json\/wp\/v2\/pages\/1741"}],"collection":[{"href":"https:\/\/recreaacademy.jalisco.gob.mx\/2024\/wp-json\/wp\/v2\/pages"}],"about":[{"href":"https:\/\/recreaacademy.jalisco.gob.mx\/2024\/wp-json\/wp\/v2\/types\/page"}],"author":[{"embeddable":true,"href":"https:\/\/recreaacademy.jalisco.gob.mx\/2024\/wp-json\/wp\/v2\/users\/4"}],"replies":[{"embeddable":true,"href":"https:\/\/recreaacademy.jalisco.gob.mx\/2024\/wp-json\/wp\/v2\/comments?post=1741"}],"version-history":[{"count":16,"href":"https:\/\/recreaacademy.jalisco.gob.mx\/2024\/wp-json\/wp\/v2\/pages\/1741\/revisions"}],"predecessor-version":[{"id":2468,"href":"https:\/\/recreaacademy.jalisco.gob.mx\/2024\/wp-json\/wp\/v2\/pages\/1741\/revisions\/2468"}],"wp:attachment":[{"href":"https:\/\/recreaacademy.jalisco.gob.mx\/2024\/wp-json\/wp\/v2\/media?parent=1741"}],"curies":[{"name":"wp","href":"https:\/\/api.w.org\/{rel}","templated":true}]}}