{"id":1747,"date":"2024-10-13T18:57:23","date_gmt":"2024-10-14T00:57:23","guid":{"rendered":"https:\/\/recreaacademy.jalisco.gob.mx\/2024\/?page_id=1747"},"modified":"2024-10-16T09:21:23","modified_gmt":"2024-10-16T15:21:23","slug":"escenario-principal-recrea-16-de-octubre","status":"publish","type":"page","link":"https:\/\/recreaacademy.jalisco.gob.mx\/2024\/escenario-principal-recrea-16-de-octubre\/","title":{"rendered":"Escenario Principal Recrea 16 de octubre"},"content":{"rendered":"\t\t<div data-elementor-type=\"wp-page\" data-elementor-id=\"1747\" class=\"elementor elementor-1747\">\n\t\t\t\t<div class=\"elementor-element elementor-element-1de4afd0 e-flex e-con-boxed e-con e-parent\" data-id=\"1de4afd0\" data-element_type=\"container\">\n\t\t\t\t\t<div class=\"e-con-inner\">\n\t\t\t\t<div class=\"elementor-element elementor-element-00a9ced elementor-widget elementor-widget-text-editor\" data-id=\"00a9ced\" data-element_type=\"widget\" data-widget_type=\"text-editor.default\">\n\t\t\t\t<div class=\"elementor-widget-container\">\n\t\t\t\t\t\t\t<iframe width=\"560\" height=\"440\" src=\"https:\/\/www.youtube.com\/embed\/yo22rqf9VhI?si=aa4fSTPNa3p-eRhk\" title=\"YouTube video player\" frameborder=\"0\" allow=\"accelerometer; autoplay; clipboard-write; encrypted-media; gyroscope; picture-in-picture; web-share\" referrerpolicy=\"strict-origin-when-cross-origin\" allowfullscreen><\/iframe>\t\t\t\t\t\t<\/div>\n\t\t\t\t<\/div>\n\t\t\t\t<div class=\"elementor-element elementor-element-49089c95 elementor-widget elementor-widget-text-editor\" data-id=\"49089c95\" data-element_type=\"widget\" data-widget_type=\"text-editor.default\">\n\t\t\t\t<div class=\"elementor-widget-container\">\n\t\t\t\t\t\t\t<p>&nbsp;<\/p>\n<!-- wp:group {\"layout\":{\"type\":\"constrained\"}} -->\n<div class=\"wp-block-group\"><!-- wp:columns -->\n<div class=\"wp-block-columns\"><!-- wp:column {\"width\":\"100%\"} -->\n<div class=\"wp-block-column\" style=\"flex-basis: 100%;\"><!-- wp:table -->\n<figure class=\"wp-block-table\">\n<table class=\"has-fixed-layout has-base-2-color\" style=\"white-space: pre-wrap; word-break: break-word;\">\n<thead>\n<tr style=\"background-color: #9f89e5;\">\n<th style=\"background-color: #6552a0;\" scope=\"col\">Horario<\/th>\n<th scope=\"col\">Ponente<\/th>\n<th scope=\"col\">T\u00edtulo<\/th>\n<th scope=\"col\">Descripci\u00f3n<\/th>\n<\/tr>\n<\/thead>\n<tbody>\n<tr style=\"background-color: #9f89e5;\">\n<th style=\"background-color: #6552a0;\" scope=\"row\">9:00 &#8211; 9:25<\/th>\n<td rowspan=\"2\">Maribell Reyes<\/td>\n<td rowspan=\"2\">Innovaci\u00f3n educativa en la era de la inteligencia artificial<\/td>\n<td rowspan=\"2\">En esta sesi\u00f3n se abordan las tendencias educativas que est\u00e1n impactando la educaci\u00f3n, y en particular la incorporaci\u00f3n de la inteligencia artificial en el proceso de ense\u00f1anza- aprendizaje.<\/td>\n<\/tr>\n<tr style=\"background-color: #9f89e5;\">\n<th style=\"background-color: #6552a0;\" scope=\"row\">9:30 &#8211; 9:55<\/th>\n<\/tr>\n<tr style=\"background-color: #9f89e5;\">\n<th style=\"background-color: #6552a0;\" scope=\"row\">10:00 -10:25<\/th>\n<td rowspan=\"2\">Camila Uribe<\/td>\n<td rowspan=\"2\">Ser habitable en los bordes: prevenci\u00f3n del abandono escolar y comienzos delincuenciales<\/td>\n<td rowspan=\"2\">Esta ponencia presenta las posibilidades, reflexiones y t\u00e9cnicas que los maestros y maestras pueden emplear para evitar el abandono escolar, entendiendo el rol del docente como generador de una red protectora. A partir de una investigaci\u00f3n en Medell\u00edn, Colombia, que incluye etnograf\u00edas en 214 colegios, encuestas a maestros y estudiantes, y entrevistas a desertores, se analiza el fen\u00f3meno de la deserci\u00f3n como un punto de partida para explorar el sentido de la vida de j\u00f3venes y adolescentes, as\u00ed como las estrategias que los educadores pueden utilizar para inspirar y proteger a sus estudiantes.<\/td>\n<\/tr>\n<tr style=\"background-color: #9f89e5;\">\n<th style=\"background-color: #6552a0;\" scope=\"row\">10:30 &#8211; 10:55<\/th>\n<\/tr>\n<tr style=\"background-color: #9f89e5;\">\n<th style=\"background-color: #6552a0;\" scope=\"row\">11:00 &#8211; 11:25<\/th>\n<td>Lizette Caba\u00f1ez<\/td>\n<td>Inteligencia Artificial: Herramienta para la Innovaci\u00f3n y el Aprendizaje<\/td>\n<td>En un mundo donde la tecnolog\u00eda avanza r\u00e1pidamente, la Inteligencia Artificial (IA) ofrece oportunidades emocionantes para transformar sectores como la medicina y la educaci\u00f3n. Esta charla est\u00e1 dise\u00f1ada para mostrar c\u00f3mo la IA puede ser una herramienta poderosa para mejorar la ense\u00f1anza diaria, personalizar el aprendizaje y automatizar tareas repetitivas, liberando as\u00ed tiempo para dedicarlo a actividades m\u00e1s importantes. Exploraremos ejemplos pr\u00e1cticos de c\u00f3mo la IA ya est\u00e1 siendo utilizada en diferentes \u00e1reas, desde la medicina hasta la educaci\u00f3n, con plataformas de aprendizaje adaptativo que ajustan el contenido a las necesidades de cada individuo.<\/td>\n<\/tr>\n<tr style=\"background-color: #9f89e5;\">\n<th style=\"background-color: #6552a0;\" scope=\"row\">11:30 &#8211; 11:55<\/th>\n<td>Emilio Rovelo<\/td>\n<td>Los que sue\u00f1an belleza, construyen mundos mejores<\/td>\n<td>En esta conferencia se abordan Experiencias de Comunidad, Concepci\u00f3n del aprendizaje, L\u00edmites y posibilidades de la vida, as\u00ed como Modelos posibles vs. Deseables. De igual manera, Maridaje de la teor\u00eda con la pr\u00e1ctica y Realidades que superan el sue\u00f1o.<\/td>\n<\/tr>\n<tr style=\"background-color: #9f89e5;\">\n<th style=\"background-color: #6552a0;\" scope=\"row\">12:00 &#8211; 12:25<\/th>\n<td rowspan=\"2\">Adri\u00e1n Flores<\/td>\n<td rowspan=\"2\">\u201cAplicando el Project Management a la gesti\u00f3n educativa y la pr\u00e1ctica docente\u201d<\/td>\n<td rowspan=\"2\">Un recorrido por las mejores pr\u00e1cticas en la gesti\u00f3n profesional de proyectos y su uso en la planeaci\u00f3n de la educaci\u00f3n y la pr\u00e1ctica docente.<\/td>\n<\/tr>\n<tr style=\"background-color: #9f89e5;\">\n<th style=\"background-color: #6552a0;\" scope=\"row\">12:30 &#8211; 12:55<\/th>\n<\/tr>\n<tr style=\"background-color: #9f89e5;\">\n<th style=\"background-color: #6552a0;\" scope=\"row\">13:00 &#8211; 13:25<\/th>\n<td rowspan=\"2\">Carmen Pellicer<\/td>\n<td rowspan=\"2\">Transformando Escuelas hacia la Excelencia<\/td>\n<td rowspan=\"2\">Transformando escuelas hacia la excelencia.<\/td>\n<\/tr>\n<tr style=\"background-color: #9f89e5;\">\n<th style=\"background-color: #6552a0;\" scope=\"row\">13:30 &#8211; 13:55<\/th>\n<\/tr>\n<tr style=\"background-color: #9f89e5;\">\n<th style=\"background-color: #6552a0;\" scope=\"row\">14:00 &#8211; 14:25<\/th>\n<td>Mar\u00eda Gemma Ruiz Velasco Aceves<\/td>\n<td>Las 7 Palancas de liderazgo<\/td>\n<td>\u00bfCu\u00e1les son las acciones que ejecutan las escuelas con mejores resultados? En este espacio compartiremos algunas experiencias de liderazgo que hacen los docentes y directores escolares para favorecer una cultura de aprendizaje y hacer que los estudiantes alcancen sus metas profesionales y personales.<\/td>\n<\/tr>\n<tr style=\"background-color: #9f89e5;\">\n<th style=\"background-color: #6552a0;\" scope=\"row\">14:30 &#8211; 14:55<\/th>\n<td rowspan=\"3\">Ignacio Carrasco, Jos\u00e9 Luis Grosso<br \/>Modera: Flor Alejandra G\u00f3mez Contreras<\/td>\n<td rowspan=\"3\">El futuro de la educaci\u00f3n<\/td>\n<td rowspan=\"3\">Recrea se ha propuesto hacer lo propio en los espacios educativos, fortaleciendo el arraigo a los territorios y su respeto, cuidado y cari\u00f1o, promoviendo la acci\u00f3n educativa en comunidad de aprendizaje y de vida, formando en un sentido cr\u00edtico que d\u00e9 respuestas a la crisis civilizatoria en que nos encontramos y abra caminos de esperanza, cultivando un sentipensar para una nueva manera de estar y habitar humanos entre no-humanos.<\/td>\n<\/tr>\n<tr style=\"background-color: #9f89e5;\">\n<th style=\"background-color: #6552a0;\" scope=\"row\">15:00 &#8211; 15:25<\/th>\n<\/tr>\n<tr style=\"background-color: #9f89e5;\">\n<th style=\"background-color: #6552a0;\" scope=\"row\">15:30 &#8211; 15:55<\/th>\n<\/tr>\n<tr style=\"background-color: #9f89e5;\">\n<th style=\"background-color: #6552a0;\" scope=\"row\">16:00 &#8211; 16:25<\/th>\n<td>Jos\u00e9 Alejandro Andal\u00f3n<\/td>\n<td>Don ChatGPT: detr\u00e1s de un buen Prompt hay un buen ser humano<\/td>\n<td>En esta charla se destacar\u00e1 la importancia de incorporar la inteligencia artificial, como ChatGPT, en las labores docentes. A trav\u00e9s de la experiencia del ponente, se mostrar\u00e1 que el principal rol de un docente es motivar y encender la llama del aprendizaje en sus estudiantes. Desde el uso de dibujos en 2000 para captar su atenci\u00f3n, hasta la creaci\u00f3n de videos en YouTube en 2009, el objetivo siempre ha sido mantener el inter\u00e9s del alumno. Ahora, con la IA, se busca potenciar esa motivaci\u00f3n y desarrollar competencias para el futuro, siempre recordando que detr\u00e1s de un buen prompt est\u00e1 un ser humano que inspira.<\/td>\n<\/tr>\n<tr style=\"background-color: #9f89e5;\">\n<th style=\"background-color: #6552a0;\" scope=\"row\">16:30 &#8211; 16:55<\/th>\n<td>Peter McLaren<\/td>\n<td>La pedagog\u00eda cr\u00edtica\u00a0<\/td>\n<td>Conf. virtual<\/td>\n<\/tr>\n<tr style=\"background-color: #9f89e5;\">\n<th style=\"background-color: #6552a0;\" scope=\"row\">17:00 &#8211; 17:25<\/th>\n<td rowspan=\"2\">Christian Plebst<\/td>\n<td rowspan=\"2\">La vocaci\u00f3n y capacidades del docente ante un mundo Vol\u00e1til-Incierto-Complejo-Ambiguo (VICA)<\/td>\n<td rowspan=\"2\">Nuestro grandes desaf\u00edos y crisis SOCIALES, ECOL\u00d3GICAS y de SALUD y enfermedades se deben, c\u00f3mo dice Jean Bruller, \u201ca no saber qui\u00e9nes somos\u2026 y no ponernos de acuerdo en qui\u00e9nes podemos ser\u201d.<\/td>\n<\/tr>\n<tr style=\"background-color: #9f89e5;\">\n<th style=\"background-color: #6552a0;\" scope=\"row\">17:30 &#8211; 17:55<\/th>\n<\/tr>\n<tr style=\"background-color: #9f89e5;\">\n<th style=\"background-color: #6552a0;\" scope=\"row\">18:00 &#8211; 18:25<\/th>\n<td rowspan=\"2\">Juan Carlos Flores Miramontes<\/td>\n<td rowspan=\"2\">Premiaci\u00f3n Recrea Challenge y Clausura Recrea Academy 24<\/td>\n<td rowspan=\"2\">\u00a0<\/td>\n<\/tr>\n<tr style=\"background-color: #9f89e5;\">\n<th style=\"background-color: #6552a0;\" scope=\"row\">18:30 &#8211; 18:55<\/th>\n<\/tr>\n<\/tbody>\n<\/table>\n<\/figure>\n<!-- \/wp:table --><\/div>\n<!-- \/wp:column --><\/div>\n<!-- \/wp:columns --><\/div>\n<!-- \/wp:group -->\t\t\t\t\t\t<\/div>\n\t\t\t\t<\/div>\n\t\t\t\t\t<\/div>\n\t\t\t\t<\/div>\n\t\t\t\t<\/div>\n\t\t","protected":false},"excerpt":{"rendered":"<p>&nbsp; Horario Ponente T\u00edtulo Descripci\u00f3n 9:00 &#8211; 9:25 Maribell Reyes Innovaci\u00f3n educativa en la era de la inteligencia artificial En esta sesi\u00f3n se abordan las tendencias educativas que est\u00e1n impactando la educaci\u00f3n, y en particular la incorporaci\u00f3n de la inteligencia artificial en el proceso de ense\u00f1anza- aprendizaje. 9:30 &#8211; 9:55 10:00 -10:25 Camila Uribe Ser [&hellip;]<\/p>\n","protected":false},"author":4,"featured_media":0,"parent":0,"menu_order":0,"comment_status":"closed","ping_status":"closed","template":"","meta":{"_monsterinsights_skip_tracking":false,"_monsterinsights_sitenote_active":false,"_monsterinsights_sitenote_note":"","_monsterinsights_sitenote_category":0,"footnotes":""},"class_list":["post-1747","page","type-page","status-publish","hentry"],"_links":{"self":[{"href":"https:\/\/recreaacademy.jalisco.gob.mx\/2024\/wp-json\/wp\/v2\/pages\/1747"}],"collection":[{"href":"https:\/\/recreaacademy.jalisco.gob.mx\/2024\/wp-json\/wp\/v2\/pages"}],"about":[{"href":"https:\/\/recreaacademy.jalisco.gob.mx\/2024\/wp-json\/wp\/v2\/types\/page"}],"author":[{"embeddable":true,"href":"https:\/\/recreaacademy.jalisco.gob.mx\/2024\/wp-json\/wp\/v2\/users\/4"}],"replies":[{"embeddable":true,"href":"https:\/\/recreaacademy.jalisco.gob.mx\/2024\/wp-json\/wp\/v2\/comments?post=1747"}],"version-history":[{"count":25,"href":"https:\/\/recreaacademy.jalisco.gob.mx\/2024\/wp-json\/wp\/v2\/pages\/1747\/revisions"}],"predecessor-version":[{"id":2574,"href":"https:\/\/recreaacademy.jalisco.gob.mx\/2024\/wp-json\/wp\/v2\/pages\/1747\/revisions\/2574"}],"wp:attachment":[{"href":"https:\/\/recreaacademy.jalisco.gob.mx\/2024\/wp-json\/wp\/v2\/media?parent=1747"}],"curies":[{"name":"wp","href":"https:\/\/api.w.org\/{rel}","templated":true}]}}