{"id":1749,"date":"2024-10-13T18:57:41","date_gmt":"2024-10-14T00:57:41","guid":{"rendered":"https:\/\/recreaacademy.jalisco.gob.mx\/2024\/?page_id=1749"},"modified":"2024-10-16T09:08:46","modified_gmt":"2024-10-16T15:08:46","slug":"escenario-legado-recrea-16-de-octubre","status":"publish","type":"page","link":"https:\/\/recreaacademy.jalisco.gob.mx\/2024\/escenario-legado-recrea-16-de-octubre\/","title":{"rendered":"Escenario: Legado Recrea  16 de octubre"},"content":{"rendered":"\t\t<div data-elementor-type=\"wp-page\" data-elementor-id=\"1749\" class=\"elementor elementor-1749\">\n\t\t\t\t<div class=\"elementor-element elementor-element-3fbf1870 e-flex e-con-boxed e-con e-parent\" data-id=\"3fbf1870\" data-element_type=\"container\">\n\t\t\t\t\t<div class=\"e-con-inner\">\n\t\t\t\t<div class=\"elementor-element elementor-element-da63854 elementor-widget elementor-widget-text-editor\" data-id=\"da63854\" data-element_type=\"widget\" data-widget_type=\"text-editor.default\">\n\t\t\t\t<div class=\"elementor-widget-container\">\n\t\t\t\t\t\t\t<iframe width=\"560\" height=\"440\" src=\"https:\/\/www.youtube.com\/embed\/ajGt4EBY8Xk?si=lr63CbovWpwwVgl4\" title=\"YouTube video player\" frameborder=\"0\" allow=\"accelerometer; autoplay; clipboard-write; encrypted-media; gyroscope; picture-in-picture; web-share\" referrerpolicy=\"strict-origin-when-cross-origin\" allowfullscreen><\/iframe>\t\t\t\t\t\t<\/div>\n\t\t\t\t<\/div>\n\t\t\t\t<div class=\"elementor-element elementor-element-305a9141 elementor-widget elementor-widget-text-editor\" data-id=\"305a9141\" data-element_type=\"widget\" data-widget_type=\"text-editor.default\">\n\t\t\t\t<div class=\"elementor-widget-container\">\n\t\t\t\t\t\t\t<p>&nbsp;<\/p>\n<!-- wp:group {\"layout\":{\"type\":\"constrained\"}} -->\n<div class=\"wp-block-group\"><!-- wp:columns -->\n<div class=\"wp-block-columns\"><!-- wp:column {\"width\":\"100%\"} -->\n<div class=\"wp-block-column\" style=\"flex-basis: 100%;\"><!-- wp:table -->\n<figure class=\"wp-block-table\">\n<table class=\"has-fixed-layout has-base-2-color\" style=\"white-space: pre-wrap; word-break: break-word;\">\n<thead>\n<tr style=\"background-color: #9f89e5;\">\n<th style=\"background-color: #6552a0;\" scope=\"col\">Horario<\/th>\n<th scope=\"col\">Ponente<\/th>\n<th scope=\"col\">T\u00edtulo<\/th>\n<th scope=\"col\">Descripci\u00f3n<\/th>\n<\/tr>\n<\/thead>\n<tbody>\n<tr style=\"background-color: #9f89e5;\">\n<th style=\"background-color: #6552a0;\" scope=\"row\">9:00 &#8211; 9:25<\/th>\n<td rowspan=\"2\">Adriana Villagomez, Carlos Sandoval, Guadalupe Trinidad.<br \/>Modera: Leandro Bernal Cruz<\/td>\n<td rowspan=\"2\">Innovar en la escuela desde la CAV<\/td>\n<td rowspan=\"2\">El conversatorio consiste en un espacio de di\u00e1logo entre docentes donde se compartir\u00e1n sus vivencias en torno a la experiencia del impacto en la creaci\u00f3n de propuestas innovadoras en su entorno desde la CAV.<\/td>\n<\/tr>\n<tr style=\"background-color: #9f89e5;\">\n<th style=\"background-color: #6552a0;\" scope=\"row\">9:30 &#8211; 9:55<\/th>\n<\/tr>\n<tr style=\"background-color: #9f89e5;\">\n<th style=\"background-color: #6552a0;\" scope=\"row\">10:00 -10:25<\/th>\n<td rowspan=\"2\">Refugio Nolasco, Alejandra Hern\u00e1ndez, Ulises Arellano. <br \/>Modera: Claudia Ram\u00edrez<\/td>\n<td rowspan=\"2\">Vivir el reto de consolidar la CAV<\/td>\n<td rowspan=\"2\">Compartir vivencias y experiencias del Legado Recrea desde el coraz\u00f3n de las CAV, que permitan identificar logros y retos a partir de los distintos referentes de Recrea.<\/td>\n<\/tr>\n<tr style=\"background-color: #9f89e5;\">\n<th style=\"background-color: #6552a0;\" scope=\"row\">10:30 &#8211; 10:55<\/th>\n<\/tr>\n<tr style=\"background-color: #9f89e5;\">\n<th style=\"background-color: #6552a0;\" scope=\"row\">11:00 &#8211; 11:25<\/th>\n<td rowspan=\"4\">Cristian Figueroa, Ana Cristina P\u00e9rez Ortega, Gabriela Corona, Felipe Reyes<\/td>\n<td rowspan=\"4\">Conversando con TejeRedes<\/td>\n<td rowspan=\"4\">En este conversatorio reflexionaremos c\u00f3mo mejorar la colaboraci\u00f3n en nuestras comunidades, poniendo a las personas en el centro. Reflexionaremos sobre el concepto CLEHES (Cuerpo, Lenguaje, Emociones, Historia, Eros y Silencio) para mejorar nuestras relaciones, y el enfoque ca\u00f3rdico (equilibrio entre caos y orden) para organizarnos de manera flexible y creativa.<\/td>\n<\/tr>\n<tr style=\"background-color: #9f89e5;\">\n<th style=\"background-color: #6552a0;\" scope=\"row\">11:30 &#8211; 11:55<\/th>\n<\/tr>\n<tr style=\"background-color: #9f89e5;\">\n<th style=\"background-color: #6552a0;\" scope=\"row\">12:00 &#8211; 12:25<\/th>\n<\/tr>\n<tr style=\"background-color: #9f89e5;\">\n<th style=\"background-color: #6552a0;\" scope=\"row\">12:30 &#8211; 12:55<\/th>\n<\/tr>\n<tr style=\"background-color: #9f89e5;\">\n<th style=\"background-color: #6552a0;\" scope=\"row\">13:00 &#8211; 13:25<\/th>\n<td rowspan=\"2\">Miguel Gabi\u00f1o, Bernardo Alatorre, Ruth Torres <br \/>Modera: Ram\u00f3n Bonilla<\/td>\n<td rowspan=\"2\">El tejido de nuestra CAV<\/td>\n<td rowspan=\"2\">Un conversatorio con 3 docentes acerca del legado que Recrea ha dejado en la conformaci\u00f3n de su CAV. Los participantes comparten experiencias y vivencias desde el coraz\u00f3n de las CAV.<\/td>\n<\/tr>\n<tr style=\"background-color: #9f89e5;\">\n<th style=\"background-color: #6552a0;\" scope=\"row\">13:30 &#8211; 13:55<\/th>\n<\/tr>\n<tr style=\"background-color: #9f89e5;\">\n<th style=\"background-color: #6552a0;\" scope=\"row\">14:00 &#8211; 14:25<\/th>\n<td rowspan=\"2\">Enrique Romo, F\u00e1tima Cu\u00e9llar, Nadia Torres.<br \/>Modera: Emerenciano Barrag\u00e1n<\/td>\n<td rowspan=\"2\">Retos para la continuidad de la CAV desde la mirada del docente<\/td>\n<td rowspan=\"2\">Conversatorio<\/td>\n<\/tr>\n<tr style=\"background-color: #9f89e5;\">\n<th style=\"background-color: #6552a0;\" scope=\"row\">14:30 &#8211; 14:55<\/th>\n<\/tr>\n<tr style=\"background-color: #9f89e5;\">\n<th style=\"background-color: #6552a0;\" scope=\"row\">15:00 &#8211; 15:25<\/th>\n<td rowspan=\"2\">Delia Campos, Angel Meda<br \/>Modera: Francisco Joya<\/td>\n<td rowspan=\"2\">Vivencias y experiencias de la CAV desde la mirada Recrea<\/td>\n<td rowspan=\"2\">Conversatorio<\/td>\n<\/tr>\n<tr style=\"background-color: #9f89e5;\">\n<th style=\"background-color: #6552a0;\" scope=\"row\">15:30 &#8211; 15:55<\/th>\n<\/tr>\n<tr style=\"background-color: #9f89e5;\">\n<th style=\"background-color: #6552a0;\" scope=\"row\">16:00 &#8211; 16:25<\/th>\n<td rowspan=\"2\">Avelina Ulloa, Lezlie Ram\u00edrez, Gabriel Alaniz, Manuel Monta\u00f1ez <br \/>Modera: Ram\u00f3n Corona<\/td>\n<td rowspan=\"2\">Desaf\u00edos enfrentados desde la CAV<\/td>\n<td rowspan=\"2\">El foco del conversatorio ser\u00e1 dialogar en torno al Legado que se ha construido desde el proyecto de Recrea Jalisco, desde la visi\u00f3n que los panelistas, como participantes de Recrea Challenge, han vivido conjuntamente con la CAV de sus comunidades.<\/td>\n<\/tr>\n<tr style=\"background-color: #9f89e5;\">\n<th style=\"background-color: #6552a0;\" scope=\"row\">16:30 &#8211; 16:55<\/th>\n<\/tr>\n<tr style=\"background-color: #9f89e5;\">\n<th style=\"background-color: #6552a0;\" scope=\"row\">17:00 &#8211; 17:25<\/th>\n<td rowspan=\"2\">Emerenciano Barragan, Diego Ademir, Rosario Scherman, Anabel S\u00e1nchez <br \/>Modera: Sonia Villase\u00f1or<\/td>\n<td rowspan=\"2\">Retos para la continuidad de la CAV<\/td>\n<td rowspan=\"2\">Compartir vivencias y experiencias del Legado Recrea desde el coraz\u00f3n de las CAV, que permitan identificar logros y retos a partir de los distintos referentes de Recrea.<\/td>\n<\/tr>\n<tr style=\"background-color: #9f89e5;\">\n<th style=\"background-color: #6552a0;\" scope=\"row\">17:30 &#8211; 17:55<\/th>\n<\/tr>\n<tr style=\"background-color: #9f89e5;\">\n<th style=\"background-color: #6552a0;\" scope=\"row\">18:00 &#8211; 18:25<\/th>\n<td class=\"has-text-align-center\" colspan=\"3\" rowspan=\"2\">CLAUSURA EN MAIN STAGE<\/td>\n<\/tr>\n<tr style=\"background-color: #9f89e5;\">\n<th style=\"background-color: #6552a0;\" scope=\"row\">18:30 &#8211; 18:55<\/th>\n<\/tr>\n<\/tbody>\n<\/table>\n<\/figure>\n<!-- \/wp:table --><\/div>\n<!-- \/wp:column --><\/div>\n<!-- \/wp:columns --><\/div>\n<!-- \/wp:group -->\t\t\t\t\t\t<\/div>\n\t\t\t\t<\/div>\n\t\t\t\t\t<\/div>\n\t\t\t\t<\/div>\n\t\t\t\t<\/div>\n\t\t","protected":false},"excerpt":{"rendered":"<p>&nbsp; Horario Ponente T\u00edtulo Descripci\u00f3n 9:00 &#8211; 9:25 Adriana Villagomez, Carlos Sandoval, Guadalupe Trinidad.Modera: Leandro Bernal Cruz Innovar en la escuela desde la CAV El conversatorio consiste en un espacio de di\u00e1logo entre docentes donde se compartir\u00e1n sus vivencias en torno a la experiencia del impacto en la creaci\u00f3n de propuestas innovadoras en su entorno [&hellip;]<\/p>\n","protected":false},"author":4,"featured_media":0,"parent":0,"menu_order":0,"comment_status":"closed","ping_status":"closed","template":"","meta":{"_monsterinsights_skip_tracking":false,"_monsterinsights_sitenote_active":false,"_monsterinsights_sitenote_note":"","_monsterinsights_sitenote_category":0,"footnotes":""},"class_list":["post-1749","page","type-page","status-publish","hentry"],"_links":{"self":[{"href":"https:\/\/recreaacademy.jalisco.gob.mx\/2024\/wp-json\/wp\/v2\/pages\/1749"}],"collection":[{"href":"https:\/\/recreaacademy.jalisco.gob.mx\/2024\/wp-json\/wp\/v2\/pages"}],"about":[{"href":"https:\/\/recreaacademy.jalisco.gob.mx\/2024\/wp-json\/wp\/v2\/types\/page"}],"author":[{"embeddable":true,"href":"https:\/\/recreaacademy.jalisco.gob.mx\/2024\/wp-json\/wp\/v2\/users\/4"}],"replies":[{"embeddable":true,"href":"https:\/\/recreaacademy.jalisco.gob.mx\/2024\/wp-json\/wp\/v2\/comments?post=1749"}],"version-history":[{"count":28,"href":"https:\/\/recreaacademy.jalisco.gob.mx\/2024\/wp-json\/wp\/v2\/pages\/1749\/revisions"}],"predecessor-version":[{"id":2559,"href":"https:\/\/recreaacademy.jalisco.gob.mx\/2024\/wp-json\/wp\/v2\/pages\/1749\/revisions\/2559"}],"wp:attachment":[{"href":"https:\/\/recreaacademy.jalisco.gob.mx\/2024\/wp-json\/wp\/v2\/media?parent=1749"}],"curies":[{"name":"wp","href":"https:\/\/api.w.org\/{rel}","templated":true}]}}