{"id":1753,"date":"2024-10-14T08:16:25","date_gmt":"2024-10-14T14:16:25","guid":{"rendered":"https:\/\/recreaacademy.jalisco.gob.mx\/2024\/?page_id=1753"},"modified":"2024-10-16T09:17:13","modified_gmt":"2024-10-16T15:17:13","slug":"iv-feria-internacional-de-lenguas-extranjeras-16-de-octubre","status":"publish","type":"page","link":"https:\/\/recreaacademy.jalisco.gob.mx\/2024\/iv-feria-internacional-de-lenguas-extranjeras-16-de-octubre\/","title":{"rendered":"IV Feria Internacional de Lenguas Extranjeras 16 de octubre"},"content":{"rendered":"\t\t<div data-elementor-type=\"wp-page\" data-elementor-id=\"1753\" class=\"elementor elementor-1753\">\n\t\t\t\t<div class=\"elementor-element elementor-element-2071d389 e-flex e-con-boxed e-con e-parent\" data-id=\"2071d389\" data-element_type=\"container\">\n\t\t\t\t\t<div class=\"e-con-inner\">\n\t\t\t\t<div class=\"elementor-element elementor-element-10e5313 elementor-widget elementor-widget-text-editor\" data-id=\"10e5313\" data-element_type=\"widget\" data-widget_type=\"text-editor.default\">\n\t\t\t\t<div class=\"elementor-widget-container\">\n\t\t\t\t\t\t\t<iframe width=\"560\" height=\"440\" src=\"https:\/\/www.youtube.com\/embed\/kiAjOvP7G40?si=fa0E2jPyZu-fJAaZ\" title=\"YouTube video player\" frameborder=\"0\" allow=\"accelerometer; autoplay; clipboard-write; encrypted-media; gyroscope; picture-in-picture; web-share\" referrerpolicy=\"strict-origin-when-cross-origin\" allowfullscreen><\/iframe>\t\t\t\t\t\t<\/div>\n\t\t\t\t<\/div>\n\t\t\t\t<div class=\"elementor-element elementor-element-4a6af04e elementor-widget elementor-widget-text-editor\" data-id=\"4a6af04e\" data-element_type=\"widget\" data-widget_type=\"text-editor.default\">\n\t\t\t\t<div class=\"elementor-widget-container\">\n\t\t\t\t\t\t\t<p>&nbsp;<\/p>\n<!-- wp:group {\"layout\":{\"type\":\"constrained\"}} -->\n<div class=\"wp-block-group\"><!-- wp:columns -->\n<div class=\"wp-block-columns\"><!-- wp:column {\"width\":\"100%\"} -->\n<div class=\"wp-block-column\" style=\"flex-basis: 100%;\"><!-- wp:table -->\n<figure class=\"wp-block-table\">\n<table class=\"has-fixed-layout has-base-2-color\" style=\"white-space: pre-wrap; word-break: break-word;\">\n<thead>\n<tr style=\"background-color: #9f89e5;\">\n<th style=\"background-color: #6552a0;\" scope=\"col\">Horario<\/th>\n<th scope=\"col\">Ponente<\/th>\n<th scope=\"col\">T\u00edtulo<\/th>\n<th scope=\"col\">Descripci\u00f3n<\/th>\n<\/tr>\n<\/thead>\n<tbody>\n<tr style=\"background-color: #9f89e5;\">\n<th style=\"background-color: #6552a0;\" scope=\"row\">9:00 &#8211; 9:25<\/th>\n<td rowspan=\"2\">Sim\u00f3n Madrigal Caro, Adriana Zuluaga, Ana Rosetti, Freddy Segura, Gustavo Sebasti\u00e1n Rodas<\/td>\n<td rowspan=\"2\">Inauguraci\u00f3n de IV FILE. Human intelligence and AI, working together for better<\/td>\n<td rowspan=\"2\">Inauguraci\u00f3n de IV FILE.\n<\/td>\n<\/tr>\n<tr style=\"background-color: #9f89e5;\">\n<th style=\"background-color: #6552a0;\" scope=\"row\">9:30 &#8211; 9:55<\/th>\n<\/tr>\n<tr style=\"background-color: #9f89e5;\">\n<th style=\"background-color: #6552a0;\" scope=\"row\">10:00 -10:25<\/th>\n<td rowspan=\"2\">Adriana Zuluaga<\/td>\n<td rowspan=\"2\">Teaching English nowadays<\/td>\n<td rowspan=\"2\">Vivimos atrapados en comportamientos e ideolog\u00edas que ya no aplican con las juventudes de hoy. Es necesario transformar todo ese conocimiento que hemos adquirido en una pr\u00e1ctica emp\u00e1tica que se adapte a las necesidades de la sociedad de hoy<\/td>\n<\/tr>\n<tr style=\"background-color: #9f89e5;\">\n<th style=\"background-color: #6552a0;\" scope=\"row\">10:30 &#8211; 10:55<\/th>\n<\/tr>\n<tr style=\"background-color: #9f89e5;\">\n<th style=\"background-color: #6552a0;\" scope=\"row\">11:00 &#8211; 11:25<\/th>\n<td rowspan=\"2\">Ana Sof\u00eda Rossetti<\/td>\n<td rowspan=\"2\">Playfulness for learning<\/td>\n<td rowspan=\"2\">\u00a0<\/td>\n<\/tr>\n<tr style=\"background-color: #9f89e5;\">\n<th style=\"background-color: #6552a0;\" scope=\"row\">11:30 &#8211; 11:55<\/th>\n<\/tr>\n<tr style=\"background-color: #9f89e5;\">\n<th style=\"background-color: #6552a0;\" scope=\"row\">12:00 &#8211; 12:25<\/th>\n<td rowspan=\"3\">Jos\u00e9 Luis Castillo Jim\u00e9nez<\/td>\n<td rowspan=\"3\">Aprendizaje activo y gamificado: un viaje hacia la innovaci\u00f3n educativa<\/td>\n<td rowspan=\"3\">\u00a0<\/td>\n<\/tr>\n<tr style=\"background-color: #9f89e5;\">\n<th style=\"background-color: #6552a0;\" scope=\"row\">12:30 &#8211; 12:55<\/th>\n<\/tr>\n<tr style=\"background-color: #9f89e5;\">\n<th style=\"background-color: #6552a0;\" scope=\"row\">13:00 &#8211; 13:25<\/th>\n<\/tr>\n<tr style=\"background-color: #9f89e5;\">\n<th style=\"background-color: #6552a0;\" scope=\"row\">13:30 &#8211; 13:55<\/th>\n<td colspan=\"3\">Videos Direcci\u00f3n de Lenguas Extranjeras\u00a0<\/td>\n<\/tr>\n<tr style=\"background-color: #9f89e5;\">\n<th style=\"background-color: #6552a0;\" scope=\"row\">14:00 &#8211; 14:25<\/th>\n<td rowspan=\"2\">Dante Francisco Gonz\u00e1lez Prado e Irma Margarita Zepeda Mu\u00f1\u00f3z<\/td>\n<td rowspan=\"2\">SOS, \u00bfc\u00f3mo planear clases de ingl\u00e9s y no morir en el intento?<\/td>\n<td rowspan=\"2\">\u00bfHas tenido que luchar incansablemente con tu computadora, rompi\u00e9ndote la cabeza para buscar nuevas actividades que llevar a cabo con tus estudiantes? Nosotros tambi\u00e9n, pero a lo largo de nuestra experiencia encontramos herramientas, tips y estrategias que aligeraron y agilizaron el espacio de planear, convirtiendo una ciudad en llamas en un espacio creativo, flexible y estrat\u00e9gico para hacer de nuestra misi\u00f3n imposible, un objetivo alcanzable. \u00a1Ven a salvar a los teachers con nosotros!<\/td>\n<\/tr>\n<tr style=\"background-color: #9f89e5;\">\n<th style=\"background-color: #6552a0;\" scope=\"row\">14:30 &#8211; 14:55<\/th>\n<\/tr>\n<tr style=\"background-color: #9f89e5;\">\n<th style=\"background-color: #6552a0;\" scope=\"row\">15:00 &#8211; 15:25<\/th>\n<td rowspan=\"2\">Gustavo Sebasti\u00e1n Rodas<\/td>\n<td rowspan=\"2\">Volviendo a visitar las actividades l\u00fadicas de ayer y hoy<\/td>\n<td rowspan=\"2\">Conferencia. A veces, como profesores de ingl\u00e9s, las pr\u00e1cticas en el aula se vuelven un poco mon\u00f3tonas por m\u00faltiples razones. Esto en ocasiones, construye un ambiente de aburrimiento que podr\u00eda repercutir en la atenci\u00f3n de los estudiantes. Una posible respuesta para hacer frente a esto, pueden ser las actividades l\u00fadicas. Hay autores que fomentan el uso de din\u00e1micas y juegos por sus efectos positivos. Por lo tanto, esta conferencia puede ayudar a revisar algunas viejas y nuevas actividades que logren apoyar en el quehacer docente y en el proceso de ense\u00f1anza-aprendizaje de los alumnos.<\/td>\n<\/tr>\n<tr style=\"background-color: #9f89e5;\">\n<th style=\"background-color: #6552a0;\" scope=\"row\">15:30 &#8211; 15:55<\/th>\n<\/tr>\n<tr style=\"background-color: #9f89e5;\">\n<th style=\"background-color: #6552a0;\" scope=\"row\">16:00 &#8211; 16:25<\/th>\n<td rowspan=\"2\">Luke Alexander Butler<\/td>\n<td rowspan=\"2\">La IA en la ense\u00f1anza y el aprendizaje de las lenguas extranjeras<\/td>\n<td rowspan=\"2\">En esta conferencia, exploraremos el pasado, presente y futuro de la IA, con un enfoque centrado en el proceso de ense\u00f1anza-aprendizaje de lenguas extranjeras y las posibilidades innovadoras que nos ofrece en \u00e1reas clave como la personalizaci\u00f3n del aprendizaje, herramientas de interacci\u00f3n, realidad virtual y evaluaci\u00f3n adaptativa.<\/td>\n<\/tr>\n<tr style=\"background-color: #9f89e5;\">\n<th style=\"background-color: #6552a0;\" scope=\"row\">16:30 &#8211; 16:55<\/th>\n<\/tr>\n<tr style=\"background-color: #9f89e5;\">\n<th style=\"background-color: #6552a0;\" scope=\"row\">17:00 &#8211; 17:25<\/th>\n<td rowspan=\"2\">Freddy Segura<\/td>\n<td rowspan=\"2\">AI a friend or foe?<\/td>\n<td rowspan=\"2\">\u00a0<\/td>\n<\/tr>\n<tr style=\"background-color: #9f89e5;\">\n<th style=\"background-color: #6552a0;\" scope=\"row\">17:30 &#8211; 17:55<\/th>\n<\/tr>\n<tr style=\"background-color: #9f89e5;\">\n<th style=\"background-color: #6552a0;\" scope=\"row\">18:00 &#8211; 18:25<\/th>\n<td class=\"has-text-align-center\" colspan=\"3\" rowspan=\"2\">CLAUSURA EN MAIN STAGE<\/td>\n<\/tr>\n<tr style=\"background-color: #9f89e5;\">\n<th style=\"background-color: #6552a0;\" scope=\"row\">18:30 &#8211; 18:55<\/th>\n<\/tr>\n<\/tbody>\n<\/table>\n<\/figure>\n<!-- \/wp:table --><\/div>\n<!-- \/wp:column --><\/div>\n<!-- \/wp:columns --><\/div>\n<!-- \/wp:group -->\t\t\t\t\t\t<\/div>\n\t\t\t\t<\/div>\n\t\t\t\t\t<\/div>\n\t\t\t\t<\/div>\n\t\t\t\t<\/div>\n\t\t","protected":false},"excerpt":{"rendered":"<p>&nbsp; Horario Ponente T\u00edtulo Descripci\u00f3n 9:00 &#8211; 9:25 Sim\u00f3n Madrigal Caro, Adriana Zuluaga, Ana Rosetti, Freddy Segura, Gustavo Sebasti\u00e1n Rodas Inauguraci\u00f3n de IV FILE. Human intelligence and AI, working together for better Inauguraci\u00f3n de IV FILE. 9:30 &#8211; 9:55 10:00 -10:25 Adriana Zuluaga Teaching English nowadays Vivimos atrapados en comportamientos e ideolog\u00edas que ya no [&hellip;]<\/p>\n","protected":false},"author":4,"featured_media":0,"parent":0,"menu_order":0,"comment_status":"closed","ping_status":"closed","template":"","meta":{"_monsterinsights_skip_tracking":false,"_monsterinsights_sitenote_active":false,"_monsterinsights_sitenote_note":"","_monsterinsights_sitenote_category":0,"footnotes":""},"class_list":["post-1753","page","type-page","status-publish","hentry"],"_links":{"self":[{"href":"https:\/\/recreaacademy.jalisco.gob.mx\/2024\/wp-json\/wp\/v2\/pages\/1753"}],"collection":[{"href":"https:\/\/recreaacademy.jalisco.gob.mx\/2024\/wp-json\/wp\/v2\/pages"}],"about":[{"href":"https:\/\/recreaacademy.jalisco.gob.mx\/2024\/wp-json\/wp\/v2\/types\/page"}],"author":[{"embeddable":true,"href":"https:\/\/recreaacademy.jalisco.gob.mx\/2024\/wp-json\/wp\/v2\/users\/4"}],"replies":[{"embeddable":true,"href":"https:\/\/recreaacademy.jalisco.gob.mx\/2024\/wp-json\/wp\/v2\/comments?post=1753"}],"version-history":[{"count":20,"href":"https:\/\/recreaacademy.jalisco.gob.mx\/2024\/wp-json\/wp\/v2\/pages\/1753\/revisions"}],"predecessor-version":[{"id":2571,"href":"https:\/\/recreaacademy.jalisco.gob.mx\/2024\/wp-json\/wp\/v2\/pages\/1753\/revisions\/2571"}],"wp:attachment":[{"href":"https:\/\/recreaacademy.jalisco.gob.mx\/2024\/wp-json\/wp\/v2\/media?parent=1753"}],"curies":[{"name":"wp","href":"https:\/\/api.w.org\/{rel}","templated":true}]}}