{"id":1758,"date":"2024-10-14T08:17:32","date_gmt":"2024-10-14T14:17:32","guid":{"rendered":"https:\/\/recreaacademy.jalisco.gob.mx\/2024\/?page_id=1758"},"modified":"2024-10-16T09:12:31","modified_gmt":"2024-10-16T15:12:31","slug":"v-encuentro-leo-lectura-escritura-y-oralidad-16-de-octubre","status":"publish","type":"page","link":"https:\/\/recreaacademy.jalisco.gob.mx\/2024\/v-encuentro-leo-lectura-escritura-y-oralidad-16-de-octubre\/","title":{"rendered":"V Encuentro LEO (Lectura, Escritura y Oralidad) 16 de octubre"},"content":{"rendered":"\t\t<div data-elementor-type=\"wp-page\" data-elementor-id=\"1758\" class=\"elementor elementor-1758\">\n\t\t\t\t<div class=\"elementor-element elementor-element-3bf0b4a8 e-flex e-con-boxed e-con e-parent\" data-id=\"3bf0b4a8\" data-element_type=\"container\">\n\t\t\t\t\t<div class=\"e-con-inner\">\n\t\t\t\t<div class=\"elementor-element elementor-element-a9fbccc elementor-widget elementor-widget-text-editor\" data-id=\"a9fbccc\" data-element_type=\"widget\" data-widget_type=\"text-editor.default\">\n\t\t\t\t<div class=\"elementor-widget-container\">\n\t\t\t\t\t\t\t<iframe width=\"560\" height=\"440\" src=\"https:\/\/www.youtube.com\/embed\/PFM6WdDDA2w?si=T0XmJgKCbnJ1_j2h\" title=\"YouTube video player\" frameborder=\"0\" allow=\"accelerometer; autoplay; clipboard-write; encrypted-media; gyroscope; picture-in-picture; web-share\" referrerpolicy=\"strict-origin-when-cross-origin\" allowfullscreen><\/iframe>\t\t\t\t\t\t<\/div>\n\t\t\t\t<\/div>\n\t\t\t\t<div class=\"elementor-element elementor-element-605b8ac3 elementor-widget elementor-widget-text-editor\" data-id=\"605b8ac3\" data-element_type=\"widget\" data-widget_type=\"text-editor.default\">\n\t\t\t\t<div class=\"elementor-widget-container\">\n\t\t\t\t\t\t\t<p>&nbsp;<\/p>\n<!-- wp:group {\"layout\":{\"type\":\"constrained\"}} -->\n<div class=\"wp-block-group\"><!-- wp:columns -->\n<div class=\"wp-block-columns\"><!-- wp:column {\"width\":\"100%\"} -->\n<div class=\"wp-block-column\" style=\"flex-basis: 100%;\"><!-- wp:table -->\n<figure class=\"wp-block-table\">\n<table class=\"has-fixed-layout has-base-2-color\" style=\"white-space: pre-wrap; word-break: break-word;\">\n<thead>\n<tr style=\"background-color: #9f89e5;\">\n<th style=\"background-color: #6552a0;\" scope=\"col\">Horario<\/th>\n<th scope=\"col\">Ponente<\/th>\n<th scope=\"col\">T\u00edtulo<\/th>\n<th scope=\"col\">Descripci\u00f3n<\/th>\n<\/tr>\n<\/thead>\n<tbody>\n<tr style=\"background-color: #9f89e5;\">\n<th style=\"background-color: #6552a0;\" scope=\"row\">9:00 &#8211; 9:25<\/th>\n<td rowspan=\"2\">Edith Ram\u00edrez<\/td>\n<td rowspan=\"2\">\u00bfY usted, c\u00f3mo hace para que lean? La formaci\u00f3n literaria entre docentes<\/td>\n<td rowspan=\"2\">Para promover y fortalecer la lectura literaria entre nuestros estudiantes, las y los docentes debemos formarnos como lectores y lectoras. En este taller hablaremos de la lectura como un ejercicio de construcci\u00f3n colectiva, a partir de ah\u00ed desarrollaremos estrategias para formarnos como lectores literarios desde nuestras comunidades escolares, para lograr transmitir el placer de la lectura con nuestros estudiantes.<\/td>\n<\/tr>\n<tr style=\"background-color: #9f89e5;\">\n<th style=\"background-color: #6552a0;\" scope=\"row\">9:30 &#8211; 9:55<\/th>\n<\/tr>\n<tr style=\"background-color: #9f89e5;\">\n<th style=\"background-color: #6552a0;\" scope=\"row\">10:00 -10:25<\/th>\n<td rowspan=\"2\">Ver\u00f3nica Ju\u00e1rez<\/td>\n<td rowspan=\"2\">Tenemos que hablar de la lectura en pantalla<\/td>\n<td rowspan=\"2\">Esta charla explora las distintas oportunidades que nos ofrecen las pantallas, como formato v\u00e1lido para la lectura.<\/td>\n<\/tr>\n<tr style=\"background-color: #9f89e5;\">\n<th style=\"background-color: #6552a0;\" scope=\"row\">10:30 &#8211; 10:55<\/th>\n<\/tr>\n<tr style=\"background-color: #9f89e5;\">\n<th style=\"background-color: #6552a0;\" scope=\"row\">11:00 &#8211; 11:25<\/th>\n<td rowspan=\"2\">Carmen Pellicer y Teresa Puchades\n<\/td>\n<td rowspan=\"2\">Cultivando lectores: buenas pr\u00e1cticas en el aula\n\n<\/td>\n<td rowspan=\"2\">Cultivando Lectores<\/td>\n<\/tr>\n<tr style=\"background-color: #9f89e5;\">\n<th style=\"background-color: #6552a0;\" scope=\"row\">11:30 &#8211; 11:55<\/th>\n<\/tr>\n<tr style=\"background-color: #9f89e5;\">\n<th style=\"background-color: #6552a0;\" scope=\"row\">12:00 &#8211; 12:25<\/th>\n<td rowspan=\"2\">Teresa Figueroa<\/td>\n<td rowspan=\"2\">Cuentos, leyendas, mitos y canciones. La oralidad y la escritura<\/td>\n<td rowspan=\"2\">En esta charla se plantea la relaci\u00f3n entre la oralidad y la escritura como herramientas de transmisi\u00f3n de conocimiento, comunicaci\u00f3n y reflexi\u00f3n. Partimos del hecho de que nuestra sociedad viene de un proceso de colonizaci\u00f3n cultural que present\u00f3 la oralidad como una forma de comunicaci\u00f3n de menos valor que la palabra escrita: este mito pervive hasta nuestros d\u00edas en las diversas instituciones educativas. Se revisan brevemente conceptos b\u00e1sicos del tema: habla, lenguaje, oralidad, literatura oral, cultura escrita, relato y discurso.<\/td>\n<\/tr>\n<tr style=\"background-color: #9f89e5;\">\n<th style=\"background-color: #6552a0;\" scope=\"row\">12:30 &#8211; 12:55<\/th>\n<\/tr>\n<tr style=\"background-color: #9f89e5;\">\n<th style=\"background-color: #6552a0;\" scope=\"row\">13:00 &#8211; 13:25<\/th>\n<td rowspan=\"2\">Sofia Rodr\u00edguez Buenrostro<\/td>\n<td rowspan=\"2\">Bases y estrategias de la lectura y escritura<\/td>\n<td rowspan=\"2\">Bases y estrategias de lectoescritura.<\/td>\n<\/tr>\n<tr style=\"background-color: #9f89e5;\">\n<th style=\"background-color: #6552a0;\" scope=\"row\">13:30 &#8211; 13:55<\/th>\n<\/tr>\n<tr style=\"background-color: #9f89e5;\">\n<th style=\"background-color: #6552a0;\" scope=\"row\">14:00 &#8211; 14:25<\/th>\n<td rowspan=\"2\">Miguel Mej\u00eda<\/td>\n<td rowspan=\"2\">Cuentos para imaginar<\/td>\n<td rowspan=\"2\">Taller-laboratorio para imaginar a trav\u00e9s de los cuentos. Las personas participantes experimentan por medio de historias\n<\/td>\n<\/tr>\n<tr style=\"background-color: #9f89e5;\">\n<th style=\"background-color: #6552a0;\" scope=\"row\">14:30 &#8211; 14:55<\/th>\n<\/tr>\n<tr style=\"background-color: #9f89e5;\">\n<th style=\"background-color: #6552a0;\" scope=\"row\">15:00 &#8211; 15:25<\/th>\n<td colspan=\"3\" rowspan=\"6\">\u00a0<\/td>\n<\/tr>\n<tr style=\"background-color: #9f89e5;\">\n<th style=\"background-color: #6552a0;\" scope=\"row\">15:30 &#8211; 15:55<\/th>\n<\/tr>\n<tr style=\"background-color: #9f89e5;\">\n<th style=\"background-color: #6552a0;\" scope=\"row\">16:00 &#8211; 16:25<\/th>\n<\/tr>\n<tr style=\"background-color: #9f89e5;\">\n<th style=\"background-color: #6552a0;\" scope=\"row\">16:30 &#8211; 16:55<\/th>\n<\/tr>\n<tr style=\"background-color: #9f89e5;\">\n<th style=\"background-color: #6552a0;\" scope=\"row\">17:00 &#8211; 17:25<\/th>\n<\/tr>\n<tr style=\"background-color: #9f89e5;\">\n<th style=\"background-color: #6552a0;\" scope=\"row\">17:30 &#8211; 17:55<\/th>\n<\/tr>\n<tr style=\"background-color: #9f89e5;\">\n<th style=\"background-color: #6552a0;\" scope=\"row\">18:00 &#8211; 18:25<\/th>\n<td class=\"has-text-align-center\" colspan=\"3\" rowspan=\"2\">CLAUSURA EN MAIN STAGE<\/td>\n<\/tr>\n<tr style=\"background-color: #9f89e5;\">\n<th style=\"background-color: #6552a0;\" scope=\"row\">18:30 &#8211; 18:55<\/th>\n<\/tr>\n<\/tbody>\n<\/table>\n<\/figure>\n<!-- \/wp:table --><\/div>\n<!-- \/wp:column --><\/div>\n<!-- \/wp:columns --><\/div>\n<!-- \/wp:group -->\t\t\t\t\t\t<\/div>\n\t\t\t\t<\/div>\n\t\t\t\t\t<\/div>\n\t\t\t\t<\/div>\n\t\t\t\t<\/div>\n\t\t","protected":false},"excerpt":{"rendered":"<p>&nbsp; Horario Ponente T\u00edtulo Descripci\u00f3n 9:00 &#8211; 9:25 Edith Ram\u00edrez \u00bfY usted, c\u00f3mo hace para que lean? La formaci\u00f3n literaria entre docentes Para promover y fortalecer la lectura literaria entre nuestros estudiantes, las y los docentes debemos formarnos como lectores y lectoras. En este taller hablaremos de la lectura como un ejercicio de construcci\u00f3n colectiva, [&hellip;]<\/p>\n","protected":false},"author":4,"featured_media":0,"parent":0,"menu_order":0,"comment_status":"closed","ping_status":"closed","template":"","meta":{"_monsterinsights_skip_tracking":false,"_monsterinsights_sitenote_active":false,"_monsterinsights_sitenote_note":"","_monsterinsights_sitenote_category":0,"footnotes":""},"class_list":["post-1758","page","type-page","status-publish","hentry"],"_links":{"self":[{"href":"https:\/\/recreaacademy.jalisco.gob.mx\/2024\/wp-json\/wp\/v2\/pages\/1758"}],"collection":[{"href":"https:\/\/recreaacademy.jalisco.gob.mx\/2024\/wp-json\/wp\/v2\/pages"}],"about":[{"href":"https:\/\/recreaacademy.jalisco.gob.mx\/2024\/wp-json\/wp\/v2\/types\/page"}],"author":[{"embeddable":true,"href":"https:\/\/recreaacademy.jalisco.gob.mx\/2024\/wp-json\/wp\/v2\/users\/4"}],"replies":[{"embeddable":true,"href":"https:\/\/recreaacademy.jalisco.gob.mx\/2024\/wp-json\/wp\/v2\/comments?post=1758"}],"version-history":[{"count":14,"href":"https:\/\/recreaacademy.jalisco.gob.mx\/2024\/wp-json\/wp\/v2\/pages\/1758\/revisions"}],"predecessor-version":[{"id":2568,"href":"https:\/\/recreaacademy.jalisco.gob.mx\/2024\/wp-json\/wp\/v2\/pages\/1758\/revisions\/2568"}],"wp:attachment":[{"href":"https:\/\/recreaacademy.jalisco.gob.mx\/2024\/wp-json\/wp\/v2\/media?parent=1758"}],"curies":[{"name":"wp","href":"https:\/\/api.w.org\/{rel}","templated":true}]}}