{"id":1760,"date":"2024-10-14T08:16:33","date_gmt":"2024-10-14T14:16:33","guid":{"rendered":"https:\/\/recreaacademy.jalisco.gob.mx\/2024\/?page_id=1760"},"modified":"2024-10-14T18:34:21","modified_gmt":"2024-10-15T00:34:21","slug":"ludicav-16-de-octubre","status":"publish","type":"page","link":"https:\/\/recreaacademy.jalisco.gob.mx\/2024\/ludicav-16-de-octubre\/","title":{"rendered":"LudiCAV 16 de octubre"},"content":{"rendered":"\t\t<div data-elementor-type=\"wp-page\" data-elementor-id=\"1760\" class=\"elementor elementor-1760\">\n\t\t\t\t<div class=\"elementor-element elementor-element-54d080eb e-flex e-con-boxed e-con e-parent\" data-id=\"54d080eb\" data-element_type=\"container\">\n\t\t\t\t\t<div class=\"e-con-inner\">\n\t\t\t\t<div class=\"elementor-element elementor-element-1fc2e69d elementor-widget elementor-widget-text-editor\" data-id=\"1fc2e69d\" data-element_type=\"widget\" data-widget_type=\"text-editor.default\">\n\t\t\t\t<div class=\"elementor-widget-container\">\n\t\t\t\t\t\t\t<p>&nbsp;<\/p>\n<!-- wp:group {\"layout\":{\"type\":\"constrained\"}} -->\n<div class=\"wp-block-group\"><!-- wp:columns -->\n<div class=\"wp-block-columns\"><!-- wp:column {\"width\":\"100%\"} -->\n<div class=\"wp-block-column\" style=\"flex-basis: 100%;\"><!-- wp:table -->\n<figure class=\"wp-block-table\">\n<table class=\"has-fixed-layout has-base-2-color\">\n<thead>\n<tr style=\"background-color: #9f89e5;\">\n<th style=\"background-color: #6552a0;\" scope=\"col\">Horario<\/th>\n<th scope=\"col\">\u00a0Ponente<\/th>\n<th scope=\"col\">Bloque<\/th>\n<th scope=\"col\">T\u00edtulo<\/th>\n<th scope=\"col\">\u00a0Beneficios<\/th>\n<\/tr>\n<\/thead>\n<tbody>\n<tr style=\"background-color: #9f89e5;\">\n<th style=\"background-color: #6552a0;\" scope=\"row\">9:00 &#8211; 9:25<\/th>\n<td class=\"has-text-align-center\" colspan=\"4\" rowspan=\"12\">\u00a0<\/td>\n<\/tr>\n<tr style=\"background-color: #9f89e5;\">\n<th style=\"background-color: #6552a0;\" scope=\"row\">9:30 &#8211; 9:55<\/th>\n<\/tr>\n<tr style=\"background-color: #9f89e5;\">\n<th style=\"background-color: #6552a0;\" scope=\"row\">10:00 -10:25<\/th>\n<\/tr>\n<tr style=\"background-color: #9f89e5;\">\n<th style=\"background-color: #6552a0;\" scope=\"row\">10:30 &#8211; 10:55<\/th>\n<\/tr>\n<tr style=\"background-color: #9f89e5;\">\n<th style=\"background-color: #6552a0;\" scope=\"row\">11:00 &#8211; 11:25<\/th>\n<\/tr>\n<tr style=\"background-color: #9f89e5;\">\n<th style=\"background-color: #6552a0;\" scope=\"row\">11:30 &#8211; 11:55<\/th>\n<\/tr>\n<tr style=\"background-color: #9f89e5;\">\n<th style=\"background-color: #6552a0;\" scope=\"row\">12:00 &#8211; 12:25<\/th>\n<\/tr>\n<tr style=\"background-color: #9f89e5;\">\n<th style=\"background-color: #6552a0;\" scope=\"row\">12:30 &#8211; 12:55<\/th>\n<\/tr>\n<tr style=\"background-color: #9f89e5;\">\n<th style=\"background-color: #6552a0;\" scope=\"row\">13:00 &#8211; 13:25<\/th>\n<\/tr>\n<tr style=\"background-color: #9f89e5;\">\n<th style=\"background-color: #6552a0;\" scope=\"row\">13:30 &#8211; 13:55<\/th>\n<\/tr>\n<tr style=\"background-color: #9f89e5;\">\n<th style=\"background-color: #6552a0;\" scope=\"row\">14:00 &#8211; 14:25<\/th>\n<\/tr>\n<tr style=\"background-color: #9f89e5;\">\n<th style=\"background-color: #6552a0;\" scope=\"row\">14:30 &#8211; 14:55<\/th>\n<\/tr>\n<tr style=\"background-color: #9f89e5;\">\n<th style=\"background-color: #6552a0;\" scope=\"row\">15:00 &#8211; 15:25<\/th>\n<td class=\"has-text-align-center\">Jaime Quintero Ruiz<\/td>\n<td class=\"has-text-align-center\">Las pausas activas son un conjunto de t\u00e9cnicas de activaci\u00f3n que ayudan a reducir el estr\u00e9s y la tensi\u00f3n acumulada en el cuerpo. Estas t\u00e9cnicas se realizan en cortos periodos de tiempo y pueden ser tan simples como estiramientos, movimientos de todo el cuerpo, meditaci\u00f3n, o cualquier otra actividad que ayude a relajarse y a centrarte en el presente.<\/td>\n<td class=\"has-text-align-center\">Bloque 1<br \/>Actividades de pausas activas y activaci\u00f3n f\u00edsica<\/td>\n<td class=\"has-text-align-center\">&#8211; Reduce el estr\u00e9s y la ansiedad<br \/>&#8211; Mejora la concentraci\u00f3n y productividad<br \/>&#8211; Fomenta el autocuidado Pueden ser adaptadas a tus necesidades: Puedes elegir las t\u00e9cnicas que mejor se adapten a los intereses de los grupos<\/td>\n<\/tr>\n<tr style=\"background-color: #9f89e5;\">\n<th style=\"background-color: #6552a0;\" scope=\"row\">15:30 &#8211; 15:55<\/th>\n<td class=\"has-text-align-center\">Jaime Quintero Ruiz<\/td>\n<td class=\"has-text-align-center\">Los ejercicios de reacci\u00f3n en educaci\u00f3n f\u00edsica son actividades que desarrollan la capacidad de reaccionar r\u00e1pidamente a est\u00edmulos del entorno, como se\u00f1ales visuales, auditivas o t\u00e1ctiles.<\/td>\n<td class=\"has-text-align-center\">Bloque 2 <br \/>Juegos y t\u00e9cnicas de reacci\u00f3n<\/td>\n<td class=\"has-text-align-center\">\u00a0<\/td>\n<\/tr>\n<tr style=\"background-color: #9f89e5;\">\n<th style=\"background-color: #6552a0;\" scope=\"row\">16:00 &#8211; 16:25<\/th>\n<td class=\"has-text-align-center\">Jaime Quintero Ruiz<\/td>\n<td class=\"has-text-align-center\">Los juegos de coordinaci\u00f3n y movimiento para ni\u00f1os en grupo se enfocan, en la adquisici\u00f3n de diferentes destrezas generales: orientaci\u00f3n espacial, estimulaci\u00f3n de reflejos, coordinaci\u00f3n en sentido amplio, lateralizaci\u00f3n, conocimiento y, experimentaci\u00f3n del cuerpo, capacidad de atenci\u00f3n y psicomotricidad<\/td>\n<td class=\"has-text-align-center\">Bloque 3<br \/>Juegos y t\u00e9nicas de coordinaci\u00f3n<\/td>\n<td class=\"has-text-align-center\">\u00a0<\/td>\n<\/tr>\n<tr style=\"background-color: #9f89e5;\">\n<th style=\"background-color: #6552a0;\" scope=\"row\">16:30 &#8211; 16:55<\/th>\n<td class=\"has-text-align-center\">Jaime Quintero Ruiz<\/td>\n<td class=\"has-text-align-center\">Los juegos cooperativos son aquellos en los que los jugadores no compiten entre s\u00ed. En cambio, tienen un objetivo com\u00fan para que ganen o pierdan juntos. La diversi\u00f3n proviene de la colaboraci\u00f3n y el desaf\u00edo del juego.<\/td>\n<td class=\"has-text-align-center\">Bloque 4<br \/>Juegos y t\u00e9cnicas colaborativas<\/td>\n<td class=\"has-text-align-center\">\u00a0<\/td>\n<\/tr>\n<tr style=\"background-color: #9f89e5;\">\n<th style=\"background-color: #6552a0;\" scope=\"row\">17:00 &#8211; 17:25<\/th>\n<td class=\"has-text-align-center\">\u00a0<\/td>\n<td class=\"has-text-align-center\">\u00a0<\/td>\n<td class=\"has-text-align-center\">\u00a0<\/td>\n<td class=\"has-text-align-center\">\u00a0<\/td>\n<\/tr>\n<tr style=\"background-color: #9f89e5;\">\n<th style=\"background-color: #6552a0;\" scope=\"row\">17:30 &#8211; 17:55<\/th>\n<td class=\"has-text-align-center\">\u00a0<\/td>\n<td class=\"has-text-align-center\">\u00a0<\/td>\n<td class=\"has-text-align-center\">\u00a0<\/td>\n<td class=\"has-text-align-center\">\u00a0<\/td>\n<\/tr>\n<tr style=\"background-color: #9f89e5;\">\n<th style=\"background-color: #6552a0;\" scope=\"row\">18:00 &#8211; 18:25<\/th>\n<td colspan=\"4\">\u00a0<\/td>\n<\/tr>\n<tr style=\"background-color: #9f89e5;\">\n<th style=\"background-color: #6552a0;\" scope=\"row\">18:30 &#8211; 18:55<\/th>\n<td colspan=\"4\">\u00a0<\/td>\n<\/tr>\n<\/tbody>\n<\/table>\n<\/figure>\n<!-- \/wp:table --><\/div>\n<!-- \/wp:column --><\/div>\n<!-- \/wp:columns --><\/div>\n<!-- \/wp:group -->\t\t\t\t\t\t<\/div>\n\t\t\t\t<\/div>\n\t\t\t\t\t<\/div>\n\t\t\t\t<\/div>\n\t\t\t\t<\/div>\n\t\t","protected":false},"excerpt":{"rendered":"<p>&nbsp; Horario \u00a0Ponente Bloque T\u00edtulo \u00a0Beneficios 9:00 &#8211; 9:25 \u00a0 9:30 &#8211; 9:55 10:00 -10:25 10:30 &#8211; 10:55 11:00 &#8211; 11:25 11:30 &#8211; 11:55 12:00 &#8211; 12:25 12:30 &#8211; 12:55 13:00 &#8211; 13:25 13:30 &#8211; 13:55 14:00 &#8211; 14:25 14:30 &#8211; 14:55 15:00 &#8211; 15:25 Jaime Quintero Ruiz Las pausas activas son un conjunto de [&hellip;]<\/p>\n","protected":false},"author":4,"featured_media":0,"parent":0,"menu_order":0,"comment_status":"closed","ping_status":"closed","template":"","meta":{"_monsterinsights_skip_tracking":false,"_monsterinsights_sitenote_active":false,"_monsterinsights_sitenote_note":"","_monsterinsights_sitenote_category":0,"footnotes":""},"class_list":["post-1760","page","type-page","status-publish","hentry"],"_links":{"self":[{"href":"https:\/\/recreaacademy.jalisco.gob.mx\/2024\/wp-json\/wp\/v2\/pages\/1760"}],"collection":[{"href":"https:\/\/recreaacademy.jalisco.gob.mx\/2024\/wp-json\/wp\/v2\/pages"}],"about":[{"href":"https:\/\/recreaacademy.jalisco.gob.mx\/2024\/wp-json\/wp\/v2\/types\/page"}],"author":[{"embeddable":true,"href":"https:\/\/recreaacademy.jalisco.gob.mx\/2024\/wp-json\/wp\/v2\/users\/4"}],"replies":[{"embeddable":true,"href":"https:\/\/recreaacademy.jalisco.gob.mx\/2024\/wp-json\/wp\/v2\/comments?post=1760"}],"version-history":[{"count":22,"href":"https:\/\/recreaacademy.jalisco.gob.mx\/2024\/wp-json\/wp\/v2\/pages\/1760\/revisions"}],"predecessor-version":[{"id":2312,"href":"https:\/\/recreaacademy.jalisco.gob.mx\/2024\/wp-json\/wp\/v2\/pages\/1760\/revisions\/2312"}],"wp:attachment":[{"href":"https:\/\/recreaacademy.jalisco.gob.mx\/2024\/wp-json\/wp\/v2\/media?parent=1760"}],"curies":[{"name":"wp","href":"https:\/\/api.w.org\/{rel}","templated":true}]}}