{"id":1817,"date":"2024-10-13T19:26:24","date_gmt":"2024-10-14T01:26:24","guid":{"rendered":"https:\/\/recreaacademy.jalisco.gob.mx\/2024\/?page_id=1817"},"modified":"2024-10-14T21:08:16","modified_gmt":"2024-10-15T03:08:16","slug":"workshop-formacion-ciudadana","status":"publish","type":"page","link":"https:\/\/recreaacademy.jalisco.gob.mx\/2024\/workshop-formacion-ciudadana\/","title":{"rendered":"WORKSHOP  Formaci\u00f3n Ciudadana"},"content":{"rendered":"\t\t<div data-elementor-type=\"wp-page\" data-elementor-id=\"1817\" class=\"elementor elementor-1817\">\n\t\t\t\t<div class=\"elementor-element elementor-element-37fa1c8d e-con-full e-flex e-con e-parent\" data-id=\"37fa1c8d\" data-element_type=\"container\">\n\t\t\t\t<div class=\"elementor-element elementor-element-69673c2 elementor-widget elementor-widget-heading\" data-id=\"69673c2\" data-element_type=\"widget\" data-widget_type=\"heading.default\">\n\t\t\t\t<div class=\"elementor-widget-container\">\n\t\t\t<h2 class=\"elementor-heading-title elementor-size-default\">15 de octubre<\/h2>\t\t<\/div>\n\t\t\t\t<\/div>\n\t\t\t\t<div class=\"elementor-element elementor-element-3c5cec70 elementor-widget elementor-widget-text-editor\" data-id=\"3c5cec70\" data-element_type=\"widget\" data-widget_type=\"text-editor.default\">\n\t\t\t\t<div class=\"elementor-widget-container\">\n\t\t\t\t\t\t\t<!-- wp:group {\"layout\":{\"type\":\"constrained\"}} -->\n<div class=\"wp-block-group\"><!-- wp:columns -->\n<div class=\"wp-block-columns\"><!-- wp:column {\"width\":\"100%\"} -->\n<div class=\"wp-block-column\" style=\"flex-basis: 100%;\"><!-- wp:table -->\n<figure class=\"wp-block-table\">\n<table class=\"has-fixed-layout has-base-2-color\" style=\"white-space: pre-wrap; word-break: break-word;\">\n<thead>\n<tr style=\"background-color: #9f89e5;\">\n<th style=\"background-color: #6552a0;\" scope=\"col\">Horario<\/th>\n<th scope=\"col\">Ponente<\/th>\n<th scope=\"col\">T\u00edtulo<\/th>\n<th scope=\"col\">Descripci\u00f3n<\/th>\n<th scope=\"col\">Registro<\/th>\n<\/tr>\n<\/thead>\n<tbody>\n<tr style=\"background-color: #9f89e5;\">\n<th style=\"background-color: #6552a0;\" scope=\"row\">9:00 &#8211; 9:25<\/th>\n<td colspan=\"4\" rowspan=\"2\">\u00a0<\/td>\n<\/tr>\n<tr>\n<th style=\"background-color: #6552a0;\" scope=\"row\">9:30 &#8211; 9:55<\/th>\n<\/tr>\n<tr style=\"background-color: #9f89e5;\">\n<th style=\"background-color: #6552a0;\" scope=\"row\">10:00 -10:25<\/th>\n<td rowspan=\"3\">Silvia Estela Cruz Cervantes<\/td>\n<td rowspan=\"3\">CAV, educaci\u00f3n que fortalece ante la adversidad latente<\/td>\n<td rowspan=\"3\">Reflexi\u00f3n din\u00e1mica en colectivo sobre las habilidades socioemocionales que las CAV promueven para el desarrollo de habilidades socioemocionales, las cuales, a su vez, fortalecen para enfrentar con optimismo los retos adversos que pueden presentarse en la vida.<\/td>\n<td rowspan=\"3\"><a style=\"color: #ffffff;\" href=\"https:\/\/forms.gle\/geSvfCa69QWiFSnJA\">Registro<\/a><\/td>\n<\/tr>\n<tr style=\"background-color: #9f89e5;\">\n<th style=\"background-color: #6552a0;\" scope=\"row\">10:30 &#8211; 10:55<\/th>\n<\/tr>\n<tr style=\"background-color: #9f89e5;\">\n<th style=\"background-color: #6552a0;\" scope=\"row\">11:00 &#8211; 11:25<\/th>\n<\/tr>\n<tr style=\"background-color: #9f89e5;\">\n<th style=\"background-color: #6552a0;\" scope=\"row\">11:30 &#8211; 11:55<\/th>\n<td rowspan=\"3\">Zaira Assul Magallanes Rodr\u00edguez<\/td>\n<td rowspan=\"3\">La Escuela como espacio de participaci\u00f3n infantil y adolescente para la formaci\u00f3n ciudadana<\/td>\n<td rowspan=\"3\">Se presenta una experiencia de investigaci\u00f3n acci\u00f3n encaminada a la transformaci\u00f3n cultural en un contexto escolar a partir de los principios te\u00f3rico &#8211; metodol\u00f3gicos de la justicia restaurativa en educaci\u00f3n. Se abordan diferentes fases del proceso y se reflexiona sobre la necesidad de implementar programas situados que involucren la participaci\u00f3n activa de la comunidad escolar, as\u00ed como la incorporaci\u00f3n de necesidades emergentes durante el proceso.<\/td>\n<td rowspan=\"3\"><a style=\"color: #ffffff;\" href=\"https:\/\/forms.gle\/f3dDjR3KAdsXY9d38\">Registro<\/a><\/td>\n<\/tr>\n<tr style=\"background-color: #9f89e5;\">\n<th style=\"background-color: #6552a0;\" scope=\"row\">12:00 &#8211; 12:25<\/th>\n<\/tr>\n<tr style=\"background-color: #9f89e5;\">\n<th style=\"background-color: #6552a0;\" scope=\"row\">12:30 &#8211; 12:55<\/th>\n<\/tr>\n<tr style=\"background-color: #9f89e5;\">\n<th style=\"background-color: #6552a0;\" scope=\"row\">13:00 &#8211; 13:25<\/th>\n<td rowspan=\"3\">Victor Hugo Prado<\/td>\n<td rowspan=\"3\">Formaci\u00f3n Ciudadana para j\u00f3venes<\/td>\n<td rowspan=\"3\">La formaci\u00f3n ciudadana de los estudiantes debe derivar en la construcci\u00f3n de la cultura de paz, fomentando valores, actitudes y comportamientos como respeto, tolerancia, igualdad, comprensi\u00f3n, solidaridad, di\u00e1logo, negociaci\u00f3n y consenso; a trav\u00e9s de los cuales se fortalecen y restablecen la convivencia arm\u00f3nica y los lazos entre individuos de una misma comunidad.<\/td>\n<td rowspan=\"3\"><a style=\"color: #ffffff;\" href=\"https:\/\/forms.gle\/3MNS89BpuDYwYx4y7\">Registro<\/a><\/td>\n<\/tr>\n<tr style=\"background-color: #9f89e5;\">\n<th style=\"background-color: #6552a0;\" scope=\"row\">13:30 &#8211; 13:55<\/th>\n<\/tr>\n<tr style=\"background-color: #9f89e5;\">\n<th style=\"background-color: #6552a0;\" scope=\"row\">14:00 &#8211; 14:25<\/th>\n<\/tr>\n<tr style=\"background-color: #9f89e5;\">\n<th style=\"background-color: #6552a0;\" scope=\"row\">14:30 &#8211; 14:55<\/th>\n<td rowspan=\"3\">Carlos Antonio Enciso Calder\u00f3n<\/td>\n<td rowspan=\"3\">Desarrollar habilidades para resolver conflictos de manera pac\u00edfica y promover el di\u00e1logo constructivo.<\/td>\n<td rowspan=\"3\">En la sesi\u00f3n analizaremos algunas herramientas para resolver conflictos en las comunidades educativas a trav\u00e9s del di\u00e1logo, as\u00ed como realizaremos algunos ejercicios pr\u00e1cticos.<\/td>\n<td rowspan=\"3\"><a style=\"color: #ffffff;\" href=\"https:\/\/forms.gle\/CWArtyaF3joKQKz48\">Registro<\/a><\/td>\n<\/tr>\n<tr style=\"background-color: #9f89e5;\">\n<th style=\"background-color: #6552a0;\" scope=\"row\">15:00 &#8211; 15:25<\/th>\n<\/tr>\n<tr style=\"background-color: #9f89e5;\">\n<th style=\"background-color: #6552a0;\" scope=\"row\">15:30 &#8211; 15:55<\/th>\n<\/tr>\n<tr style=\"background-color: #9f89e5;\">\n<th style=\"background-color: #6552a0;\" scope=\"row\">16:00 &#8211; 16:25<\/th>\n<td rowspan=\"3\">Jimena Casillas Casta\u00f1eda<\/td>\n<td rowspan=\"3\">Una mirada a la inteligencia artificial: ciencia y \u00e9tica<\/td>\n<td rowspan=\"3\">Veremos la relevancia de la IA en la educaci\u00f3n y los estatutos \u00e9ticos de la misma para generar conciencia y criterio en los alumnos en el aula.<\/td>\n<td rowspan=\"3\"><a style=\"color: #ffffff;\" href=\"https:\/\/forms.gle\/ibNjL5eUEfotyd738\">Registro<\/a><\/td>\n<\/tr>\n<tr style=\"background-color: #9f89e5;\">\n<th style=\"background-color: #6552a0;\" scope=\"row\">16:30 &#8211; 16:55<\/th>\n<\/tr>\n<tr style=\"background-color: #9f89e5;\">\n<th style=\"background-color: #6552a0;\" scope=\"row\">17:00 &#8211; 17:25<\/th>\n<\/tr>\n<tr style=\"background-color: #9f89e5;\">\n<th style=\"background-color: #6552a0;\" scope=\"row\">17:30 &#8211; 17:55<\/th>\n<td rowspan=\"2\">\u00a0<\/td>\n<td rowspan=\"2\">\u00a0<\/td>\n<td rowspan=\"2\">\u00a0<\/td>\n<td rowspan=\"2\"><\/td>\n<\/tr>\n<tr style=\"background-color: #9f89e5;\">\n<th style=\"background-color: #6552a0;\" scope=\"row\">18:00 &#8211; 18:25<\/th>\n<\/tr>\n<tr style=\"background-color: #9f89e5;\">\n<th style=\"background-color: #6552a0;\" scope=\"row\">18:30 &#8211; 18:55<\/th>\n<td colspan=\"4\">\u00a0<\/td>\n<\/tr>\n<\/tbody>\n<\/table>\n<\/figure>\n<!-- \/wp:html --><\/div>\n<!-- \/wp:column --><\/div>\n<!-- \/wp:columns --><\/div>\n<!-- \/wp:group -->\t\t\t\t\t\t<\/div>\n\t\t\t\t<\/div>\n\t\t\t\t<\/div>\n\t\t<div class=\"elementor-element elementor-element-e8916e0 e-flex e-con-boxed e-con e-parent\" data-id=\"e8916e0\" data-element_type=\"container\">\n\t\t\t\t\t<div class=\"e-con-inner\">\n\t\t\t\t<div class=\"elementor-element elementor-element-62c6cc9 elementor-widget elementor-widget-heading\" data-id=\"62c6cc9\" data-element_type=\"widget\" data-widget_type=\"heading.default\">\n\t\t\t\t<div class=\"elementor-widget-container\">\n\t\t\t<h2 class=\"elementor-heading-title elementor-size-default\">16 de Octubre<\/h2>\t\t<\/div>\n\t\t\t\t<\/div>\n\t\t\t\t\t<\/div>\n\t\t\t\t<\/div>\n\t\t<div class=\"elementor-element elementor-element-2811f6c e-con-full e-flex e-con e-parent\" data-id=\"2811f6c\" data-element_type=\"container\">\n\t\t\t\t<div class=\"elementor-element elementor-element-097e0a1 elementor-widget elementor-widget-text-editor\" data-id=\"097e0a1\" data-element_type=\"widget\" data-widget_type=\"text-editor.default\">\n\t\t\t\t<div class=\"elementor-widget-container\">\n\t\t\t\t\t\t\t<p>&nbsp;<\/p>\n<!-- wp:group {\"layout\":{\"type\":\"constrained\"}} -->\n<div class=\"wp-block-group\"><!-- wp:columns -->\n<div class=\"wp-block-columns\"><!-- wp:column {\"width\":\"100%\"} -->\n<div class=\"wp-block-column\" style=\"flex-basis: 100%;\"><!-- wp:table -->\n<figure class=\"wp-block-table\">\n<table class=\"has-fixed-layout has-base-2-color\">\n<thead>\n<tr style=\"background-color: #9f89e5;\">\n<th style=\"background-color: #6552a0;\" scope=\"col\">Horario<\/th>\n<th scope=\"col\">Ponente<\/th>\n<th scope=\"col\">T\u00edtulo<\/th>\n<th scope=\"col\">Descripci\u00f3n<\/th>\n<th scope=\"col\">Registro<\/th>\n<\/tr>\n<\/thead>\n<tbody>\n<tr style=\"background-color: #9f89e5;\">\n<th style=\"background-color: #6552a0;\" scope=\"row\">9:00 &#8211; 9:25<\/th>\n<td rowspan=\"3\">Jorge Campoy Rodr\u00edguez<\/td>\n<td rowspan=\"3\">\u00bfQu\u00e9 pasa si un pa\u00eds no forma a sus ciudadanos? \u00bfQu\u00e9 tipo de ciudadan\u00eda necesita M\u00e9xico?\u00a0<\/td>\n<td rowspan=\"3\">En este taller reflexionamos para dar respuesta a estas dos preguntas sobre la importancia de la educaci\u00f3n en la formaci\u00f3n de ciudadanos para la sociedad contempor\u00e1nea. De la misma manera, abordaremos los efectos sociales y pol\u00edticos que tendr\u00eda para las sociedades actuales sin la formaci\u00f3n de ciudadanos participativos, con cultura democr\u00e1tica que desde la escuela debe formarse: para lograr la justicia social que requiere nuestra sociedad.\u00a0<\/td>\n<td rowspan=\"3\"><a style=\"color: #ffffff;\" href=\"https:\/\/forms.gle\/9qFkZyXsvE1DXj22A\">Registro<\/a><\/td>\n<\/tr>\n<tr>\n<th style=\"background-color: #6552a0;\" scope=\"row\">9:30 &#8211; 9:55<\/th>\n<\/tr>\n<tr style=\"background-color: #9f89e5;\">\n<th style=\"background-color: #6552a0;\" scope=\"row\">10:00 -10:25<\/th>\n<\/tr>\n<tr style=\"background-color: #9f89e5;\">\n<th style=\"background-color: #6552a0;\" scope=\"row\">10:30 &#8211; 10:55<\/th>\n<td rowspan=\"3\">Liliana Dalila L\u00f3pez Salmor\u00e1n\u00a0<\/td>\n<td rowspan=\"3\">Discurso y pr\u00e1ctica de la formaci\u00f3n ciudadana en el \u00e1mbito escolar\u00a0<\/td>\n<td rowspan=\"3\">Con los referentes &#8220;lo que decimos&#8221; y &#8220;lo que hacemos&#8221;, analizaremos qu\u00e9 habilidades y valores estamos fomentando en las aulas respecto a los ciudadanos que queremos formar, as\u00ed como las posibilidades de transformaci\u00f3n que las Comunidades de Aprendizaje en Relaci\u00f3n Tutora ofrecen.\u00a0<\/td>\n<td rowspan=\"3\"><a style=\"color: #ffffff;\" href=\"https:\/\/forms.gle\/XZiXbNxyL5piSYWf7\">Registro<\/a><\/td>\n<\/tr>\n<tr style=\"background-color: #9f89e5;\">\n<th style=\"background-color: #6552a0;\" scope=\"row\">11:00 &#8211; 11:25<\/th>\n<\/tr>\n<tr style=\"background-color: #9f89e5;\">\n<th style=\"background-color: #6552a0;\" scope=\"row\">11:30 &#8211; 11:55<\/th>\n<\/tr>\n<tr style=\"background-color: #9f89e5;\">\n<th style=\"background-color: #6552a0;\" scope=\"row\">12:00 &#8211; 12:25<\/th>\n<td rowspan=\"4\">\u00a0<\/td>\n<td rowspan=\"4\"><\/td>\n<td rowspan=\"4\">\u00a0<\/td>\n<td rowspan=\"4\">><\/td>\n<\/tr>\n<tr style=\"background-color: #9f89e5;\">\n<th style=\"background-color: #6552a0;\" scope=\"row\">12:30 &#8211; 12:55<\/th>\n<\/tr>\n<tr style=\"background-color: #9f89e5;\">\n<th style=\"background-color: #6552a0;\" scope=\"row\">13:00 &#8211; 13:25<\/th>\n<\/tr>\n<tr style=\"background-color: #9f89e5;\">\n<th style=\"background-color: #6552a0;\" scope=\"row\">13:30 &#8211; 13:55<\/th>\n<\/tr>\n<tr style=\"background-color: #9f89e5;\">\n<th style=\"background-color: #6552a0;\" scope=\"row\">14:00 &#8211; 14:25<\/th>\n<td rowspan=\"2\">\u00a0Xochitl Casta\u00f1eda<\/td>\n<td rowspan=\"2\">Formaci\u00f3n ciudadana e Inteligencia Artificial\u00a0<\/td>\n<td rowspan=\"2\">Explorar el concepto de ciudadan\u00eda en un entorno donde la presencia de las m\u00e1quinas y su desempe\u00f1o para resolver problemas pareciera que opocan a la humanidad. La pregunta clave es: \u00bfc\u00f3mo formar ciudadanos \u00e9ticos y capaces de hacer buen uso de las IA? \u00a0<\/td>\n<td rowspan=\"2\"><a style=\"color: #ffffff;\" href=\"https:\/\/forms.gle\/7KB2CeS33nAaGt3f9\">Registro<\/a><\/td>\n<\/tr>\n<tr style=\"background-color: #9f89e5;\">\n<th style=\"background-color: #6552a0;\" scope=\"row\">14:30 &#8211; 14:55<\/th>\n<\/tr>\n<tr style=\"background-color: #9f89e5;\">\n<th style=\"background-color: #6552a0;\" scope=\"row\">15:00 &#8211; 15:25<\/th>\n<td rowspan=\"2\">Iroselma Dalila Casta\u00f1eda Santana\u00a0<\/td>\n<td rowspan=\"2\">Cultura de paz y ciudadan\u00eda: promover la cultura de paz y la ciudadan\u00eda activa\u00a0<\/td>\n<td rowspan=\"2\">La oportunidad, como ciudadanos, para desarrollar cultura de paz en todos los \u00e1mbitos educativos.\u00a0<\/td>\n<td rowspan=\"2\"><a style=\"color: #ffffff;\" href=\"https:\/\/forms.gle\/FkuQQfeoYR7QEVfj8\">Registro<\/a><\/td>\n<\/tr>\n<tr style=\"background-color: #9f89e5;\">\n<th style=\"background-color: #6552a0;\" scope=\"row\">15:30 &#8211; 15:55<\/th>\n<\/tr>\n<tr style=\"background-color: #9f89e5;\">\n<th style=\"background-color: #6552a0;\" scope=\"row\">16:00 &#8211; 16:25<\/th>\n<td rowspan=\"3\">Emilio Rovelo\u00a0<\/td>\n<td rowspan=\"3\">\u00bfEs imprescindible la evaluaci\u00f3n?\u00a0<\/td>\n<td rowspan=\"3\">\u00bfEs imprescindible la evaluaci\u00f3n? Lectura de aforismos, Integraci\u00f3n de comunidad de di\u00e1logo, Preguntas detonadoras, Reflexiones y Evaluaci\u00f3n.\u00a0<\/td>\n<td rowspan=\"3\"><a style=\"color: #ffffff;\" href=\"https:\/\/forms.gle\/Zkx4qLJFunbn1krb9\">Registro<\/a><\/td>\n<\/tr>\n<tr style=\"background-color: #9f89e5;\">\n<th style=\"background-color: #6552a0;\" scope=\"row\">16:30 &#8211; 16:55<\/th>\n<\/tr>\n<tr style=\"background-color: #9f89e5;\">\n<th style=\"background-color: #6552a0;\" scope=\"row\">17:00 &#8211; 17:25<\/th>\n<\/tr>\n<tr style=\"background-color: #9f89e5;\">\n<th style=\"background-color: #6552a0;\" scope=\"row\">17:30 &#8211; 17:55<\/th>\n<td colspan=\"4\">\u00a0<\/td>\n<\/tr>\n<tr style=\"background-color: #9f89e5;\">\n<th style=\"background-color: #6552a0;\" scope=\"row\">18:00 &#8211; 18:25<\/th>\n<td colspan=\"4\">\u00a0<\/td>\n<\/tr>\n<tr style=\"background-color: #9f89e5;\">\n<th style=\"background-color: #6552a0;\" scope=\"row\">18:30 &#8211; 18:55<\/th>\n<td colspan=\"4\">\u00a0<\/td>\n<\/tr>\n<\/tbody>\n<\/table>\n<\/figure>\n<!-- \/wp:table --><\/div>\n<!-- \/wp:column --><\/div>\n<!-- \/wp:columns --><\/div>\n<!-- \/wp:group -->\t\t\t\t\t\t<\/div>\n\t\t\t\t<\/div>\n\t\t\t\t<\/div>\n\t\t\t\t<\/div>\n\t\t","protected":false},"excerpt":{"rendered":"<p>15 de octubre Horario Ponente T\u00edtulo Descripci\u00f3n Registro 9:00 &#8211; 9:25 \u00a0 9:30 &#8211; 9:55 10:00 -10:25 Silvia Estela Cruz Cervantes CAV, educaci\u00f3n que fortalece ante la adversidad latente Reflexi\u00f3n din\u00e1mica en colectivo sobre las habilidades socioemocionales que las CAV promueven para el desarrollo de habilidades socioemocionales, las cuales, a su vez, fortalecen para enfrentar [&hellip;]<\/p>\n","protected":false},"author":4,"featured_media":0,"parent":0,"menu_order":0,"comment_status":"closed","ping_status":"closed","template":"","meta":{"_monsterinsights_skip_tracking":false,"_monsterinsights_sitenote_active":false,"_monsterinsights_sitenote_note":"","_monsterinsights_sitenote_category":0,"footnotes":""},"class_list":["post-1817","page","type-page","status-publish","hentry"],"_links":{"self":[{"href":"https:\/\/recreaacademy.jalisco.gob.mx\/2024\/wp-json\/wp\/v2\/pages\/1817"}],"collection":[{"href":"https:\/\/recreaacademy.jalisco.gob.mx\/2024\/wp-json\/wp\/v2\/pages"}],"about":[{"href":"https:\/\/recreaacademy.jalisco.gob.mx\/2024\/wp-json\/wp\/v2\/types\/page"}],"author":[{"embeddable":true,"href":"https:\/\/recreaacademy.jalisco.gob.mx\/2024\/wp-json\/wp\/v2\/users\/4"}],"replies":[{"embeddable":true,"href":"https:\/\/recreaacademy.jalisco.gob.mx\/2024\/wp-json\/wp\/v2\/comments?post=1817"}],"version-history":[{"count":54,"href":"https:\/\/recreaacademy.jalisco.gob.mx\/2024\/wp-json\/wp\/v2\/pages\/1817\/revisions"}],"predecessor-version":[{"id":2320,"href":"https:\/\/recreaacademy.jalisco.gob.mx\/2024\/wp-json\/wp\/v2\/pages\/1817\/revisions\/2320"}],"wp:attachment":[{"href":"https:\/\/recreaacademy.jalisco.gob.mx\/2024\/wp-json\/wp\/v2\/media?parent=1817"}],"curies":[{"name":"wp","href":"https:\/\/api.w.org\/{rel}","templated":true}]}}