{"id":1833,"date":"2024-10-13T20:03:45","date_gmt":"2024-10-14T02:03:45","guid":{"rendered":"https:\/\/recreaacademy.jalisco.gob.mx\/2024\/?page_id=1833"},"modified":"2024-10-16T08:08:05","modified_gmt":"2024-10-16T14:08:05","slug":"workshop-inclusion-y-equidad","status":"publish","type":"page","link":"https:\/\/recreaacademy.jalisco.gob.mx\/2024\/workshop-inclusion-y-equidad\/","title":{"rendered":"WORKSHOP Inclusi\u00f3n y equidad"},"content":{"rendered":"\t\t<div data-elementor-type=\"wp-page\" data-elementor-id=\"1833\" class=\"elementor elementor-1833\">\n\t\t\t\t<div class=\"elementor-element elementor-element-dff54c2 e-flex e-con-boxed e-con e-parent\" data-id=\"dff54c2\" data-element_type=\"container\">\n\t\t\t\t\t<div class=\"e-con-inner\">\n\t\t\t\t<div class=\"elementor-element elementor-element-927b41e elementor-widget elementor-widget-heading\" data-id=\"927b41e\" data-element_type=\"widget\" data-widget_type=\"heading.default\">\n\t\t\t\t<div class=\"elementor-widget-container\">\n\t\t\t<h2 class=\"elementor-heading-title elementor-size-default\">15 de Octubre<\/h2>\t\t<\/div>\n\t\t\t\t<\/div>\n\t\t\t\t<div class=\"elementor-element elementor-element-55811d96 elementor-widget elementor-widget-text-editor\" data-id=\"55811d96\" data-element_type=\"widget\" data-widget_type=\"text-editor.default\">\n\t\t\t\t<div class=\"elementor-widget-container\">\n\t\t\t\t\t\t\t<p><!-- wp:group {\"layout\":{\"type\":\"constrained\"}} --><\/p>\n<div class=\"wp-block-group\">\n<p><!-- wp:columns --><\/p>\n<div class=\"wp-block-columns\">\n<p><!-- wp:column {\"width\":\"100%\"} --><\/p>\n<div class=\"wp-block-column\" style=\"flex-basis: 100%;\">\n<p><!-- wp:html --><\/p>\n<figure class=\"wp-block-table\">\n<table class=\"has-fixed-layout has-base-2-color\" style=\"white-space: pre-wrap; word-break: break-word;\">\n<thead>\n<tr style=\"background-color: #9f89e5;\">\n<th style=\"background-color: #6552a0;\" scope=\"col\">Horario<\/th>\n<th scope=\"col\">Ponente<\/th>\n<th scope=\"col\">T\u00edtulo<\/th>\n<th scope=\"col\">Descripci\u00f3n<\/th>\n<th scope=\"col\">Registro<\/th>\n<\/tr>\n<\/thead>\n<tbody>\n<tr style=\"background-color: #9f89e5;\">\n<th style=\"background-color: #6552a0;\" scope=\"row\">9:00 &#8211; 9:25<\/th>\n<td class=\"has-text-align-center\" colspan=\"4\" rowspan=\"2\">\u00a0<\/td>\n<\/tr>\n<tr style=\"background-color: #9f89e5;\">\n<th style=\"background-color: #6552a0;\" scope=\"row\">9:30 &#8211; 9:55<\/th>\n<\/tr>\n<tr style=\"background-color: #9f89e5;\">\n<th style=\"background-color: #6552a0;\" scope=\"row\">10:00 -10:25<\/th>\n<td rowspan=\"2\">Daniel Trujillo<\/td>\n<td rowspan=\"2\">De mitos, tab\u00faes y otras realidades.<\/td>\n<td rowspan=\"2\">Tiene como objetivo que las personas participantes comprendan la construcci\u00f3n social que categoriza al g\u00e9nero y c\u00f3mo eso determina el rol de la mujer y el hombre.\u00a0<\/td>\n<td rowspan=\"2\" class=\"has-base-2-color\"><a style=\"color: #FFFFFF;\" href=\"https:\/\/forms.gle\/h4x3XU4w9jaYtz84A\">Registro<\/a><\/td>\n<\/tr>\n<tr style=\"background-color: #9f89e5;\">\n<th style=\"background-color: #6552a0;\" scope=\"row\">10:30 &#8211; 10:55<\/th>\n<\/tr>\n<tr style=\"background-color: #9f89e5;\">\n<th style=\"background-color: #6552a0;\" scope=\"row\">11:00 &#8211; 11:25<\/th>\n<td rowspan=\"2\">Edgard Lozano, Roc\u00edo del Carmen Arreola Flores\u00a0<\/td>\n<td rowspan=\"2\">Espectro autista en el aula\u00a0<\/td>\n<td rowspan=\"2\">Este workshop tiene la finalidad de reflexionar sobre una teor\u00eda que explica por qu\u00e9 y desde d\u00f3nde se puede posibilitar que un ni\u00f1o o adolescente diagnosticado con espectro autista pueda avanzar en su desarrollo y aprendizaje. Partimos de la premisa de que es un ni\u00f1o o adolescente puede aprender como cualquier otro, pero la pr\u00e1ctica del docente posibilita u obstaculiza dicho aprendizaje.\u00a0<\/td>\n<td rowspan=\"2\"><a style=\"color: #FFFFFF;\" href=\"https:\/\/forms.gle\/FdAgrq3gmPci4XUQ6\">Registro<\/a><\/td>\n<\/tr>\n<tr style=\"background-color: #9f89e5;\">\n<th style=\"background-color: #6552a0;\" scope=\"row\">11:30 &#8211; 11:55<\/th>\n<\/tr>\n<tr style=\"background-color: #9f89e5;\">\n<th style=\"background-color: #6552a0;\" scope=\"row\">12:00 &#8211; 12:25<\/th>\n<td rowspan=\"2\">Edgar Andr\u00e9s Aguilar Palos\u00a0<\/td>\n<td rowspan=\"2\">Neuroeduaci\u00f3n: integrando la ciencia del cerebro en el aula\u00a0<\/td>\n<td rowspan=\"2\">Todo cerebro es capaz de cambiar y adaptarse a lo largo de la vida, lo que significa que la ense\u00f1anza puede moldear y fortalecer diferentes habilidades cognitivas. De igual manera, la emociones juegan un papel crucial en el aprendizaje. Aqu\u00ed utilizaremos estrategias como el aprendizaje multisensorial y la repetici\u00f3n espaciada para mejorar la retenci\u00f3n.\u00a0<\/td>\n<td rowspan=\"2\"><a style=\"color: #FFFFFF;\" href=\"https:\/\/forms.gle\/yMD4H92wpvSdUn2C7\">Registro<\/a><\/td>\n<\/tr>\n<tr style=\"background-color: #9f89e5;\">\n<th style=\"background-color: #6552a0;\" scope=\"row\">12:30 &#8211; 12:55<\/th>\n<\/tr>\n<tr style=\"background-color: #9f89e5;\">\n<th style=\"background-color: #6552a0;\" scope=\"row\">13:00 &#8211; 13:25<\/th>\n<td rowspan=\"2\">Ameyalli S\u00e1nchez M\u00e1rquez\u00a0<\/td>\n<td rowspan=\"2\">La magia de ense\u00f1ar otro idioma a alumnos que enfrentan BAPs\u00a0<\/td>\n<td rowspan=\"2\">Una visi\u00f3n de las Barreras del Aprendizaje y la Participaci\u00f3n como herramienta para aprender otro idioma, contextualizando la ense\u00f1anza, usando los canales de aprendizaje particulares y generales; con el objetivo de construir un aprendizaje significativo y \u00fatil, no solo en la escuela, si no en su vida diaria.\u00a0<\/td>\n<td rowspan=\"2\"><a style=\"color: #FFFFFF;\" href=\"https:\/\/forms.gle\/GaDV9sszjUYSC4dL9\">Registro<\/a><\/td>\n<\/tr>\n<tr style=\"background-color: #9f89e5;\">\n<th style=\"background-color: #6552a0;\" scope=\"row\">13:30 &#8211; 13:55<\/th>\n<\/tr>\n<tr style=\"background-color: #9f89e5;\">\n<th style=\"background-color: #6552a0;\" scope=\"row\">14:00 &#8211; 14:25<\/th>\n<td rowspan=\"2\">Alejandra Silva\u00a0<\/td>\n<td rowspan=\"2\">Estrategias de atenci\u00f3n a la Diversidad en la NEM\u00a0<\/td>\n<td rowspan=\"2\">Una sesi\u00f3n dise\u00f1ada para que los docentes identifiquen los conocimientos y habilidades que requieren desarrollar, para transformar su pr\u00e1ctica docente hacia la inclusi\u00f3n en el marco de la Nueva Escuela Mexicana.\u00a0<\/td>\n<td rowspan=\"2\"><a style=\"color: #FFFFFF;\" href=\"https:\/\/forms.gle\/9e4JqwGuqsDi818a8\">Registro<\/a><\/td>\n<\/tr>\n<tr style=\"background-color: #9f89e5;\">\n<th style=\"background-color: #6552a0;\" scope=\"row\">14:30 &#8211; 14:55<\/th>\n<\/tr>\n<tr style=\"background-color: #9f89e5;\">\n<th style=\"background-color: #6552a0;\" scope=\"row\">15:00 &#8211; 15:25<\/th>\n<td rowspan=\"2\">Julian Betancourt Morejon\u00a0<\/td>\n<td rowspan=\"2\">C\u00f3mo fomentar el talento en espacios inclusivos\u00a0<\/td>\n<td rowspan=\"2\">Crear un entorno educativo que fomente el talento es fundamental para el desarrollo integral de los estudiantes de altas capacidades. Al proporcionar un ambiente estimulante y desafiante, las instituciones educativas pueden ayudar a los j\u00f3venes a descubrir y desarrollar sus diferentes talentos.\u00a0<\/td>\n<td rowspan=\"2\"><a style=\"color: #FFFFFF;\" href=\"https:\/\/forms.gle\/5zP1dQdR8khzpfxp7\">Registro<\/a><\/td>\n<\/tr>\n<tr style=\"background-color: #9f89e5;\">\n<th style=\"background-color: #6552a0;\" scope=\"row\">15:30 &#8211; 15:55<\/th>\n<\/tr>\n<tr style=\"background-color: #9f89e5;\">\n<th style=\"background-color: #6552a0;\" scope=\"row\">16:00 &#8211; 16:25<\/th>\n<td rowspan=\"2\">Efren Quirarte Salazar, Ivan Salvador Cano Acosta\u00a0<\/td>\n<td rowspan=\"2\">Las Barreras de Aprendizaje (BAP)\u00a0<\/td>\n<td rowspan=\"2\">Durante la sesi\u00f3n, se har\u00e1 un an\u00e1lisis del tema de las Barreras para el Aprendizaje y la Participaci\u00f3n, comenzando por definir qu\u00e9 son desde diferentes puntos de vista, para posteriormente hacer una definici\u00f3n que nos competa para nuestro cometido. Adem\u00e1s, se presentar\u00e1n los diferentes tipos de barreras que existen y algunos ejemplos de cada tipo de barrera que hemos podido observar durante estos semestres que hemos estado en contacto con la pr\u00e1ctica docente, ya sea de manera directa frente a grupo o solo en calidad de observadores.\u00a0<\/td>\n<td rowspan=\"2\"><a style=\"color: #FFFFFF;\" href=\"https:\/\/forms.gle\/ttmwnrkMpA77WhAP9\">Registro<\/a><\/td>\n<\/tr>\n<tr style=\"background-color: #9f89e5;\">\n<th style=\"background-color: #6552a0;\" scope=\"row\">16:30 &#8211; 16:55<\/th>\n<\/tr>\n<tr style=\"background-color: #9f89e5;\">\n<th style=\"background-color: #6552a0;\" scope=\"row\">17:00 &#8211; 17:25<\/th>\n<td rowspan=\"3\">Brenda Berenice Villegas Valenzuela, Richelle Andal\u00f3n\u00a0<\/td>\n<td rowspan=\"3\">Educaci\u00f3n para la agencia de cambio\u00a0<\/td>\n<td rowspan=\"3\">En el taller aprenderemos a crear espacios educativos donde los ni\u00f1os, ni\u00f1as y j\u00f3venes aprenden y practican las habilidades necesarias para generar cambios positivos en su entorno, mejorando as\u00ed su motivaci\u00f3n y sentido de contribuci\u00f3n en el mundo.\u00a0<\/td>\n<td rowspan=\"3\"><a style=\"color: #FFFFFF;\" href=\"https:\/\/forms.gle\/ToPUW3RvyWVDoxU9A\">Registro<\/a><\/td>\n<\/tr>\n<tr style=\"background-color: #9f89e5;\">\n<th style=\"background-color: #6552a0;\" scope=\"row\">17:30 &#8211; 17:55<\/th>\n<\/tr>\n<tr style=\"background-color: #9f89e5;\">\n<th style=\"background-color: #6552a0;\" scope=\"row\">18:00 &#8211; 18:25<\/th>\n<\/tr>\n<tr style=\"background-color: #9f89e5;\">\n<th style=\"background-color: #6552a0;\" scope=\"row\">18:30 &#8211; 18:55<\/th>\n<td colspan=\"4\">\u00a0<\/td>\n<\/tr>\n<\/tbody>\n<\/table>\n<\/figure>\n<p><!-- \/wp:html --><\/p>\n<\/div>\n<p><!-- \/wp:column --><\/p>\n<\/div>\n<p><!-- \/wp:columns --><\/p>\n<\/div>\n<p><!-- \/wp:group --><\/p>\t\t\t\t\t\t<\/div>\n\t\t\t\t<\/div>\n\t\t\t\t\t<\/div>\n\t\t\t\t<\/div>\n\t\t<div class=\"elementor-element elementor-element-cd53347 e-flex e-con-boxed e-con e-parent\" data-id=\"cd53347\" data-element_type=\"container\">\n\t\t\t\t\t<div class=\"e-con-inner\">\n\t\t\t\t<div class=\"elementor-element elementor-element-8b46612 elementor-widget elementor-widget-heading\" data-id=\"8b46612\" data-element_type=\"widget\" data-widget_type=\"heading.default\">\n\t\t\t\t<div class=\"elementor-widget-container\">\n\t\t\t<h2 class=\"elementor-heading-title elementor-size-default\">16 de Octubre<\/h2>\t\t<\/div>\n\t\t\t\t<\/div>\n\t\t\t\t<div class=\"elementor-element elementor-element-d6cd585 elementor-widget elementor-widget-text-editor\" data-id=\"d6cd585\" data-element_type=\"widget\" data-widget_type=\"text-editor.default\">\n\t\t\t\t<div class=\"elementor-widget-container\">\n\t\t\t\t\t\t\t<p>&nbsp;<\/p>\n<p><!-- wp:group {\"layout\":{\"type\":\"constrained\"}} --><\/p>\n<div class=\"wp-block-group\">\n<p><!-- wp:columns --><\/p>\n<div class=\"wp-block-columns\">\n<p><!-- wp:column {\"width\":\"100%\"} --><\/p>\n<div class=\"wp-block-column\" style=\"flex-basis: 100%;\">\n<p><!-- wp:table --><\/p>\n<figure class=\"wp-block-table\">\n<table class=\"has-fixed-layout has-base-2-color\">\n<thead>\n<tr style=\"background-color: #9f89e5;\">\n<th style=\"background-color: #6552a0;\" scope=\"col\">Horario<\/th>\n<th scope=\"col\">Ponente<\/th>\n<th scope=\"col\">T\u00edtulo<\/th>\n<th scope=\"col\">Descripci\u00f3n<\/th>\n<th scope=\"col\">Registro<\/th>\n<\/tr>\n<\/thead>\n<tbody>\n<tr>\n<th style=\"background-color: #6552a0;\" scope=\"row\">9:00 &#8211; 9:25<\/th>\n<td class=\"has-text-align-center\" style=\"background-color: #9f89e5;\" rowspan=\"2\">Sandra Argelia de Le\u00f3n Almanza Ana Gabriela De la Cruz Villarreal<\/td>\n<td class=\"has-text-align-center\" style=\"background-color: #9f89e5;\" rowspan=\"2\">La evaluaci\u00f3n en la escuela con un enfoque inclusivo<\/td>\n<td class=\"has-text-align-center\" style=\"background-color: #9f89e5;\" rowspan=\"2\">En este taller reflexionaremos sobre las implicaciones de la evaluaci\u00f3n formativa con un enfoque inclusivo, desde el marco de la Nueva Escuela Mexicana como un reto para el docente y la escuela.<\/td>\n<td class=\"has-text-align-center\" style=\"background-color: #9f89e5;\" rowspan=\"2\"><a style=\"color: #ffffff;\" href=\"https:\/\/forms.gle\/gMa7MgUG9wBTr9cw7\">Registro<\/a><\/td>\n<\/tr>\n<tr>\n<th style=\"background-color: #6552a0;\" scope=\"row\">9:30 &#8211; 9:55<\/th>\n<\/tr>\n<tr style=\"background-color: #9f89e5;\">\n<th style=\"background-color: #6552a0;\" scope=\"row\">10:00 -10:25<\/th>\n<td rowspan=\"2\">Gerardo Melendez<\/td>\n<td rowspan=\"2\">Neuro diagn\u00f3stico en ni\u00f1os con TDAH<\/td>\n<td rowspan=\"2\">La evaluaci\u00f3n Neuropsicol\u00f3gica de ni\u00f1os con trastornos del Neurodesarrollo representa para los profesores un reto, ya que muchas veces los s\u00edntomas presentados pueden confundirse con problemas familiares y conductuales que no responder\u00edan a la categor\u00eda de un trastorno. El objetivo del taller es brindar herramientas b\u00e1sicas a los profesores para el reconocimiento de aspectos cognitivos que podr\u00edan indicar la presencia de algunos trastornos, espec\u00edficamente los del TDAH, y poder referir a los ni\u00f1os con especialistas para una valoraci\u00f3n y diagn\u00f3stico.<\/td>\n<td rowspan=\"2\"><a style=\"color: #ffffff;\" href=\"https:\/\/forms.gle\/ifoJv8C5Z1VJKSNL7\">Registro<\/a><\/td>\n<\/tr>\n<tr style=\"background-color: #9f89e5;\">\n<th style=\"background-color: #6552a0;\" scope=\"row\">10:30 &#8211; 10:55<\/th>\n<\/tr>\n<tr style=\"background-color: #9f89e5;\">\n<th style=\"background-color: #6552a0;\" scope=\"row\">11:00 &#8211; 11:25<\/th>\n<td rowspan=\"2\">\u00a0Iris Aydee Ramos Curiel<\/td>\n<td rowspan=\"2\">Neurodiversidad y accesibilidad en el aula<\/td>\n<td rowspan=\"2\">Durante la sesi\u00f3n, exploraremos los principios fundamentales de la neurodiversidad y c\u00f3mo estos pueden ser aplicados de manera efectiva en el entorno educativo para fomentar la inclusi\u00f3n, el aprendizaje y la participaci\u00f3n de todas y todos los estudiantes. El taller abordar\u00e1 las diversas formas en que los estudiantes procesan la informaci\u00f3n tomando en cuenta las diferencias neurol\u00f3gicas inherentes al ser humano. Del mimsom modo, se proporcionar\u00e1n estrategias pr\u00e1cticas para adaptar el aula, desarrollar materiales accesibles y crear un ambiente que respete y potencie las capacidades individuales.\u00a0<\/td>\n<td rowspan=\"2\"><a style=\"color: #ffffff;\" href=\"https:\/\/forms.gle\/qPiBSnxZhEZWfMLbA\">Registro<\/a>\u00a0<\/td>\n<\/tr>\n<tr style=\"background-color: #9f89e5;\">\n<th style=\"background-color: #6552a0;\" scope=\"row\">11:30 &#8211; 11:55<\/th>\n<\/tr>\n<tr style=\"background-color: #9f89e5;\">\n<th style=\"background-color: #6552a0;\" scope=\"row\">12:00 &#8211; 12:25<\/th>\n<td rowspan=\"2\">Alejandra Silva\u00a0<\/td>\n<td rowspan=\"2\">El enfoque DUA como estrategia en la inclusi\u00f3n<\/td>\n<td rowspan=\"2\">Es un taller dise\u00f1ado para conocer el enfoque de la educaci\u00f3n diversificada desde sus inicios y el Dise\u00f1o Universal para el Aprendizaje como estrategia de apoyo a la planeaci\u00f3n del docente con herramientas digitales\n\u00a0<\/td>\n<td rowspan=\"2\"><a style=\"color: #ffffff;\" href=\"https:\/\/docs.google.com\/forms\/d\/e\/1FAIpQLSd1k_TFLiFMflUaZP3Q5O36z-Ryrgv9q4cKpqe5jf-96lEI9w\/closedform\">Registro<\/a>\u00a0<\/td>\n<\/tr>\n<tr style=\"background-color: #9f89e5;\">\n<th style=\"background-color: #6552a0;\" scope=\"row\">12:30 &#8211; 12:55<\/th>\n<\/tr>\n<tr style=\"background-color: #9f89e5;\">\n<th style=\"background-color: #6552a0;\" scope=\"row\">13:00 &#8211; 13:25<\/th>\n<td rowspan=\"2\">Emmanuel Elizondo<\/td>\n<td rowspan=\"2\">Optimizaci\u00f3n de la consulta de protocolos educativos mediante GPT personalizado<\/td>\n<td rowspan=\"2\">El taller tiene como objetivo capacitar a docentes en el uso de modelos de inteligencia artificial para automatizar y mejorar la gesti\u00f3n de los protocolos de seguridad que establece la Secretar\u00eda de Educaci\u00f3n. Durante el taller, los participantes aprender\u00e1n a desarrollar asistentes virtuales adaptados a las necesidades de sus escuelas, con el fin de facilitar la comunicaci\u00f3n interna, seguimiento de normas de seguridad y respuesta r\u00e1pida ante situaciones de emergencia.<\/td>\n<td rowspan=\"2\"><a style=\"color: #ffffff;\" href=\"https:\/\/forms.gle\/YFRXe1V5fLZ8s9Mh6\">Registro<\/a><\/td>\n<\/tr>\n<tr style=\"background-color: #9f89e5;\">\n<th style=\"background-color: #6552a0;\" scope=\"row\">13:30 &#8211; 13:55<\/th>\n<\/tr>\n<tr style=\"background-color: #9f89e5;\">\n<th style=\"background-color: #6552a0;\" scope=\"row\">14:00 &#8211; 14:25<\/th>\n<td>\u00a0<\/td>\n<td>\u00a0<\/td>\n<td>\u00a0<\/td>\n<td>\u00a0<\/td>\n<\/tr>\n<tr style=\"background-color: #9f89e5;\">\n<th style=\"background-color: #6552a0;\" scope=\"row\">14:30 &#8211; 14:55<\/th>\n<td>\u00a0<\/td>\n<td>\u00a0<\/td>\n<td>\u00a0<\/td>\n<td>\u00a0<\/td>\n<\/tr>\n<tr style=\"background-color: #9f89e5;\">\n<th style=\"background-color: #6552a0;\" scope=\"row\">15:00 &#8211; 15:25<\/th>\n<td>\u00a0<\/td>\n<td>\u00a0<\/td>\n<td>\u00a0<\/td>\n<td>\u00a0<\/td>\n<\/tr>\n<tr style=\"background-color: #9f89e5;\">\n<th style=\"background-color: #6552a0;\" scope=\"row\">15:30 &#8211; 15:55<\/th>\n<td>\u00a0<\/td>\n<td>\u00a0<\/td>\n<td>\u00a0<\/td>\n<td>\u00a0<\/td>\n<\/tr>\n<tr style=\"background-color: #9f89e5;\">\n<th style=\"background-color: #6552a0;\" scope=\"row\">16:00 &#8211; 16:25<\/th>\n<td>\u00a0<\/td>\n<td>\u00a0<\/td>\n<td>\u00a0<\/td>\n<td>\u00a0<\/td>\n<\/tr>\n<tr style=\"background-color: #9f89e5;\">\n<th style=\"background-color: #6552a0;\" scope=\"row\">16:30 &#8211; 16:55<\/th>\n<td>\u00a0<\/td>\n<td>\u00a0<\/td>\n<td>\u00a0<\/td>\n<td>\u00a0<\/td>\n<\/tr>\n<tr style=\"background-color: #9f89e5;\">\n<th style=\"background-color: #6552a0;\" scope=\"row\">17:00 &#8211; 17:25<\/th>\n<td>\u00a0<\/td>\n<td>\u00a0<\/td>\n<td>\u00a0<\/td>\n<td>\u00a0<\/td>\n<\/tr>\n<tr style=\"background-color: #9f89e5;\">\n<th style=\"background-color: #6552a0;\" scope=\"row\">17:30 &#8211; 17:55<\/th>\n<td>\u00a0<\/td>\n<td>\u00a0<\/td>\n<td>\u00a0<\/td>\n<td>\u00a0<\/td>\n<\/tr>\n<tr style=\"background-color: #9f89e5;\">\n<th style=\"background-color: #6552a0;\" scope=\"row\">18:00 &#8211; 18:25<\/th>\n<td>\u00a0<\/td>\n<td>\u00a0<\/td>\n<td>\u00a0<\/td>\n<td>\u00a0<\/td>\n<\/tr>\n<tr style=\"background-color: #9f89e5;\">\n<th style=\"background-color: #6552a0;\" scope=\"row\">18:30 &#8211; 18:55<\/th>\n<td>\u00a0<\/td>\n<td>\u00a0<\/td>\n<td>\u00a0<\/td>\n<td>\u00a0<\/td>\n<\/tr>\n<\/tbody>\n<\/table>\n<\/figure>\n<p><!-- \/wp:table --><\/p>\n<\/div>\n<p><!-- \/wp:column --><\/p>\n<\/div>\n<p><!-- \/wp:columns --><\/p>\n<\/div>\n<p><!-- \/wp:group --><\/p>\t\t\t\t\t\t<\/div>\n\t\t\t\t<\/div>\n\t\t\t\t\t<\/div>\n\t\t\t\t<\/div>\n\t\t\t\t<\/div>\n\t\t","protected":false},"excerpt":{"rendered":"<p>15 de Octubre Horario Ponente T\u00edtulo Descripci\u00f3n Registro 9:00 &#8211; 9:25 \u00a0 9:30 &#8211; 9:55 10:00 -10:25 Daniel Trujillo De mitos, tab\u00faes y otras realidades. Tiene como objetivo que las personas participantes comprendan la construcci\u00f3n social que categoriza al g\u00e9nero y c\u00f3mo eso determina el rol de la mujer y el hombre.\u00a0 Registro 10:30 &#8211; [&hellip;]<\/p>\n","protected":false},"author":4,"featured_media":0,"parent":0,"menu_order":0,"comment_status":"closed","ping_status":"closed","template":"","meta":{"_monsterinsights_skip_tracking":false,"_monsterinsights_sitenote_active":false,"_monsterinsights_sitenote_note":"","_monsterinsights_sitenote_category":0,"footnotes":""},"class_list":["post-1833","page","type-page","status-publish","hentry"],"_links":{"self":[{"href":"https:\/\/recreaacademy.jalisco.gob.mx\/2024\/wp-json\/wp\/v2\/pages\/1833"}],"collection":[{"href":"https:\/\/recreaacademy.jalisco.gob.mx\/2024\/wp-json\/wp\/v2\/pages"}],"about":[{"href":"https:\/\/recreaacademy.jalisco.gob.mx\/2024\/wp-json\/wp\/v2\/types\/page"}],"author":[{"embeddable":true,"href":"https:\/\/recreaacademy.jalisco.gob.mx\/2024\/wp-json\/wp\/v2\/users\/4"}],"replies":[{"embeddable":true,"href":"https:\/\/recreaacademy.jalisco.gob.mx\/2024\/wp-json\/wp\/v2\/comments?post=1833"}],"version-history":[{"count":31,"href":"https:\/\/recreaacademy.jalisco.gob.mx\/2024\/wp-json\/wp\/v2\/pages\/1833\/revisions"}],"predecessor-version":[{"id":2550,"href":"https:\/\/recreaacademy.jalisco.gob.mx\/2024\/wp-json\/wp\/v2\/pages\/1833\/revisions\/2550"}],"wp:attachment":[{"href":"https:\/\/recreaacademy.jalisco.gob.mx\/2024\/wp-json\/wp\/v2\/media?parent=1833"}],"curies":[{"name":"wp","href":"https:\/\/api.w.org\/{rel}","templated":true}]}}