{"id":1836,"date":"2024-10-13T19:57:24","date_gmt":"2024-10-14T01:57:24","guid":{"rendered":"https:\/\/recreaacademy.jalisco.gob.mx\/2024\/?page_id=1836"},"modified":"2024-10-14T17:24:59","modified_gmt":"2024-10-14T23:24:59","slug":"workshop-calidad-de-los-aprendizajes","status":"publish","type":"page","link":"https:\/\/recreaacademy.jalisco.gob.mx\/2024\/workshop-calidad-de-los-aprendizajes\/","title":{"rendered":"WORKSHOP Calidad de los aprendizajes"},"content":{"rendered":"\t\t<div data-elementor-type=\"wp-page\" data-elementor-id=\"1836\" class=\"elementor elementor-1836\">\n\t\t\t\t<div class=\"elementor-element elementor-element-424a4966 e-flex e-con-boxed e-con e-parent\" data-id=\"424a4966\" data-element_type=\"container\">\n\t\t\t\t\t<div class=\"e-con-inner\">\n\t\t\t\t<div class=\"elementor-element elementor-element-18b77fa elementor-widget elementor-widget-heading\" data-id=\"18b77fa\" data-element_type=\"widget\" data-widget_type=\"heading.default\">\n\t\t\t\t<div class=\"elementor-widget-container\">\n\t\t\t<h2 class=\"elementor-heading-title elementor-size-default\">15 de Octubre<\/h2>\t\t<\/div>\n\t\t\t\t<\/div>\n\t\t\t\t<div class=\"elementor-element elementor-element-38fc8654 elementor-widget elementor-widget-text-editor\" data-id=\"38fc8654\" data-element_type=\"widget\" data-widget_type=\"text-editor.default\">\n\t\t\t\t<div class=\"elementor-widget-container\">\n\t\t\t\t\t\t\t<!-- wp:group {\"layout\":{\"type\":\"constrained\"}} -->\n<div class=\"wp-block-group\"><!-- wp:columns -->\n<div class=\"wp-block-columns\"><!-- wp:column {\"width\":\"100%\"} -->\n<div class=\"wp-block-column\" style=\"flex-basis: 100%;\"><!-- wp:html -->\n<figure class=\"wp-block-table\">\n<table class=\"has-fixed-layout has-base-2-color\" style=\"white-space: pre-wrap; word-break: break-word;\">\n<thead>\n<tr style=\"background-color: #9f89e5;\">\n<th style=\"background-color: #6552a0;\" scope=\"col\">Horario<\/th>\n<th scope=\"col\">Ponente<\/th>\n<th scope=\"col\">T\u00edtulo<\/th>\n<th scope=\"col\">Descripci\u00f3n<\/th>\n<th scope=\"col\">Registro<\/th>\n<\/tr>\n<\/thead>\n<tbody>\n<tr style=\"background-color: #9f89e5;\">\n<th style=\"background-color: #6552a0;\" scope=\"row\">9:00 &#8211; 9:25<\/th>\n<td class=\"has-text-align-center\" colspan=\"4\" rowspan=\"2\">\u00a0<\/td>\n<\/tr>\n<tr style=\"background-color: #9f89e5;\">\n<th style=\"background-color: #6552a0;\" scope=\"row\">9:30 &#8211; 9:55<\/th>\n<\/tr>\n<tr style=\"background-color: #9f89e5;\">\n<th style=\"background-color: #6552a0;\" scope=\"row\">10:00 -10:25<\/th>\n<td rowspan=\"2\">Dante Francisco Gonz\u00e1lez Prado e Irma Margarita Zepeda Mu\u00f1\u00f3z<\/td>\n<td rowspan=\"2\">SOS, \u00bfc\u00f3mo planear clases de ingl\u00e9s y no morir en el intento?<\/td>\n<td rowspan=\"2\">\u00bfHas tenido que luchar incansablemente con tu computadora, rompi\u00e9ndote la cabeza para buscar nuevas actividades que llevar a cabo con tus estudiantes? Nosotros tambi\u00e9n, pero a lo largo de nuestra experiencia encontramos herramientas, tips y estrategias que aligeraron y agilizaron el espacio de planear, convirtiendo una ciudad en llamas en un espacio creativo, flexible y estrat\u00e9gico para hacer de nuestra misi\u00f3n imposible, un objetivo alcanzable. \u00a1Ven a salvar a los teachers con nosotros! \u00a0<\/td>\n<td rowspan=\"2\"><a style=\"color: #FFFFFF;\" href=\"https:\/\/forms.gle\/thcoiGbNRLdxAkkz6\">Registro<\/a><\/td>\n<\/tr>\n<tr style=\"background-color: #9f89e5;\">\n<th style=\"background-color: #6552a0;\" scope=\"row\">10:30 &#8211; 10:55<\/th>\n<\/tr>\n<tr style=\"background-color: #9f89e5;\">\n<th style=\"background-color: #6552a0;\" scope=\"row\">11:00 &#8211; 11:25<\/th>\n<td rowspan=\"4\">Mirna Olivia V\u00e1zquez Quintero, Paola Guadalupe Sandoval Ram\u00edrez, Mar\u00eda Imelda Ram\u00edrez Vel\u00e1zquez, Andrea Mar\u00eda Torres Contreras, Eduardo Ponce Flores \u00a0<\/td>\n<td rowspan=\"4\">Historias que conectan: estrategias metodol\u00f3gicas que detonan el pensamiento cr\u00edtico. \u00a0<\/td>\n<td rowspan=\"4\">&#8220;En este taller, los docentes de Educaci\u00f3n B\u00e1sica descubrir\u00e1n c\u00f3mo aplicar estrategias pr\u00e1cticas basadas en la neurodid\u00e1ctica para estimular la curiosidad en el aula. A trav\u00e9s de cuatro pasos clave, aprender\u00e1n a favorecer la evoluci\u00f3n del aprendizaje y pensamiento cr\u00edtico, convirtiendo el conocimiento en \u00fatil y aplicable. Los participantes adquirir\u00e1n herramientas para crear un entorno de aprendizaje din\u00e1mico y efectivo, que permita a sus estudiantes desarrollar habilidades esenciales para el \u00e9xito acad\u00e9mico y personal.&#8221; \u00a0<\/td>\n<td rowspan=\"4\"><a style=\"color: #FFFFFF;\" href=\"https:\/\/forms.gle\/Yvg9nDxMhcdyagXe7\">Registro<\/a><\/td>\n<\/tr>\n<tr style=\"background-color: #9f89e5;\">\n<th style=\"background-color: #6552a0;\" scope=\"row\">11:30 &#8211; 11:55<\/th>\n<\/tr>\n<tr style=\"background-color: #9f89e5;\">\n<th style=\"background-color: #6552a0;\" scope=\"row\">12:00 &#8211; 12:25<\/th>\n<\/tr>\n<tr style=\"background-color: #9f89e5;\">\n<th style=\"background-color: #6552a0;\" scope=\"row\">12:30 &#8211; 12:55<\/th>\n<\/tr>\n<tr style=\"background-color: #9f89e5;\">\n<th style=\"background-color: #6552a0;\" scope=\"row\">13:00 &#8211; 13:25<\/th>\n<td rowspan=\"2\">Emmanuel Elizondo\u00a0<\/td>\n<td rowspan=\"2\">Los docentes frente al uso de la I.A.\u00a0<\/td>\n<td rowspan=\"2\">Introducir a los docentes en el concepto de Inteligencia Artificial (IA), permiti\u00e9ndoles comprender sus fundamentos antes de explorar c\u00f3mo pueden aplicar estas herramientas para transformar y personalizar su ense\u00f1anza. \u00a0<\/td>\n<td rowspan=\"2\"><a style=\"color: #FFFFFF;\" href=\"https:\/\/forms.gle\/rNnDwWyh1uPXLhum6\">Registro<\/a><\/td>\n<\/tr>\n<tr style=\"background-color: #9f89e5;\">\n<th style=\"background-color: #6552a0;\" scope=\"row\">13:30 &#8211; 13:55<\/th>\n<\/tr>\n<tr style=\"background-color: #9f89e5;\">\n<th style=\"background-color: #6552a0;\" scope=\"row\">14:00 &#8211; 14:25<\/th>\n<td rowspan=\"2\">Edgar Andr\u00e9s Aguilar Palos<\/td>\n<td rowspan=\"2\">El lenguaje no verbal en el aula \u00a0<\/td>\n<td rowspan=\"2\">En esta conferencia exploraremos c\u00f3mo los gestos, posturas y expresiones faciales influyen en el proceso de ense\u00f1anza y aprendizaje. Descubre c\u00f3mo interpretar y utilizar el lenguaje corporal para mejorar la conexi\u00f3n con los estudiantes, fomentar un ambiente positivo y aumentar la efectividad de tus clases. Ideal para docentes que buscan potenciar sus habilidades comunicativas.<\/td>\n<td rowspan=\"2\"><a style=\"color: #FFFFFF;\" href=\"https:\/\/forms.gle\/Low5E6y1bPjAMrvT7\">Registro<\/a><\/td>\n<\/tr>\n<tr style=\"background-color: #9f89e5;\">\n<th style=\"background-color: #6552a0;\" scope=\"row\">14:30 &#8211; 14:55<\/th>\n<\/tr>\n<tr style=\"background-color: #9f89e5;\">\n<th style=\"background-color: #6552a0;\" scope=\"row\">15:00 &#8211; 15:25<\/th>\n<td rowspan=\"2\">Veronica Elizabeth S\u00e1nchez\u00a0<\/td>\n<td rowspan=\"2\">Investigaci\u00f3n Educativa y Rob\u00f3tica en Secundaria \u00a0<\/td>\n<td rowspan=\"2\">Los participantes explorar\u00e1n estrategias efectivas para integrar la investigaci\u00f3n educativa en el aula a trav\u00e9s de proyectos de rob\u00f3tica, abordando los ejes fundamentales de la Nueva Escuela Mexicana. Adem\u00e1s, se les proporcionar\u00e1n herramientas pr\u00e1cticas y recursos para implementar estas metodolog\u00edas en sus propios contextos educativos.<\/td>\n<td rowspan=\"2\"><a style=\"color: #FFFFFF;\" href=\"https:\/\/forms.gle\/6vRzAKEFgRaMta7v9\">Registro<\/a><\/td>\n<\/tr>\n<tr style=\"background-color: #9f89e5;\">\n<th style=\"background-color: #6552a0;\" scope=\"row\">15:30 &#8211; 15:55<\/th>\n<\/tr>\n<tr style=\"background-color: #9f89e5;\">\n<th style=\"background-color: #6552a0;\" scope=\"row\">16:00 &#8211; 16:25<\/th>\n<td rowspan=\"2\">\u00a0<\/td>\n<td rowspan=\"2\">\u00a0<\/td>\n<td rowspan=\"2\">\u00a0<\/td>\n<td rowspan=\"2\">\u00a0<\/td>\n<\/tr>\n<tr style=\"background-color: #9f89e5;\">\n<th style=\"background-color: #6552a0;\" scope=\"row\">16:30 &#8211; 16:55<\/th>\n<\/tr>\n<tr style=\"background-color: #9f89e5;\">\n<th style=\"background-color: #6552a0;\" scope=\"row\">17:00 &#8211; 17:25<\/th>\n<td rowspan=\"3\">\u00a0<\/td>\n<td rowspan=\"3\">\u00a0<\/td>\n<td rowspan=\"3\">\u00a0<\/td>\n<td rowspan=\"3\">\u00a0<\/td>\n<\/tr>\n<tr style=\"background-color: #9f89e5;\">\n<th style=\"background-color: #6552a0;\" scope=\"row\">17:30 &#8211; 17:55<\/th>\n<\/tr>\n<tr style=\"background-color: #9f89e5;\">\n<th style=\"background-color: #6552a0;\" scope=\"row\">18:00 &#8211; 18:25<\/th>\n<\/tr>\n<tr style=\"background-color: #9f89e5;\">\n<th style=\"background-color: #6552a0;\" scope=\"row\">18:30 &#8211; 18:55<\/th>\n<td colspan=\"4\">\u00a0<\/td>\n<\/tr>\n<\/tbody>\n<\/table>\n<\/figure>\n<!-- \/wp:html --><\/div>\n<!-- \/wp:column --><\/div>\n<!-- \/wp:columns --><\/div>\n<!-- \/wp:group -->\t\t\t\t\t\t<\/div>\n\t\t\t\t<\/div>\n\t\t\t\t<div class=\"elementor-element elementor-element-0588e1c elementor-widget elementor-widget-heading\" data-id=\"0588e1c\" data-element_type=\"widget\" data-widget_type=\"heading.default\">\n\t\t\t\t<div class=\"elementor-widget-container\">\n\t\t\t<h2 class=\"elementor-heading-title elementor-size-default\">16 de Octubre<\/h2>\t\t<\/div>\n\t\t\t\t<\/div>\n\t\t\t\t<div class=\"elementor-element elementor-element-8472080 elementor-widget elementor-widget-text-editor\" data-id=\"8472080\" data-element_type=\"widget\" data-widget_type=\"text-editor.default\">\n\t\t\t\t<div class=\"elementor-widget-container\">\n\t\t\t\t\t\t\t<p>\u00a0<\/p>\n<!-- wp:group {\"layout\":{\"type\":\"constrained\"}} -->\n<div class=\"wp-block-group\"><!-- wp:columns -->\n<div class=\"wp-block-columns\"><!-- wp:column {\"width\":\"100%\"} -->\n<div class=\"wp-block-column\" style=\"flex-basis: 100%;\"><!-- wp:table -->\n<figure class=\"wp-block-table\">\n<table class=\"has-fixed-layout has-base-2-color\">\n<thead>\n<tr style=\"background-color: #9f89e5;\">\n<th style=\"background-color: #6552a0;\" scope=\"col\">Horario<\/th>\n<th scope=\"col\">Ponente<\/th>\n<th scope=\"col\">T\u00edtulo<\/th>\n<th scope=\"col\">Descripci\u00f3n<\/th>\n<th scope=\"col\">Registro<\/th>\n<\/tr>\n<\/thead>\n<tbody>\n<tr style=\"background-color: #9f89e5;\">\n<th style=\"background-color: #6552a0;\" scope=\"row\">9:00 &#8211; 9:25<\/th>\n<td rowspan=\"3\">Kevin Mauricio L\u00f3pez Meza<\/td>\n<td rowspan=\"3\">La innovaci\u00f3n digital para el aprendizaje de las matem\u00e1ticas \u00a0<\/td>\n<td rowspan=\"3\">El taller est\u00e1 dise\u00f1ado para motivar a los docentes en la integraci\u00f3n efectiva de herramientas tecnol\u00f3gicas en la ense\u00f1anza de las matem\u00e1ticas, potenciando la pr\u00e1ctica pedag\u00f3gica in situ con el uso de estrategias innovadoras. A lo largo de la sesi\u00f3n, se abordar\u00e1n diversas plataformas digitales y aplicaciones interactivas que permiten personalizar y dinamizar el aprendizaje. \u00a0<\/td>\n<td rowspan=\"3\"><a style=\"color: #ffffff;\" href=\"https:\/\/forms.gle\/1k9sDWt3QETrfKck6\">Registro<\/a><\/td>\n<\/tr>\n<tr>\n<th style=\"background-color: #6552a0;\" scope=\"row\">9:30 &#8211; 9:55<\/th>\n<\/tr>\n<tr style=\"background-color: #9f89e5;\">\n<th style=\"background-color: #6552a0;\" scope=\"row\">10:00 -10:25<\/th>\n<\/tr>\n<tr style=\"background-color: #9f89e5;\">\n<th style=\"background-color: #6552a0;\" scope=\"row\">10:30 &#8211; 10:55<\/th>\n<td rowspan=\"5\">Mar\u00eda Obdulia Gonz\u00e1lez Fern\u00e1ndez\u00a0<\/td>\n<td rowspan=\"5\">Inteligencia Artificial aplicada a la planeaci\u00f3n y el desarrollo de material did\u00e1ctico digital\u00a0<\/td>\n<td rowspan=\"5\">La IA generativa est\u00e1 revolucionando la educaci\u00f3n, por lo que los docentes deben de estar preparados para adaptarse a esta nueva realidad, al mismo tiempo de hacer uso efectivo de dichas herramientas. El taller tiene como objetivo dise\u00f1ar planeaciones did\u00e1cticas y material did\u00e1ctico bajo la metodolog\u00eda de proyectos integradores a partir de las herramientas de IA generativa. Ser\u00e1 una experiencia pr\u00e1ctica vivencial para que los participantes desarrollen su imaginaci\u00f3n en la creaci\u00f3n de planeaciones atractivas para los estudiantes.<\/td>\n<td rowspan=\"5\"><a style=\"color: #ffffff;\" href=\"https:\/\/forms.gle\/WRbwpe2v4wART7ot8\">Registro<\/a><\/td>\n<\/tr>\n<tr style=\"background-color: #9f89e5;\">\n<th style=\"background-color: #6552a0;\" scope=\"row\">11:00 &#8211; 11:25<\/th>\n<\/tr>\n<tr style=\"background-color: #9f89e5;\">\n<th style=\"background-color: #6552a0;\" scope=\"row\">11:30 &#8211; 11:55<\/th>\n<\/tr>\n<tr style=\"background-color: #9f89e5;\">\n<th style=\"background-color: #6552a0;\" scope=\"row\">12:00 &#8211; 12:25<\/th>\n<\/tr>\n<tr style=\"background-color: #9f89e5;\">\n<th style=\"background-color: #6552a0;\" scope=\"row\">12:30 &#8211; 12:55<\/th>\n<\/tr>\n<tr style=\"background-color: #9f89e5;\">\n<th style=\"background-color: #6552a0;\" scope=\"row\">13:00 &#8211; 13:25<\/th>\n<td rowspan=\"2\">Sim\u00f3n Duque<\/td>\n<td rowspan=\"2\">Gamificaci\u00f3n y Octalysis en el aula<\/td>\n<td rowspan=\"2\">Pon a prueba tus habilidades para aplicar conceptos base de gamificaci\u00f3n identificando los motivadores clave para una experiencia con la metodolog\u00eda Octalysis.<\/td>\n<td rowspan=\"2\"><a style=\"color: #ffffff;\" href=\"https:\/\/forms.gle\/g411RzceYqdoG8VR7\">Registro<\/a><\/td>\n<\/tr>\n<tr style=\"background-color: #9f89e5;\">\n<th style=\"background-color: #6552a0;\" scope=\"row\">13:30 &#8211; 13:55<\/th>\n<\/tr>\n<tr style=\"background-color: #9f89e5;\">\n<th style=\"background-color: #6552a0;\" scope=\"row\">14:00 &#8211; 14:25<\/th>\n<td rowspan=\"3\">Mart\u00edn Valdivia V\u00e1zquez, Vanessa Yolanda de la Mora Mu\u00f1oz<\/td>\n<td rowspan=\"3\">Evaluaci\u00f3n formativa y su implicaci\u00f3n en los proyectos integradores<\/td>\n<td rowspan=\"3\">Comprender e instrumentar conceptos y procesos de la evaluaci\u00f3n formativa, as\u00ed como las estrategias inmersas en ella, permitiendo reajustar y potencializar el proceso de ense\u00f1anza-aprendizaje. \u00a0<\/td>\n<td rowspan=\"3\"><a style=\"color: #ffffff;\" href=\"https:\/\/forms.gle\/KpRGY66c5f7DS2Np8\">Registro<\/a>\u00a0<\/td>\n<\/tr>\n<tr style=\"background-color: #9f89e5;\">\n<th style=\"background-color: #6552a0;\" scope=\"row\">14:30 &#8211; 14:55<\/th>\n<\/tr>\n<tr style=\"background-color: #9f89e5;\">\n<th style=\"background-color: #6552a0;\" scope=\"row\">15:00 &#8211; 15:25<\/th>\n<\/tr>\n<tr style=\"background-color: #9f89e5;\">\n<th style=\"background-color: #6552a0;\" scope=\"row\">15:30 &#8211; 15:55<\/th>\n<td>\u00a0<\/td>\n<td>\u00a0<\/td>\n<td>\u00a0<\/td>\n<td>\u00a0<\/td>\n<\/tr>\n<tr style=\"background-color: #9f89e5;\">\n<th style=\"background-color: #6552a0;\" scope=\"row\">16:00 &#8211; 16:25<\/th>\n<td rowspan=\"3\">\u00a0<\/td>\n<td rowspan=\"3\">\u00a0<\/td>\n<td rowspan=\"3\">\u00a0<\/td>\n<td rowspan=\"3\">\u00a0<\/td>\n<\/tr>\n<tr style=\"background-color: #9f89e5;\">\n<th style=\"background-color: #6552a0;\" scope=\"row\">16:30 &#8211; 16:55<\/th>\n<\/tr>\n<tr style=\"background-color: #9f89e5;\">\n<th style=\"background-color: #6552a0;\" scope=\"row\">17:00 &#8211; 17:25<\/th>\n<\/tr>\n<tr style=\"background-color: #9f89e5;\">\n<th style=\"background-color: #6552a0;\" scope=\"row\">17:30 &#8211; 17:55<\/th>\n<td>\u00a0<\/td>\n<td>\u00a0<\/td>\n<td>\u00a0<\/td>\n<td>\u00a0<\/td>\n<\/tr>\n<tr style=\"background-color: #9f89e5;\">\n<th style=\"background-color: #6552a0;\" scope=\"row\">18:00 &#8211; 18:25<\/th>\n<td>\u00a0<\/td>\n<td>\u00a0<\/td>\n<td>\u00a0<\/td>\n<td>\u00a0<\/td>\n<\/tr>\n<tr style=\"background-color: #9f89e5;\">\n<th style=\"background-color: #6552a0;\" scope=\"row\">18:30 &#8211; 18:55<\/th>\n<td>\u00a0<\/td>\n<td>\u00a0<\/td>\n<td>\u00a0<\/td>\n<td>\u00a0<\/td>\n<\/tr>\n<\/tbody>\n<\/table>\n<\/figure>\n<!-- \/wp:table --><\/div>\n<!-- \/wp:column --><\/div>\n<!-- \/wp:columns --><\/div>\n<!-- \/wp:group -->\t\t\t\t\t\t<\/div>\n\t\t\t\t<\/div>\n\t\t\t\t\t<\/div>\n\t\t\t\t<\/div>\n\t\t\t\t<\/div>\n\t\t","protected":false},"excerpt":{"rendered":"<p>15 de Octubre Horario Ponente T\u00edtulo Descripci\u00f3n Registro 9:00 &#8211; 9:25 \u00a0 9:30 &#8211; 9:55 10:00 -10:25 Dante Francisco Gonz\u00e1lez Prado e Irma Margarita Zepeda Mu\u00f1\u00f3z SOS, \u00bfc\u00f3mo planear clases de ingl\u00e9s y no morir en el intento? \u00bfHas tenido que luchar incansablemente con tu computadora, rompi\u00e9ndote la cabeza para buscar nuevas actividades que llevar [&hellip;]<\/p>\n","protected":false},"author":4,"featured_media":0,"parent":0,"menu_order":0,"comment_status":"closed","ping_status":"closed","template":"","meta":{"_monsterinsights_skip_tracking":false,"_monsterinsights_sitenote_active":false,"_monsterinsights_sitenote_note":"","_monsterinsights_sitenote_category":0,"footnotes":""},"class_list":["post-1836","page","type-page","status-publish","hentry"],"_links":{"self":[{"href":"https:\/\/recreaacademy.jalisco.gob.mx\/2024\/wp-json\/wp\/v2\/pages\/1836"}],"collection":[{"href":"https:\/\/recreaacademy.jalisco.gob.mx\/2024\/wp-json\/wp\/v2\/pages"}],"about":[{"href":"https:\/\/recreaacademy.jalisco.gob.mx\/2024\/wp-json\/wp\/v2\/types\/page"}],"author":[{"embeddable":true,"href":"https:\/\/recreaacademy.jalisco.gob.mx\/2024\/wp-json\/wp\/v2\/users\/4"}],"replies":[{"embeddable":true,"href":"https:\/\/recreaacademy.jalisco.gob.mx\/2024\/wp-json\/wp\/v2\/comments?post=1836"}],"version-history":[{"count":26,"href":"https:\/\/recreaacademy.jalisco.gob.mx\/2024\/wp-json\/wp\/v2\/pages\/1836\/revisions"}],"predecessor-version":[{"id":2300,"href":"https:\/\/recreaacademy.jalisco.gob.mx\/2024\/wp-json\/wp\/v2\/pages\/1836\/revisions\/2300"}],"wp:attachment":[{"href":"https:\/\/recreaacademy.jalisco.gob.mx\/2024\/wp-json\/wp\/v2\/media?parent=1836"}],"curies":[{"name":"wp","href":"https:\/\/api.w.org\/{rel}","templated":true}]}}