{"id":1842,"date":"2024-10-13T21:07:34","date_gmt":"2024-10-14T03:07:34","guid":{"rendered":"https:\/\/recreaacademy.jalisco.gob.mx\/2024\/?page_id=1842"},"modified":"2024-10-14T11:31:58","modified_gmt":"2024-10-14T17:31:58","slug":"workshop-socioemocional","status":"publish","type":"page","link":"https:\/\/recreaacademy.jalisco.gob.mx\/2024\/workshop-socioemocional\/","title":{"rendered":"WORKSHOP Socioemocional"},"content":{"rendered":"\t\t<div data-elementor-type=\"wp-page\" data-elementor-id=\"1842\" class=\"elementor elementor-1842\">\n\t\t\t\t<div class=\"elementor-element elementor-element-d8d15d2 e-flex e-con-boxed e-con e-parent\" data-id=\"d8d15d2\" data-element_type=\"container\">\n\t\t\t\t\t<div class=\"e-con-inner\">\n\t\t\t\t<div class=\"elementor-element elementor-element-baec772 elementor-widget elementor-widget-heading\" data-id=\"baec772\" data-element_type=\"widget\" data-widget_type=\"heading.default\">\n\t\t\t\t<div class=\"elementor-widget-container\">\n\t\t\t<h2 class=\"elementor-heading-title elementor-size-default\">16 de Octubre<\/h2>\t\t<\/div>\n\t\t\t\t<\/div>\n\t\t\t\t<div class=\"elementor-element elementor-element-dc210fc elementor-widget elementor-widget-text-editor\" data-id=\"dc210fc\" data-element_type=\"widget\" data-widget_type=\"text-editor.default\">\n\t\t\t\t<div class=\"elementor-widget-container\">\n\t\t\t\t\t\t\t<!-- wp:group {\"layout\":{\"type\":\"constrained\"}} -->\n<div class=\"wp-block-group\"><!-- wp:columns -->\n<div class=\"wp-block-columns\"><!-- wp:column {\"width\":\"100%\"} -->\n<div class=\"wp-block-column\" style=\"flex-basis: 100%;\"><!-- wp:table -->\n<figure class=\"wp-block-table\">\n<table class=\"has-fixed-layout has-base-2-color\" style=\"white-space: pre-wrap; word-break: break-word;\">\n<thead>\n<tr style=\"background-color: #9f89e5;\">\n<th style=\"background-color: #6552a0;\" scope=\"col\">Horario<\/th>\n<th scope=\"col\">Ponente<\/th>\n<th scope=\"col\">T\u00edtulo<\/th>\n<th scope=\"col\">Descripci\u00f3n<\/th>\n<th scope=\"col\">Registro<\/th>\n<\/tr>\n<\/thead>\n<tbody>\n<tr style=\"background-color: #9f89e5;\">\n<th style=\"background-color: #6552a0;\" scope=\"row\">9:00 &#8211; 9:25<\/th>\n<td rowspan=\"3\">\u00a0Florencia Brandoni<\/td>\n<td rowspan=\"3\">\u00a0Conversaciones de calidad para manejar conflictos<\/td>\n<td rowspan=\"3\">\u00a0La propuesta consiste en identificar los obst\u00e1culos m\u00e1s comunes de las conversaciones signadas por la competencia, la complejidad emocional, personal y comunicativa que se da cita en los conflictos interpersonales. El taller tiene como objetivo distinguir las din\u00e1micas de las conversaciones conflictuales en las que intervienen aspectos de contenidos, emocionales e identitarios; reconocer las brechas de las emociones silenciadas; y conocer la formulaci\u00f3n asertiva.<\/td>\n<td rowspan=\"3\"><a style=\"color: #ffffff;\" href=\"https:\/\/forms.gle\/61n5wv5emm1xYCie9\">Registro<\/a><\/td>\n<\/tr>\n<tr style=\"background-color: #9f89e5;\">\n<th style=\"background-color: #6552a0;\" scope=\"row\">9:30 &#8211; 9:55<\/th>\n<\/tr>\n<tr style=\"background-color: #9f89e5;\">\n<th style=\"background-color: #6552a0;\" scope=\"row\">10:00 -10:25<\/th>\n<\/tr>\n<tr style=\"background-color: #9f89e5;\">\n<th style=\"background-color: #6552a0;\" scope=\"row\">10:30 &#8211; 10:55<\/th>\n<td rowspan=\"3\">Sergio Oswaldo Rosas R\u00edos<\/td>\n<td rowspan=\"3\">Aprendiendo a identificar mis emociones<\/td>\n<td rowspan=\"3\">En este taller se busca identificar qu\u00e9 son las emociones, as\u00ed como vivenciar a trav\u00e9s de actividades pedag\u00f3gicas sencillas las 5 competencias emocionales propuestas por R. Bisquerra:\n1. Conciencia emocional,\n2. Regulaci\u00f3n emocional,\n3. Autonom\u00eda emocional,\n4. Competencia social y\n5. Habilidades para la vida y el bienestar. Generando con ello introspecci\u00f3n para favorecer a una adecuada inteligencia emocional.<\/td>\n<td rowspan=\"3\"><a style=\"color: #ffffff;\" href=\"https:\/\/forms.gle\/RSRzuPGtJGbEZS6c6\">Registro<\/a><\/td>\n<\/tr>\n<tr style=\"background-color: #9f89e5;\">\n<th style=\"background-color: #6552a0;\" scope=\"row\">11:00 &#8211; 11:25<\/th>\n<\/tr>\n<tr style=\"background-color: #9f89e5;\">\n<th style=\"background-color: #6552a0;\" scope=\"row\">11:30 &#8211; 11:55<\/th>\n<\/tr>\n<tr style=\"background-color: #9f89e5;\">\n<th style=\"background-color: #6552a0;\" scope=\"row\">12:00 &#8211; 12:25<\/th>\n<td rowspan=\"2\">Francisco Javier Rodr\u00edguez Guzm\u00e1n<\/td>\n<td rowspan=\"2\">\u00a0La resiliencia como pilar socioemocional<\/td>\n<td rowspan=\"2\">\u00a0Taller<\/td>\n<td rowspan=\"2\"><a style=\"color: #ffffff;\" href=\"https:\/\/forms.gle\/Xxrt9ZkKYyoU2svo9\">Registro<\/a><\/td>\n<\/tr>\n<tr style=\"background-color: #9f89e5;\">\n<th style=\"background-color: #6552a0;\" scope=\"row\">12:30 &#8211; 12:55<\/th>\n<\/tr>\n<tr style=\"background-color: #9f89e5;\">\n<th style=\"background-color: #6552a0;\" scope=\"row\">13:00 &#8211; 13:25<\/th>\n<td rowspan=\"2\">\u00a0Mar\u00eda Elvira de Luna Velasco<\/td>\n<td rowspan=\"2\">\u00a0Herramientas para el Bienestar F\u00edsico<\/td>\n<td rowspan=\"2\">\u00a0Este taller tiene como objetivo dotar a los docentes de herramientas pr\u00e1cticas para fomentar el bienestar f\u00edsico, personal y profesional, promoviendo entornos saludables y estilos equilibrados para la mejora de su calidad de vida.<\/td>\n<td rowspan=\"2\"><a style=\"color: #ffffff;\" href=\"https:\/\/forms.gle\/Q79dqXvijdovMuV66\">Registro<\/a><\/td>\n<\/tr>\n<tr style=\"background-color: #9f89e5;\">\n<th style=\"background-color: #6552a0;\" scope=\"row\">13:30 &#8211; 13:55<\/th>\n<\/tr>\n<tr style=\"background-color: #9f89e5;\">\n<th style=\"background-color: #6552a0;\" scope=\"row\">14:00 &#8211; 14:25<\/th>\n<td rowspan=\"2\">\u00a0Diego Ademir Garc\u00eda Ar\u00e9chiga<\/td>\n<td rowspan=\"2\">\u00a0El arte de estar presente<\/td>\n<td rowspan=\"2\">\u00a0El objetivo de este taller es desarrollar en los docentes habilidades de atenci\u00f3n plena y presencia consciente para mejorar la relaci\u00f3n educativa con los estudiantes, fortalecer el ambiente de aprendizaje y contribuir al bienestar emocional de la comunidad escolar. Se busca que los participantes adquieran estrategias que les permitan estar m\u00e1s conscientes de su entorno, de s\u00ed mismos y de los dem\u00e1s.<\/td>\n<td rowspan=\"2\">\u00a0<a style=\"color: #ffffff;\" href=\"https:\/\/forms.gle\/345zgW4nJ7v8XWVW9\">Registro<\/a><\/td>\n<\/tr>\n<tr style=\"background-color: #9f89e5;\">\n<th style=\"background-color: #6552a0;\" scope=\"row\">14:30 &#8211; 14:55<\/th>\n<\/tr>\n<tr style=\"background-color: #9f89e5;\">\n<th style=\"background-color: #6552a0;\" scope=\"row\">15:00 &#8211; 15:25<\/th>\n<td rowspan=\"2\">\u00a0Marco Antonio Cisneros Gonz\u00e1lez<\/td>\n<td rowspan=\"2\">\u00a0Emociones y neuroeducaci\u00f3n<\/td>\n<td rowspan=\"2\">\u00a0Desde una \u00f3ptica de aproximaci\u00f3n cient\u00edfica al aprendizaje y la ense\u00f1anza, comprendemos y reflexionamos sobre el papel de las emociones en plano did\u00e1ctico, planteando estrategias que nos gu\u00eden a la integraci\u00f3n, gesti\u00f3n, facilitaci\u00f3n y conducci\u00f3n al logro de los prop\u00f3sitos de aprendizaje. \u00bfC\u00f3mo participan las emociones en los sistemas de memoria?<\/td>\n<td rowspan=\"2\"><a style=\"color: #ffffff;\" href=\"https:\/\/forms.gle\/bbrsTEiqHyiSLFM48\">Registro<\/a><\/td>\n<\/tr>\n<tr style=\"background-color: #9f89e5;\">\n<th style=\"background-color: #6552a0;\" scope=\"row\">15:30 &#8211; 15:55<\/th>\n<\/tr>\n<tr style=\"background-color: #9f89e5;\">\n<th style=\"background-color: #6552a0;\" scope=\"row\">16:00 &#8211; 16:25<\/th>\n<td rowspan=\"2\">Fabiola Patricia Torres J\u00edmenez<\/td>\n<td rowspan=\"2\">Desde el Coraz\u00f3n del Aula: Sembrar Bienestar para el Docente<\/td>\n<td rowspan=\"2\">Este taller te invita a un viaje hacia el coraz\u00f3n de tu pr\u00e1ctica educativa, donde descubrir\u00e1s c\u00f3mo cultivar el bienestar para florecer tanto a nivel personal como profesional. A trav\u00e9s de herramientas pr\u00e1cticas y din\u00e1micas grupales, exploraremos las m\u00faltiples dimensiones del bienestar docente y dise\u00f1aremos un plan personalizado para transformar tu d\u00eda a d\u00eda en el aula. \u00a1Sum\u00e9rgete en una experiencia enriquecedora que te permitir\u00e1 potenciar tu impacto en la vida de tus estudiantes!<\/td>\n<td rowspan=\"2\"><a style=\"color: #ffffff;\" href=\"https:\/\/forms.gle\/BB2QX4aDoNzWxMwL8\">Registro<\/a><\/td>\n<\/tr>\n<tr style=\"background-color: #9f89e5;\">\n<th style=\"background-color: #6552a0;\" scope=\"row\">16:30 &#8211; 16:55<\/th>\n<\/tr>\n<tr style=\"background-color: #9f89e5;\">\n<th style=\"background-color: #6552a0;\" scope=\"row\">17:00 &#8211; 17:25<\/th>\n<td rowspan=\"2\">Karla Karina Ram\u00edrez Gonz\u00e1lez<\/td>\n<td rowspan=\"2\">El poder de la posibilidad, reconstruy\u00e9ndome<\/td>\n<td rowspan=\"2\">El equilibrio entre la autoaceptaci\u00f3n, autoconfianza, autocr\u00edtica, sentirse valorados y la capacidad para influir positivamente en los contextos, contribuye a un bienestar emocional y favorece la capacidad para enfrentar desaf\u00edos, toma de decisiones y manejo en nuestras relaciones.<\/td>\n<td rowspan=\"2\"><a style=\"color: #ffffff;\" href=\"https:\/\/forms.gle\/cZvDp8rz4Ze2pqea8\">Registro<\/a><\/td>\n<\/tr>\n<tr style=\"background-color: #9f89e5;\">\n<th style=\"background-color: #6552a0;\" scope=\"row\">17:30 &#8211; 17:55<\/th>\n<\/tr>\n<tr style=\"background-color: #9f89e5;\">\n<th style=\"background-color: #6552a0;\" scope=\"row\">18:00 &#8211; 18:25<\/th>\n<td colspan=\"4\"><\/td>\n<\/tr>\n<tr style=\"background-color: #9f89e5;\">\n<th style=\"background-color: #6552a0;\" scope=\"row\">18:30 &#8211; 18:55<\/th>\n<td colspan=\"4\"><\/td>\n<\/tr>\n<\/tbody>\n<\/table>\n<\/figure>\n<\/div>\n<\/div>\n<\/div>\t\t\t\t\t\t<\/div>\n\t\t\t\t<\/div>\n\t\t\t\t\t<\/div>\n\t\t\t\t<\/div>\n\t\t\t\t<\/div>\n\t\t","protected":false},"excerpt":{"rendered":"<p>Horario Ponente T\u00edtulo Descripci\u00f3n Registro 9:00 &#8211; 9:25 \u00a0Florencia Brandoni \u00a0Conversaciones de calidad para manejar conflictos \u00a0La propuesta consiste en identificar los obst\u00e1culos m\u00e1s comunes de las conversaciones signadas por la competencia, la complejidad emocional, personal y comunicativa que se da cita en los conflictos interpersonales. El taller tiene como objetivo distinguir las din\u00e1micas de [&hellip;]<\/p>\n","protected":false},"author":4,"featured_media":0,"parent":0,"menu_order":0,"comment_status":"closed","ping_status":"closed","template":"","meta":{"_monsterinsights_skip_tracking":false,"_monsterinsights_sitenote_active":false,"_monsterinsights_sitenote_note":"","_monsterinsights_sitenote_category":0,"footnotes":""},"class_list":["post-1842","page","type-page","status-publish","hentry"],"_links":{"self":[{"href":"https:\/\/recreaacademy.jalisco.gob.mx\/2024\/wp-json\/wp\/v2\/pages\/1842"}],"collection":[{"href":"https:\/\/recreaacademy.jalisco.gob.mx\/2024\/wp-json\/wp\/v2\/pages"}],"about":[{"href":"https:\/\/recreaacademy.jalisco.gob.mx\/2024\/wp-json\/wp\/v2\/types\/page"}],"author":[{"embeddable":true,"href":"https:\/\/recreaacademy.jalisco.gob.mx\/2024\/wp-json\/wp\/v2\/users\/4"}],"replies":[{"embeddable":true,"href":"https:\/\/recreaacademy.jalisco.gob.mx\/2024\/wp-json\/wp\/v2\/comments?post=1842"}],"version-history":[{"count":17,"href":"https:\/\/recreaacademy.jalisco.gob.mx\/2024\/wp-json\/wp\/v2\/pages\/1842\/revisions"}],"predecessor-version":[{"id":2179,"href":"https:\/\/recreaacademy.jalisco.gob.mx\/2024\/wp-json\/wp\/v2\/pages\/1842\/revisions\/2179"}],"wp:attachment":[{"href":"https:\/\/recreaacademy.jalisco.gob.mx\/2024\/wp-json\/wp\/v2\/media?parent=1842"}],"curies":[{"name":"wp","href":"https:\/\/api.w.org\/{rel}","templated":true}]}}