{"id":2279,"date":"2024-10-14T15:37:56","date_gmt":"2024-10-14T21:37:56","guid":{"rendered":"https:\/\/recreaacademy.jalisco.gob.mx\/2024\/?page_id=2279"},"modified":"2024-10-14T15:54:22","modified_gmt":"2024-10-14T21:54:22","slug":"caja-de-herramientas","status":"publish","type":"page","link":"https:\/\/recreaacademy.jalisco.gob.mx\/2024\/caja-de-herramientas\/","title":{"rendered":"Caja de herramientas"},"content":{"rendered":"\t\t<div data-elementor-type=\"wp-page\" data-elementor-id=\"2279\" class=\"elementor elementor-2279\">\n\t\t\t\t<div class=\"elementor-element elementor-element-cc7065d e-flex e-con-boxed e-con e-parent\" data-id=\"cc7065d\" data-element_type=\"container\">\n\t\t\t\t\t<div class=\"e-con-inner\">\n\t\t\t\t<div class=\"elementor-element elementor-element-0ac2899 elementor-widget elementor-widget-text-editor\" data-id=\"0ac2899\" data-element_type=\"widget\" data-widget_type=\"text-editor.default\">\n\t\t\t\t<div class=\"elementor-widget-container\">\n\t\t\t\t\t\t\t<h3><a href=\"https:\/\/recreaacademy.jalisco.gob.mx\/2024\/wp-content\/uploads\/INSTRUCCIONES-DE-USO-Mi-Caja-de-Herramientas-para-el-Bienestar-Docente.pdf\">Instrucciones de uso de mi caja de herramientas<\/a><\/h3><h3><a href=\"https:\/\/recreaacademy.jalisco.gob.mx\/2024\/wp-content\/uploads\/FICHA-1-DIMENSION-PERSONAL.pdf\" target=\"_blank\" rel=\"noopener\">1. Ficha dimensi\u00f3n personal<\/a><\/h3><h3><a href=\"https:\/\/recreaacademy.jalisco.gob.mx\/2024\/wp-content\/uploads\/FICHA-2-DIMENSION-INSTITUCIONAL.pdf\" target=\"_blank\" rel=\"noopener\">2. Ficha dimensi\u00f3n institucional<\/a><\/h3><h3><a href=\"https:\/\/recreaacademy.jalisco.gob.mx\/2024\/wp-content\/uploads\/FICHA-3-DIMENSION-INTERPERSONAL.pdf\" target=\"_blank\" rel=\"noopener\">3. Ficha dimensi\u00f3n interpersonal<\/a><\/h3><h3><a href=\"https:\/\/recreaacademy.jalisco.gob.mx\/2024\/wp-content\/uploads\/FICHA-4-DIMENSION-SOCIAL.pdf\" target=\"_blank\" rel=\"noopener\">4. Ficha dimensi\u00f3n social<\/a><\/h3><h3><a href=\"https:\/\/recreaacademy.jalisco.gob.mx\/2024\/wp-content\/uploads\/FICHA-5-DIMENSION-DIDACTICA.pdf\" target=\"_blank\" rel=\"noopener\">5. Ficha dimensi\u00f3n did\u00e1ctica<\/a><\/h3><h3><a href=\"https:\/\/recreaacademy.jalisco.gob.mx\/2024\/wp-content\/uploads\/FICHA-6-DIMENSION-VALORAL.pdf\" target=\"_blank\" rel=\"noopener\">6. Ficha dimensi\u00f3n valoral<\/a><\/h3>\t\t\t\t\t\t<\/div>\n\t\t\t\t<\/div>\n\t\t\t\t\t<\/div>\n\t\t\t\t<\/div>\n\t\t\t\t<\/div>\n\t\t","protected":false},"excerpt":{"rendered":"<p>Instrucciones de uso de mi caja de herramientas 1. Ficha dimensi\u00f3n personal 2. Ficha dimensi\u00f3n institucional 3. Ficha dimensi\u00f3n interpersonal 4. Ficha dimensi\u00f3n social 5. Ficha dimensi\u00f3n did\u00e1ctica 6. Ficha dimensi\u00f3n valoral<\/p>\n","protected":false},"author":4,"featured_media":0,"parent":0,"menu_order":0,"comment_status":"closed","ping_status":"closed","template":"","meta":{"_monsterinsights_skip_tracking":false,"_monsterinsights_sitenote_active":false,"_monsterinsights_sitenote_note":"","_monsterinsights_sitenote_category":0,"footnotes":""},"class_list":["post-2279","page","type-page","status-publish","hentry"],"_links":{"self":[{"href":"https:\/\/recreaacademy.jalisco.gob.mx\/2024\/wp-json\/wp\/v2\/pages\/2279"}],"collection":[{"href":"https:\/\/recreaacademy.jalisco.gob.mx\/2024\/wp-json\/wp\/v2\/pages"}],"about":[{"href":"https:\/\/recreaacademy.jalisco.gob.mx\/2024\/wp-json\/wp\/v2\/types\/page"}],"author":[{"embeddable":true,"href":"https:\/\/recreaacademy.jalisco.gob.mx\/2024\/wp-json\/wp\/v2\/users\/4"}],"replies":[{"embeddable":true,"href":"https:\/\/recreaacademy.jalisco.gob.mx\/2024\/wp-json\/wp\/v2\/comments?post=2279"}],"version-history":[{"count":7,"href":"https:\/\/recreaacademy.jalisco.gob.mx\/2024\/wp-json\/wp\/v2\/pages\/2279\/revisions"}],"predecessor-version":[{"id":2293,"href":"https:\/\/recreaacademy.jalisco.gob.mx\/2024\/wp-json\/wp\/v2\/pages\/2279\/revisions\/2293"}],"wp:attachment":[{"href":"https:\/\/recreaacademy.jalisco.gob.mx\/2024\/wp-json\/wp\/v2\/media?parent=2279"}],"curies":[{"name":"wp","href":"https:\/\/api.w.org\/{rel}","templated":true}]}}