{"id":669,"date":"2024-10-01T23:17:16","date_gmt":"2024-10-02T05:17:16","guid":{"rendered":"https:\/\/recreaacademy.jalisco.gob.mx\/2024\/?page_id=669"},"modified":"2024-10-14T17:56:37","modified_gmt":"2024-10-14T23:56:37","slug":"escuchometros","status":"publish","type":"page","link":"https:\/\/recreaacademy.jalisco.gob.mx\/2024\/escuchometros\/","title":{"rendered":"Escuch\u00f3metros"},"content":{"rendered":"\n<section class=\"wp-block-group alignfull hero simple has-base-2-color has-custom-primary-02-background-color has-text-color has-background has-link-color wp-elements-ba5f5f01a6cdee78247c33837a420cb4 has-global-padding is-layout-constrained wp-block-group-is-layout-constrained\">\n<div class=\"wp-block-group alignwide ra_grid_container is-layout-flow wp-block-group-is-layout-flow\">\n<div class=\"wp-block-group hero__info is-layout-flow wp-block-group-is-layout-flow\">\n<h6 class=\"wp-block-heading has-custom-primary-01-color has-text-color has-link-color wp-elements-4b0a2ec0f740f6364767b12576b21e03\">Escuchometros<\/h6>\n\n\n\n<h1 class=\"wp-block-heading has-custom-primary-01-color has-text-color has-link-color wp-elements-33bcb97e1f17495850dd8a8ceba4543a\" style=\"padding-top:16px\">Sabemos que el ser docente es una labor exigente que requiere de mucho compromiso y dedicaci\u00f3n.<\/h1>\n\n\n\n<p>Por eso, te presentamos los Escuch\u00f3metros, un espacio seguro y confidencial donde podr\u00e1s expresar tus emociones, compartir tus experiencias, resolver tus dudas y conectar con otros docentes.<\/p>\n\n\n\n<div class=\"wp-block-buttons is-layout-flex wp-block-buttons-is-layout-flex\">\n<div class=\"wp-block-button is-style-fill\"><a class=\"wp-block-button__link wp-element-button\" href=\"#rueda_docente\">Rueda de vida docente<\/a><\/div>\n\n\n\n<div class=\"wp-block-button is-style-fill\"><a class=\"wp-block-button__link wp-element-button\" href=\"https:\/\/bit.ly\/3Y0FnGR\" target=\"_blank\" rel=\"noreferrer noopener\">Escuch\u00f3metros<\/a><\/div>\n\n\n\n<div class=\"wp-block-button is-style-fill\"><a class=\"wp-block-button__link wp-element-button\" href=\"https:\/\/recreaacademy.jalisco.gob.mx\/2024\/caja-de-herramientas\/\" target=\"_blank\" rel=\"noreferrer noopener\">Caja de herramientas<\/a><\/div>\n<\/div>\n<\/div>\n\n\n\n<div class=\"wp-block-group hero__image is-layout-flow wp-block-group-is-layout-flow\">\n<figure class=\"wp-block-image aligncenter size-full\"><img fetchpriority=\"high\" decoding=\"async\" width=\"240\" height=\"242\" src=\"https:\/\/recreaacademy.jalisco.gob.mx\/2024\/wp-content\/uploads\/lineas_tematicas_reinventa.svg\" alt=\"\" class=\"wp-image-70\" style=\"aspect-ratio:1;object-fit:cover\"\/><\/figure>\n<\/div>\n<\/div>\n<\/section>\n\n\n\n<section class=\"wp-block-group alignfull has-base-2-background-color has-background has-global-padding is-layout-constrained wp-container-core-group-is-layout-10 wp-block-group-is-layout-constrained\">\n<div class=\"wp-block-group alignwide ra_grid_container is-layout-flow wp-block-group-is-layout-flow\" id=\"rueda_docente\">\n<div class=\"wp-block-group ra_Block01__image is-layout-flow wp-block-group-is-layout-flow\">\n<figure class=\"wp-block-image aligncenter size-full\"><img decoding=\"async\" width=\"1280\" height=\"852\" src=\"https:\/\/recreaacademy.jalisco.gob.mx\/2024\/wp-content\/uploads\/Docentes.jpeg\" alt=\"\" class=\"wp-image-672\" style=\"aspect-ratio:16\/9;object-fit:cover\" srcset=\"https:\/\/recreaacademy.jalisco.gob.mx\/2024\/wp-content\/uploads\/Docentes.jpeg 1280w, https:\/\/recreaacademy.jalisco.gob.mx\/2024\/wp-content\/uploads\/Docentes-300x200.jpeg 300w, https:\/\/recreaacademy.jalisco.gob.mx\/2024\/wp-content\/uploads\/Docentes-1024x682.jpeg 1024w, https:\/\/recreaacademy.jalisco.gob.mx\/2024\/wp-content\/uploads\/Docentes-768x511.jpeg 768w\" sizes=\"(max-width: 1280px) 100vw, 1280px\" \/><\/figure>\n<\/div>\n\n\n\n<div class=\"wp-block-group ra_Block01__info is-layout-flow wp-block-group-is-layout-flow\">\n<h6 class=\"wp-block-heading section__name has-custom-primary-02-color has-text-color has-link-color wp-elements-7fe9e44f4159702c6156a44dd582414b\">Herramienta de Escuchometros<\/h6>\n\n\n\n<h2 class=\"wp-block-heading section__title has-custom-primary-01-color has-text-color has-link-color wp-elements-696b1de46f3cc71a9abd12ab3e615de3\">Rueda de vida docente<\/h2>\n\n\n\n<p class=\"has-custom-primary-03-color has-text-color has-link-color wp-elements-8bb35eb24816148001715a98420a9e6b\">Este instrumento, llamado \u201cRueda de vida docente\u201d, es un ejercicio que te permite ver, de manera gr\u00e1fica, las \u00e1reas en las que tienes oportunidades de crecimiento para sentir m\u00e1s balance y plenitud en tu desempe\u00f1o como docente.<\/p>\n\n\n\n<div class=\"wp-block-buttons ra_hidden_element is-layout-flex wp-block-buttons-is-layout-flex\">\n<div class=\"wp-block-button\"><a class=\"wp-block-button__link wp-element-button\" href=\"https:\/\/maps.app.goo.gl\/vEMYMK7m7jwM1rr69\" target=\"_blank\" rel=\"noreferrer noopener\">\u00bfC\u00f3mo llegar?<\/a><\/div>\n\n\n\n<div class=\"wp-block-button is-style-outline is-style-outline--025492c997d94e2abf9e057d89319cb9\"><a class=\"wp-block-button__link wp-element-button\" href=\"https:\/\/www.conjuntosantander.com\/\">M\u00e1s informaci\u00f3n<\/a><\/div>\n<\/div>\n<\/div>\n<\/div>\n\n\n\n<div class=\"wp-block-group alignwide ra_Block01__info is-layout-flow wp-container-core-group-is-layout-8 wp-block-group-is-layout-flow\">\n<h3 class=\"wp-block-heading section__title has-custom-primary-01-color has-text-color has-link-color wp-elements-5721bddba7b8e2cc6df1fe08d0bb1458\">La rueda est\u00e1 dividida en diferentes \u00e1reas:<\/h3>\n\n\n\n<p>La primera parte de este ejercicio consiste en identificar la manera en que has estado invirtiendo tu energ\u00eda (imaginaci\u00f3n, pensamientos, emociones, palabras, h\u00e1bitos y tiempo) hasta este momento en cada \u00e1rea y qu\u00e9 tan satisfecho est\u00e1s en cada una de ellas.<\/p>\n\n\n\n<p>La segunda parte consiste en elegir en qu\u00e9 \u00e1rea del \u00e1mbito escolar te gustar\u00eda desarrollar o crear algo nuevo e&nbsp; inimaginable, para ser agente de transformaci\u00f3n de tu propia pr\u00e1ctica educativa.&nbsp;<\/p>\n<\/div>\n\n\n\n<div class=\"wp-block-group alignwide ra_Block01__info is-layout-flow wp-container-core-group-is-layout-9 wp-block-group-is-layout-flow\">\n<h3 class=\"wp-block-heading has-custom-primary-02-color has-text-color has-link-color wp-elements-f5fca4d7b3454db2482a42fa46f37205\">Instrucciones<\/h3>\n\n\n\n<ol style=\"line-height:2\" class=\"wp-block-list\">\n<li>Encuentra un lugar libre de distracciones, toma una inhalaci\u00f3n profunda y lenta por la nariz y ahora exhala lentamente por la nariz. Esto te permitir\u00e1 mantenerte concentrado en el momento presente antes de iniciar este ejercicio. No hay respuestas buenas ni malas, la informaci\u00f3n que obtengas la podr\u00e1s utilizar, si as\u00ed lo deseas, como retroalimentaci\u00f3n para seguir enriqueciendo tu pr\u00e1ctica profesional y el ambiente del aula.<\/li>\n\n\n\n<li>Utiliza una escala del 1 al 10, en donde el 10 se encuentra al borde de la rueda y significa totalmente satisfecho en esa \u00e1rea y 1 se encuentra en el centro de la rueda, y significa totalmente insatisfecho.<\/li>\n\n\n\n<li>Coloca un punto en el n\u00famero que refleja tu nivel de satisfacci\u00f3n con respecto a cada dimensi\u00f3n docente.<\/li>\n\n\n\n<li>Repite este paso en cada dimensi\u00f3n.<\/li>\n\n\n\n<li>Une los puntos y observa la figura que se forma.<\/li>\n\n\n\n<li>Observa qu\u00e9 \u00e1rea o \u00e1reas te brindan la mayor satisfacci\u00f3n y en qu\u00e9 otras tienes oportunidades de crecimiento y evoluci\u00f3n.<\/li>\n<\/ol>\n\n\n\n<p>En la rueda de vida docente, todas las \u00e1reas est\u00e1n interconectadas, eso significa que en el momento que desees hacer un cambio en una de las \u00e1reas utilizando los recursos y herramientas que te presentaremos, de manera autom\u00e1tica e indirecta, este tambi\u00e9n brindar\u00e1 transformaci\u00f3n y balance en otras \u00e1reas escolares.<\/p>\n<\/div>\n<\/section>\n\n\n\n<section class=\"wp-block-group alignfull ra_cta_blue has-base-2-color has-custom-secondary-04-background-color has-text-color has-background has-link-color wp-elements-330bebc98d634a3e6d380e12d6c7d248 has-global-padding is-layout-constrained wp-block-group-is-layout-constrained\">\n<div class=\"wp-block-group alignwide ra_grid_container is-layout-flow wp-block-group-is-layout-flow\">\n<div class=\"wp-block-group ra_cta__image is-layout-flow wp-block-group-is-layout-flow\">\n<figure class=\"wp-block-image aligncenter size-full\"><img decoding=\"async\" width=\"432\" height=\"107\" src=\"https:\/\/recreaacademy.jalisco.gob.mx\/2024\/wp-content\/uploads\/logo_RecreaChallenge24.svg\" alt=\"\" class=\"wp-image-88\"\/><\/figure>\n<\/div>\n\n\n\n<div class=\"wp-block-group ra_cta__info is-layout-flow wp-block-group-is-layout-flow\">\n<h2 class=\"wp-block-heading section__title has-custom-primary-01-color has-text-color has-link-color wp-elements-a3ecc18963b7989b0ac9a51217762ab5\"><\/h2>\n\n\n\n<p class=\"has-custom-primary-01-color has-text-color has-link-color has-medium-font-size wp-elements-28f10cff58f0d27825c7e04398212747\"><\/p>\n\n\n\n<p>Recrea Challenge, una competencia que busca impulsar la consolidaci\u00f3n de las comunidades de aprendizaje desde un di\u00e1logo, innovaci\u00f3n y mejora de las pr\u00e1cticas docentes.<\/p>\n<\/div>\n<\/div>\n<\/section>\n","protected":false},"excerpt":{"rendered":"<p>Escuchometros Sabemos que el ser docente es una labor exigente que requiere de mucho compromiso y dedicaci\u00f3n. Por eso, te presentamos los Escuch\u00f3metros, un espacio seguro y confidencial donde podr\u00e1s expresar tus emociones, compartir tus experiencias, resolver tus dudas y conectar con otros docentes. Herramienta de Escuchometros Rueda de vida docente Este instrumento, llamado \u201cRueda [&hellip;]<\/p>\n","protected":false},"author":2,"featured_media":0,"parent":0,"menu_order":0,"comment_status":"closed","ping_status":"closed","template":"page-no-title","meta":{"_monsterinsights_skip_tracking":false,"_monsterinsights_sitenote_active":false,"_monsterinsights_sitenote_note":"","_monsterinsights_sitenote_category":0,"footnotes":""},"class_list":["post-669","page","type-page","status-publish","hentry"],"_links":{"self":[{"href":"https:\/\/recreaacademy.jalisco.gob.mx\/2024\/wp-json\/wp\/v2\/pages\/669"}],"collection":[{"href":"https:\/\/recreaacademy.jalisco.gob.mx\/2024\/wp-json\/wp\/v2\/pages"}],"about":[{"href":"https:\/\/recreaacademy.jalisco.gob.mx\/2024\/wp-json\/wp\/v2\/types\/page"}],"author":[{"embeddable":true,"href":"https:\/\/recreaacademy.jalisco.gob.mx\/2024\/wp-json\/wp\/v2\/users\/2"}],"replies":[{"embeddable":true,"href":"https:\/\/recreaacademy.jalisco.gob.mx\/2024\/wp-json\/wp\/v2\/comments?post=669"}],"version-history":[{"count":21,"href":"https:\/\/recreaacademy.jalisco.gob.mx\/2024\/wp-json\/wp\/v2\/pages\/669\/revisions"}],"predecessor-version":[{"id":2305,"href":"https:\/\/recreaacademy.jalisco.gob.mx\/2024\/wp-json\/wp\/v2\/pages\/669\/revisions\/2305"}],"wp:attachment":[{"href":"https:\/\/recreaacademy.jalisco.gob.mx\/2024\/wp-json\/wp\/v2\/media?parent=669"}],"curies":[{"name":"wp","href":"https:\/\/api.w.org\/{rel}","templated":true}]}}